{"id":1031,"date":"2022-03-01T09:40:17","date_gmt":"2022-03-01T08:40:17","guid":{"rendered":"http:\/\/www.archives.nat.tn\/?page_id=1031"},"modified":"2023-05-19T10:59:24","modified_gmt":"2023-05-19T09:59:24","slug":"la-numerisation-des-documents-darchives","status":"publish","type":"page","link":"https:\/\/www.archives.nat.tn\/fr\/la-numerisation-des-documents-darchives\/","title":{"rendered":"Num\u00e9risation des documents d\u2019archives"},"content":{"rendered":"\n<p>Les Archives Nationales disposent d\u2019un atelier de num\u00e9risation des documents, o\u00f9 on reproduit les archives-papier sous des formes et sur des supports num\u00e9riques. Cette m\u00e9thode permet de pr\u00e9server les documents, en fournissant des copies \u00e0 consulter \u00e0 la place des originaux, \u00e9vitant ainsi les dommages dus \u00e0 une utilisation excessive<\/p>\n\n\n\n<p>Les fonds num\u00e9ris\u00e9s jusqu&#8217;\u00e0 pr\u00e9sent, sont les suivants:<\/p>\n\n\n\n<h4 class=\"wp-block-heading\"><strong>Fonds Archivistiques&nbsp;:<\/strong><\/h4>\n\n\n\n<div class=\"wp-block-group\"><div class=\"wp-block-group__inner-container is-layout-flow wp-block-group-is-layout-flow\">\n<div class=\"wp-block-columns is-layout-flex wp-container-core-columns-is-layout-9d6595d7 wp-block-columns-is-layout-flex\">\n<div class=\"wp-block-column is-vertically-aligned-center is-layout-flow wp-block-column-is-layout-flow\" style=\"flex-basis:100%\">\n<figure class=\"wp-block-table alignwide is-style-stripes\"><table><tbody><tr><td class=\"has-text-align-left\" data-align=\"left\"><strong>S\u00e9rie<\/strong><\/td><td><strong>Nombre de dossiers<\/strong><\/td><td class=\"has-text-align-left\" data-align=\"left\"><strong>Nombre de poses<\/strong><\/td><\/tr><tr><td class=\"has-text-align-left\" data-align=\"left\">A<\/td><td>1513<\/td><td class=\"has-text-align-left\" data-align=\"left\">144659<\/td><\/tr><tr><td class=\"has-text-align-left\" data-align=\"left\">E<\/td><td>4468<\/td><td class=\"has-text-align-left\" data-align=\"left\">60860<\/td><\/tr><tr><td class=\"has-text-align-left\" data-align=\"left\">RN<\/td><td>671<\/td><td class=\"has-text-align-left\" data-align=\"left\">96123<\/td><\/tr><\/tbody><\/table><\/figure>\n\n\n\n<p><\/p>\n\n\n\n<h4 class=\"wp-block-heading\"><strong>Num\u00e9risation des microfilms&nbsp;:<\/strong><\/h4>\n\n\n\n<figure class=\"wp-block-table alignleft is-style-stripes\"><table><tbody><tr><td><strong>S\u00e9rie<\/strong><\/td><td><strong>Nombre de dossiers<\/strong><\/td><td><\/td><td><strong>Dates<\/strong><\/td><\/tr><tr><td>S\u00e9rie&nbsp;historique&nbsp;: H<\/td><td><\/td><td><\/td><td><strong>1582-1881<\/strong><\/td><\/tr><\/tbody><\/table><\/figure>\n<\/div>\n<\/div>\n<\/div><\/div>\n","protected":false},"excerpt":{"rendered":"<p>Les Archives Nationales disposent d\u2019un atelier de num\u00e9risation des documents, o\u00f9 on reproduit les archives-papier sous des formes et sur des supports num\u00e9riques. Cette m\u00e9thode permet de pr\u00e9server les documents, en fournissant des copies \u00e0 consulter \u00e0 la place des originaux, \u00e9vitant ainsi les dommages dus \u00e0 une utilisation excessive Les fonds num\u00e9ris\u00e9s jusqu&#8217;\u00e0 pr\u00e9sent, [&hellip;]<\/p>\n","protected":false},"author":1,"featured_media":0,"parent":0,"menu_order":0,"comment_status":"closed","ping_status":"closed","template":"","meta":{"_monsterinsights_skip_tracking":false,"_monsterinsights_sitenote_active":false,"_monsterinsights_sitenote_note":"","_monsterinsights_sitenote_category":0,"footnotes":""},"class_list":["post-1031","page","type-page","status-publish","hentry"],"yoast_head":"<!-- This site is optimized with the Yoast SEO plugin v26.0 - https:\/\/yoast.com\/wordpress\/plugins\/seo\/ -->\n<title>Num\u00e9risation des documents d\u2019archives - Archives Nationales de Tunisie<\/title>\n<meta name=\"robots\" content=\"index, follow, max-snippet:-1, max-image-preview:large, max-video-preview:-1\" \/>\n<link rel=\"canonical\" href=\"https:\/\/www.archives.nat.tn\/fr\/la-numerisation-des-documents-darchives\/\" \/>\n<meta property=\"og:locale\" content=\"fr_FR\" \/>\n<meta property=\"og:type\" content=\"article\" \/>\n<meta property=\"og:title\" content=\"Num\u00e9risation des documents d\u2019archives - Archives Nationales de Tunisie\" \/>\n<meta property=\"og:description\" content=\"Les Archives Nationales disposent d\u2019un atelier de num\u00e9risation des documents, o\u00f9 on reproduit les archives-papier sous des formes et sur des supports num\u00e9riques. Cette m\u00e9thode permet de pr\u00e9server les documents, en fournissant des copies \u00e0 consulter \u00e0 la place des originaux, \u00e9vitant ainsi les dommages dus \u00e0 une utilisation excessive Les fonds num\u00e9ris\u00e9s jusqu&#8217;\u00e0 pr\u00e9sent, [&hellip;]\" \/>\n<meta property=\"og:url\" content=\"https:\/\/www.archives.nat.tn\/fr\/la-numerisation-des-documents-darchives\/\" \/>\n<meta property=\"og:site_name\" content=\"Archives Nationales de Tunisie\" \/>\n<meta property=\"article:modified_time\" content=\"2023-05-19T09:59:24+00:00\" \/>\n<meta name=\"twitter:card\" content=\"summary_large_image\" \/>\n<meta name=\"twitter:label1\" content=\"Dur\u00e9e de lecture estim\u00e9e\" \/>\n\t<meta name=\"twitter:data1\" content=\"1 minute\" \/>\n<script type=\"application\/ld+json\" class=\"yoast-schema-graph\">{\"@context\":\"https:\/\/schema.org\",\"@graph\":[{\"@type\":\"WebPage\",\"@id\":\"https:\/\/www.archives.nat.tn\/fr\/la-numerisation-des-documents-darchives\/\",\"url\":\"https:\/\/www.archives.nat.tn\/fr\/la-numerisation-des-documents-darchives\/\",\"name\":\"Num\u00e9risation des documents d\u2019archives - Archives Nationales de Tunisie\",\"isPartOf\":{\"@id\":\"https:\/\/www.archives.nat.tn\/fr\/#website\"},\"datePublished\":\"2022-03-01T08:40:17+00:00\",\"dateModified\":\"2023-05-19T09:59:24+00:00\",\"breadcrumb\":{\"@id\":\"https:\/\/www.archives.nat.tn\/fr\/la-numerisation-des-documents-darchives\/#breadcrumb\"},\"inLanguage\":\"fr-FR\",\"potentialAction\":[{\"@type\":\"ReadAction\",\"target\":[\"https:\/\/www.archives.nat.tn\/fr\/la-numerisation-des-documents-darchives\/\"]}]},{\"@type\":\"BreadcrumbList\",\"@id\":\"https:\/\/www.archives.nat.tn\/fr\/la-numerisation-des-documents-darchives\/#breadcrumb\",\"itemListElement\":[{\"@type\":\"ListItem\",\"position\":1,\"name\":\"Accueil\",\"item\":\"https:\/\/www.archives.nat.tn\/fr\/\"},{\"@type\":\"ListItem\",\"position\":2,\"name\":\"Num\u00e9risation des documents d\u2019archives\"}]},{\"@type\":\"WebSite\",\"@id\":\"https:\/\/www.archives.nat.tn\/fr\/#website\",\"url\":\"https:\/\/www.archives.nat.tn\/fr\/\",\"name\":\"Archives Nationales de Tunisie\",\"description\":\"\",\"publisher\":{\"@id\":\"https:\/\/www.archives.nat.tn\/fr\/#organization\"},\"potentialAction\":[{\"@type\":\"SearchAction\",\"target\":{\"@type\":\"EntryPoint\",\"urlTemplate\":\"https:\/\/www.archives.nat.tn\/fr\/?s={search_term_string}\"},\"query-input\":{\"@type\":\"PropertyValueSpecification\",\"valueRequired\":true,\"valueName\":\"search_term_string\"}}],\"inLanguage\":\"fr-FR\"},{\"@type\":\"Organization\",\"@id\":\"https:\/\/www.archives.nat.tn\/fr\/#organization\",\"name\":\"Les Archives Nationales de Tunisie\",\"url\":\"https:\/\/www.archives.nat.tn\/fr\/\",\"logo\":{\"@type\":\"ImageObject\",\"inLanguage\":\"fr-FR\",\"@id\":\"https:\/\/www.archives.nat.tn\/fr\/#\/schema\/logo\/image\/\",\"url\":\"http:\/\/www.archives.nat.tn\/wp-content\/uploads\/2022\/07\/logo-ant.png\",\"contentUrl\":\"http:\/\/www.archives.nat.tn\/wp-content\/uploads\/2022\/07\/logo-ant.png\",\"width\":1719,\"height\":1239,\"caption\":\"Les Archives Nationales de Tunisie\"},\"image\":{\"@id\":\"https:\/\/www.archives.nat.tn\/fr\/#\/schema\/logo\/image\/\"}}]}<\/script>\n<!-- \/ Yoast SEO plugin. -->","yoast_head_json":{"title":"Num\u00e9risation des documents d\u2019archives - Archives Nationales de Tunisie","robots":{"index":"index","follow":"follow","max-snippet":"max-snippet:-1","max-image-preview":"max-image-preview:large","max-video-preview":"max-video-preview:-1"},"canonical":"https:\/\/www.archives.nat.tn\/fr\/la-numerisation-des-documents-darchives\/","og_locale":"fr_FR","og_type":"article","og_title":"Num\u00e9risation des documents d\u2019archives - Archives Nationales de Tunisie","og_description":"Les Archives Nationales disposent d\u2019un atelier de num\u00e9risation des documents, o\u00f9 on reproduit les archives-papier sous des formes et sur des supports num\u00e9riques. Cette m\u00e9thode permet de pr\u00e9server les documents, en fournissant des copies \u00e0 consulter \u00e0 la place des originaux, \u00e9vitant ainsi les dommages dus \u00e0 une utilisation excessive Les fonds num\u00e9ris\u00e9s jusqu&#8217;\u00e0 pr\u00e9sent, [&hellip;]","og_url":"https:\/\/www.archives.nat.tn\/fr\/la-numerisation-des-documents-darchives\/","og_site_name":"Archives Nationales de Tunisie","article_modified_time":"2023-05-19T09:59:24+00:00","twitter_card":"summary_large_image","twitter_misc":{"Dur\u00e9e de lecture estim\u00e9e":"1 minute"},"schema":{"@context":"https:\/\/schema.org","@graph":[{"@type":"WebPage","@id":"https:\/\/www.archives.nat.tn\/fr\/la-numerisation-des-documents-darchives\/","url":"https:\/\/www.archives.nat.tn\/fr\/la-numerisation-des-documents-darchives\/","name":"Num\u00e9risation des documents d\u2019archives - Archives Nationales de Tunisie","isPartOf":{"@id":"https:\/\/www.archives.nat.tn\/fr\/#website"},"datePublished":"2022-03-01T08:40:17+00:00","dateModified":"2023-05-19T09:59:24+00:00","breadcrumb":{"@id":"https:\/\/www.archives.nat.tn\/fr\/la-numerisation-des-documents-darchives\/#breadcrumb"},"inLanguage":"fr-FR","potentialAction":[{"@type":"ReadAction","target":["https:\/\/www.archives.nat.tn\/fr\/la-numerisation-des-documents-darchives\/"]}]},{"@type":"BreadcrumbList","@id":"https:\/\/www.archives.nat.tn\/fr\/la-numerisation-des-documents-darchives\/#breadcrumb","itemListElement":[{"@type":"ListItem","position":1,"name":"Accueil","item":"https:\/\/www.archives.nat.tn\/fr\/"},{"@type":"ListItem","position":2,"name":"Num\u00e9risation des documents d\u2019archives"}]},{"@type":"WebSite","@id":"https:\/\/www.archives.nat.tn\/fr\/#website","url":"https:\/\/www.archives.nat.tn\/fr\/","name":"Archives Nationales de Tunisie","description":"","publisher":{"@id":"https:\/\/www.archives.nat.tn\/fr\/#organization"},"potentialAction":[{"@type":"SearchAction","target":{"@type":"EntryPoint","urlTemplate":"https:\/\/www.archives.nat.tn\/fr\/?s={search_term_string}"},"query-input":{"@type":"PropertyValueSpecification","valueRequired":true,"valueName":"search_term_string"}}],"inLanguage":"fr-FR"},{"@type":"Organization","@id":"https:\/\/www.archives.nat.tn\/fr\/#organization","name":"Les Archives Nationales de Tunisie","url":"https:\/\/www.archives.nat.tn\/fr\/","logo":{"@type":"ImageObject","inLanguage":"fr-FR","@id":"https:\/\/www.archives.nat.tn\/fr\/#\/schema\/logo\/image\/","url":"http:\/\/www.archives.nat.tn\/wp-content\/uploads\/2022\/07\/logo-ant.png","contentUrl":"http:\/\/www.archives.nat.tn\/wp-content\/uploads\/2022\/07\/logo-ant.png","width":1719,"height":1239,"caption":"Les Archives Nationales de Tunisie"},"image":{"@id":"https:\/\/www.archives.nat.tn\/fr\/#\/schema\/logo\/image\/"}}]}},"_links":{"self":[{"href":"https:\/\/www.archives.nat.tn\/fr\/wp-json\/wp\/v2\/pages\/1031","targetHints":{"allow":["GET"]}}],"collection":[{"href":"https:\/\/www.archives.nat.tn\/fr\/wp-json\/wp\/v2\/pages"}],"about":[{"href":"https:\/\/www.archives.nat.tn\/fr\/wp-json\/wp\/v2\/types\/page"}],"author":[{"embeddable":true,"href":"https:\/\/www.archives.nat.tn\/fr\/wp-json\/wp\/v2\/users\/1"}],"replies":[{"embeddable":true,"href":"https:\/\/www.archives.nat.tn\/fr\/wp-json\/wp\/v2\/comments?post=1031"}],"version-history":[{"count":8,"href":"https:\/\/www.archives.nat.tn\/fr\/wp-json\/wp\/v2\/pages\/1031\/revisions"}],"predecessor-version":[{"id":2699,"href":"https:\/\/www.archives.nat.tn\/fr\/wp-json\/wp\/v2\/pages\/1031\/revisions\/2699"}],"wp:attachment":[{"href":"https:\/\/www.archives.nat.tn\/fr\/wp-json\/wp\/v2\/media?parent=1031"}],"curies":[{"name":"wp","href":"https:\/\/api.w.org\/{rel}","templated":true}]}}