{"id":1035,"date":"2022-03-01T09:49:44","date_gmt":"2022-03-01T08:49:44","guid":{"rendered":"http:\/\/www.archives.nat.tn\/?page_id=1035"},"modified":"2022-09-16T13:52:36","modified_gmt":"2022-09-16T12:52:36","slug":"controle-des-conditions-de-conservation-des-archives","status":"publish","type":"page","link":"https:\/\/www.archives.nat.tn\/fr\/controle-des-conditions-de-conservation-des-archives\/","title":{"rendered":"Contr\u00f4le des conditions de conservation des archives"},"content":{"rendered":"\n<p>Les magasins am\u00e9nag\u00e9s pour la conservation des archives interm\u00e9diaires sont soumis \u00e0 des normes et standards internationales visant \u00e0 assurer les bonnes conditions de conservation des documents, et leur s\u00e9curit\u00e9. Ces normes concernent l\u2019am\u00e9nagement des espaces, la temp\u00e9rature, l&#8217;humidit\u00e9, les syst\u00e8mes d&#8217;alarmes contre les incendies, les syst\u00e8mes de surveillance, etc. Afin de respecter ces normes et standards, chaque local destin\u00e9 \u00e0 la conservation des archives doit \u00eatre soumis \u00e0 l\u2019avis des Archives Nationales.<\/p>\n","protected":false},"excerpt":{"rendered":"<p>Les magasins am\u00e9nag\u00e9s pour la conservation des archives interm\u00e9diaires sont soumis \u00e0 des normes et standards internationales visant \u00e0 assurer les bonnes conditions de conservation des documents, et leur s\u00e9curit\u00e9. Ces normes concernent l\u2019am\u00e9nagement des espaces, la temp\u00e9rature, l&#8217;humidit\u00e9, les syst\u00e8mes d&#8217;alarmes contre les incendies, les syst\u00e8mes de surveillance, etc. Afin de respecter ces normes [&hellip;]<\/p>\n","protected":false},"author":1,"featured_media":0,"parent":0,"menu_order":0,"comment_status":"closed","ping_status":"closed","template":"","meta":{"_monsterinsights_skip_tracking":false,"_monsterinsights_sitenote_active":false,"_monsterinsights_sitenote_note":"","_monsterinsights_sitenote_category":0,"footnotes":""},"class_list":["post-1035","page","type-page","status-publish","hentry"],"yoast_head":"<!-- This site is optimized with the Yoast SEO plugin v26.0 - https:\/\/yoast.com\/wordpress\/plugins\/seo\/ -->\n<title>Contr\u00f4le des conditions de conservation des archives - Archives Nationales de Tunisie<\/title>\n<meta name=\"robots\" content=\"index, follow, max-snippet:-1, max-image-preview:large, max-video-preview:-1\" \/>\n<link rel=\"canonical\" href=\"https:\/\/www.archives.nat.tn\/fr\/controle-des-conditions-de-conservation-des-archives\/\" \/>\n<meta property=\"og:locale\" content=\"fr_FR\" \/>\n<meta property=\"og:type\" content=\"article\" \/>\n<meta property=\"og:title\" content=\"Contr\u00f4le des conditions de conservation des archives - Archives Nationales de Tunisie\" \/>\n<meta property=\"og:description\" content=\"Les magasins am\u00e9nag\u00e9s pour la conservation des archives interm\u00e9diaires sont soumis \u00e0 des normes et standards internationales visant \u00e0 assurer les bonnes conditions de conservation des documents, et leur s\u00e9curit\u00e9. Ces normes concernent l\u2019am\u00e9nagement des espaces, la temp\u00e9rature, l&#8217;humidit\u00e9, les syst\u00e8mes d&#8217;alarmes contre les incendies, les syst\u00e8mes de surveillance, etc. Afin de respecter ces normes [&hellip;]\" \/>\n<meta property=\"og:url\" content=\"https:\/\/www.archives.nat.tn\/fr\/controle-des-conditions-de-conservation-des-archives\/\" \/>\n<meta property=\"og:site_name\" content=\"Archives Nationales de Tunisie\" \/>\n<meta property=\"article:modified_time\" content=\"2022-09-16T12:52:36+00:00\" \/>\n<meta name=\"twitter:card\" content=\"summary_large_image\" \/>\n<meta name=\"twitter:label1\" content=\"Dur\u00e9e de lecture estim\u00e9e\" \/>\n\t<meta name=\"twitter:data1\" content=\"1 minute\" \/>\n<script type=\"application\/ld+json\" class=\"yoast-schema-graph\">{\"@context\":\"https:\/\/schema.org\",\"@graph\":[{\"@type\":\"WebPage\",\"@id\":\"https:\/\/www.archives.nat.tn\/fr\/controle-des-conditions-de-conservation-des-archives\/\",\"url\":\"https:\/\/www.archives.nat.tn\/fr\/controle-des-conditions-de-conservation-des-archives\/\",\"name\":\"Contr\u00f4le des conditions de conservation des archives - Archives Nationales de Tunisie\",\"isPartOf\":{\"@id\":\"https:\/\/www.archives.nat.tn\/fr\/#website\"},\"datePublished\":\"2022-03-01T08:49:44+00:00\",\"dateModified\":\"2022-09-16T12:52:36+00:00\",\"breadcrumb\":{\"@id\":\"https:\/\/www.archives.nat.tn\/fr\/controle-des-conditions-de-conservation-des-archives\/#breadcrumb\"},\"inLanguage\":\"fr-FR\",\"potentialAction\":[{\"@type\":\"ReadAction\",\"target\":[\"https:\/\/www.archives.nat.tn\/fr\/controle-des-conditions-de-conservation-des-archives\/\"]}]},{\"@type\":\"BreadcrumbList\",\"@id\":\"https:\/\/www.archives.nat.tn\/fr\/controle-des-conditions-de-conservation-des-archives\/#breadcrumb\",\"itemListElement\":[{\"@type\":\"ListItem\",\"position\":1,\"name\":\"Accueil\",\"item\":\"https:\/\/www.archives.nat.tn\/fr\/\"},{\"@type\":\"ListItem\",\"position\":2,\"name\":\"Contr\u00f4le des conditions de conservation des archives\"}]},{\"@type\":\"WebSite\",\"@id\":\"https:\/\/www.archives.nat.tn\/fr\/#website\",\"url\":\"https:\/\/www.archives.nat.tn\/fr\/\",\"name\":\"Archives Nationales de Tunisie\",\"description\":\"\",\"publisher\":{\"@id\":\"https:\/\/www.archives.nat.tn\/fr\/#organization\"},\"potentialAction\":[{\"@type\":\"SearchAction\",\"target\":{\"@type\":\"EntryPoint\",\"urlTemplate\":\"https:\/\/www.archives.nat.tn\/fr\/?s={search_term_string}\"},\"query-input\":{\"@type\":\"PropertyValueSpecification\",\"valueRequired\":true,\"valueName\":\"search_term_string\"}}],\"inLanguage\":\"fr-FR\"},{\"@type\":\"Organization\",\"@id\":\"https:\/\/www.archives.nat.tn\/fr\/#organization\",\"name\":\"Les Archives Nationales de Tunisie\",\"url\":\"https:\/\/www.archives.nat.tn\/fr\/\",\"logo\":{\"@type\":\"ImageObject\",\"inLanguage\":\"fr-FR\",\"@id\":\"https:\/\/www.archives.nat.tn\/fr\/#\/schema\/logo\/image\/\",\"url\":\"http:\/\/www.archives.nat.tn\/wp-content\/uploads\/2022\/07\/logo-ant.png\",\"contentUrl\":\"http:\/\/www.archives.nat.tn\/wp-content\/uploads\/2022\/07\/logo-ant.png\",\"width\":1719,\"height\":1239,\"caption\":\"Les Archives Nationales de Tunisie\"},\"image\":{\"@id\":\"https:\/\/www.archives.nat.tn\/fr\/#\/schema\/logo\/image\/\"}}]}<\/script>\n<!-- \/ Yoast SEO plugin. -->","yoast_head_json":{"title":"Contr\u00f4le des conditions de conservation des archives - Archives Nationales de Tunisie","robots":{"index":"index","follow":"follow","max-snippet":"max-snippet:-1","max-image-preview":"max-image-preview:large","max-video-preview":"max-video-preview:-1"},"canonical":"https:\/\/www.archives.nat.tn\/fr\/controle-des-conditions-de-conservation-des-archives\/","og_locale":"fr_FR","og_type":"article","og_title":"Contr\u00f4le des conditions de conservation des archives - Archives Nationales de Tunisie","og_description":"Les magasins am\u00e9nag\u00e9s pour la conservation des archives interm\u00e9diaires sont soumis \u00e0 des normes et standards internationales visant \u00e0 assurer les bonnes conditions de conservation des documents, et leur s\u00e9curit\u00e9. Ces normes concernent l\u2019am\u00e9nagement des espaces, la temp\u00e9rature, l&#8217;humidit\u00e9, les syst\u00e8mes d&#8217;alarmes contre les incendies, les syst\u00e8mes de surveillance, etc. Afin de respecter ces normes [&hellip;]","og_url":"https:\/\/www.archives.nat.tn\/fr\/controle-des-conditions-de-conservation-des-archives\/","og_site_name":"Archives Nationales de Tunisie","article_modified_time":"2022-09-16T12:52:36+00:00","twitter_card":"summary_large_image","twitter_misc":{"Dur\u00e9e de lecture estim\u00e9e":"1 minute"},"schema":{"@context":"https:\/\/schema.org","@graph":[{"@type":"WebPage","@id":"https:\/\/www.archives.nat.tn\/fr\/controle-des-conditions-de-conservation-des-archives\/","url":"https:\/\/www.archives.nat.tn\/fr\/controle-des-conditions-de-conservation-des-archives\/","name":"Contr\u00f4le des conditions de conservation des archives - Archives Nationales de Tunisie","isPartOf":{"@id":"https:\/\/www.archives.nat.tn\/fr\/#website"},"datePublished":"2022-03-01T08:49:44+00:00","dateModified":"2022-09-16T12:52:36+00:00","breadcrumb":{"@id":"https:\/\/www.archives.nat.tn\/fr\/controle-des-conditions-de-conservation-des-archives\/#breadcrumb"},"inLanguage":"fr-FR","potentialAction":[{"@type":"ReadAction","target":["https:\/\/www.archives.nat.tn\/fr\/controle-des-conditions-de-conservation-des-archives\/"]}]},{"@type":"BreadcrumbList","@id":"https:\/\/www.archives.nat.tn\/fr\/controle-des-conditions-de-conservation-des-archives\/#breadcrumb","itemListElement":[{"@type":"ListItem","position":1,"name":"Accueil","item":"https:\/\/www.archives.nat.tn\/fr\/"},{"@type":"ListItem","position":2,"name":"Contr\u00f4le des conditions de conservation des archives"}]},{"@type":"WebSite","@id":"https:\/\/www.archives.nat.tn\/fr\/#website","url":"https:\/\/www.archives.nat.tn\/fr\/","name":"Archives Nationales de Tunisie","description":"","publisher":{"@id":"https:\/\/www.archives.nat.tn\/fr\/#organization"},"potentialAction":[{"@type":"SearchAction","target":{"@type":"EntryPoint","urlTemplate":"https:\/\/www.archives.nat.tn\/fr\/?s={search_term_string}"},"query-input":{"@type":"PropertyValueSpecification","valueRequired":true,"valueName":"search_term_string"}}],"inLanguage":"fr-FR"},{"@type":"Organization","@id":"https:\/\/www.archives.nat.tn\/fr\/#organization","name":"Les Archives Nationales de Tunisie","url":"https:\/\/www.archives.nat.tn\/fr\/","logo":{"@type":"ImageObject","inLanguage":"fr-FR","@id":"https:\/\/www.archives.nat.tn\/fr\/#\/schema\/logo\/image\/","url":"http:\/\/www.archives.nat.tn\/wp-content\/uploads\/2022\/07\/logo-ant.png","contentUrl":"http:\/\/www.archives.nat.tn\/wp-content\/uploads\/2022\/07\/logo-ant.png","width":1719,"height":1239,"caption":"Les Archives Nationales de Tunisie"},"image":{"@id":"https:\/\/www.archives.nat.tn\/fr\/#\/schema\/logo\/image\/"}}]}},"_links":{"self":[{"href":"https:\/\/www.archives.nat.tn\/fr\/wp-json\/wp\/v2\/pages\/1035","targetHints":{"allow":["GET"]}}],"collection":[{"href":"https:\/\/www.archives.nat.tn\/fr\/wp-json\/wp\/v2\/pages"}],"about":[{"href":"https:\/\/www.archives.nat.tn\/fr\/wp-json\/wp\/v2\/types\/page"}],"author":[{"embeddable":true,"href":"https:\/\/www.archives.nat.tn\/fr\/wp-json\/wp\/v2\/users\/1"}],"replies":[{"embeddable":true,"href":"https:\/\/www.archives.nat.tn\/fr\/wp-json\/wp\/v2\/comments?post=1035"}],"version-history":[{"count":2,"href":"https:\/\/www.archives.nat.tn\/fr\/wp-json\/wp\/v2\/pages\/1035\/revisions"}],"predecessor-version":[{"id":2236,"href":"https:\/\/www.archives.nat.tn\/fr\/wp-json\/wp\/v2\/pages\/1035\/revisions\/2236"}],"wp:attachment":[{"href":"https:\/\/www.archives.nat.tn\/fr\/wp-json\/wp\/v2\/media?parent=1035"}],"curies":[{"name":"wp","href":"https:\/\/api.w.org\/{rel}","templated":true}]}}