{"id":1037,"date":"2022-03-01T09:53:02","date_gmt":"2022-03-01T08:53:02","guid":{"rendered":"http:\/\/www.archives.nat.tn\/?page_id=1037"},"modified":"2023-05-19T11:20:08","modified_gmt":"2023-05-19T10:20:08","slug":"demande-de-copies-de-documents","status":"publish","type":"page","link":"https:\/\/www.archives.nat.tn\/fr\/demande-de-copies-de-documents\/","title":{"rendered":"Demande de copies de documents"},"content":{"rendered":"<h5>D\u00e9livrance de copies et de copies conformes de documents et d\u2019extraits de documents d\u2019archives :<\/h5>\n<p><strong>D\u00e9livrance de copies et d\u2019extraits de documents d\u2019archives :<\/strong><\/p>\n<p>Conform\u00e9ment aux dispositions de l\u2019article 20 de la loi sur les archives, toute personne autoris\u00e9e \u00e0 consulter des archives publiques peut en faire \u00e9tablir \u00e0 ses frais des reproductions, des copies, ou des extraits sans pr\u00e9judice de l\u2019application des dispositions de la<strong> loi n\u00b066-12 du 14 f\u00e9vrier 1966<\/strong> relative \u00e0 la propri\u00e9t\u00e9 litt\u00e9raire et artistique.<\/p>\n<p><strong>D\u00e9livrance de copies conformes de documents et d\u2019extraits de documents d\u2019archives :<\/strong><\/p>\n<p>Les Archives Nationales de Tunisie sont habilit\u00e9es \u00e0 d\u00e9livrer des copies et des extraits des archives qu\u2019elles conservent, dans les limites fix\u00e9es par les articles 15 et 16 de la loi 88-95 du 2 aout 2021. L\u2019authentification de ces copies et de ces extraits, est effectu\u00e9e par le Directeur g\u00e9n\u00e9ral des Archives Nationales de Tunisie.<\/p>\n<p>Les copies et les extraits de documents d\u2019archives d\u00fbment authentifi\u00e9es, ont la m\u00eame valeur juridique que leurs originaux, et sont recevables comme moyens de preuve devant toutes les juridictions et les instances concern\u00e9es.<\/p>\n","protected":false},"excerpt":{"rendered":"<p>D\u00e9livrance de copies et de copies conformes de documents et d\u2019extraits de documents d\u2019archives : D\u00e9livrance de copies et d\u2019extraits de documents d\u2019archives : Conform\u00e9ment aux dispositions de l\u2019article 20 de la loi sur les archives, toute personne autoris\u00e9e \u00e0 consulter des archives publiques peut en faire \u00e9tablir \u00e0 ses frais des reproductions, des copies, [&hellip;]<\/p>\n","protected":false},"author":1,"featured_media":0,"parent":0,"menu_order":0,"comment_status":"closed","ping_status":"closed","template":"","meta":{"_monsterinsights_skip_tracking":false,"_monsterinsights_sitenote_active":false,"_monsterinsights_sitenote_note":"","_monsterinsights_sitenote_category":0,"footnotes":""},"class_list":["post-1037","page","type-page","status-publish","hentry"],"yoast_head":"<!-- This site is optimized with the Yoast SEO plugin v26.0 - https:\/\/yoast.com\/wordpress\/plugins\/seo\/ -->\n<title>Demande de copies de documents - Archives Nationales de Tunisie<\/title>\n<meta name=\"robots\" content=\"index, follow, max-snippet:-1, max-image-preview:large, max-video-preview:-1\" \/>\n<link rel=\"canonical\" href=\"https:\/\/www.archives.nat.tn\/fr\/demande-de-copies-de-documents\/\" \/>\n<meta property=\"og:locale\" content=\"fr_FR\" \/>\n<meta property=\"og:type\" content=\"article\" \/>\n<meta property=\"og:title\" content=\"Demande de copies de documents - Archives Nationales de Tunisie\" \/>\n<meta property=\"og:description\" content=\"D\u00e9livrance de copies et de copies conformes de documents et d\u2019extraits de documents d\u2019archives : D\u00e9livrance de copies et d\u2019extraits de documents d\u2019archives : Conform\u00e9ment aux dispositions de l\u2019article 20 de la loi sur les archives, toute personne autoris\u00e9e \u00e0 consulter des archives publiques peut en faire \u00e9tablir \u00e0 ses frais des reproductions, des copies, [&hellip;]\" \/>\n<meta property=\"og:url\" content=\"https:\/\/www.archives.nat.tn\/fr\/demande-de-copies-de-documents\/\" \/>\n<meta property=\"og:site_name\" content=\"Archives Nationales de Tunisie\" \/>\n<meta property=\"article:modified_time\" content=\"2023-05-19T10:20:08+00:00\" \/>\n<meta name=\"twitter:card\" content=\"summary_large_image\" \/>\n<meta name=\"twitter:label1\" content=\"Dur\u00e9e de lecture estim\u00e9e\" \/>\n\t<meta name=\"twitter:data1\" content=\"1 minute\" \/>\n<script type=\"application\/ld+json\" class=\"yoast-schema-graph\">{\"@context\":\"https:\/\/schema.org\",\"@graph\":[{\"@type\":\"WebPage\",\"@id\":\"https:\/\/www.archives.nat.tn\/fr\/demande-de-copies-de-documents\/\",\"url\":\"https:\/\/www.archives.nat.tn\/fr\/demande-de-copies-de-documents\/\",\"name\":\"Demande de copies de documents - Archives Nationales de Tunisie\",\"isPartOf\":{\"@id\":\"https:\/\/www.archives.nat.tn\/fr\/#website\"},\"datePublished\":\"2022-03-01T08:53:02+00:00\",\"dateModified\":\"2023-05-19T10:20:08+00:00\",\"breadcrumb\":{\"@id\":\"https:\/\/www.archives.nat.tn\/fr\/demande-de-copies-de-documents\/#breadcrumb\"},\"inLanguage\":\"fr-FR\",\"potentialAction\":[{\"@type\":\"ReadAction\",\"target\":[\"https:\/\/www.archives.nat.tn\/fr\/demande-de-copies-de-documents\/\"]}]},{\"@type\":\"BreadcrumbList\",\"@id\":\"https:\/\/www.archives.nat.tn\/fr\/demande-de-copies-de-documents\/#breadcrumb\",\"itemListElement\":[{\"@type\":\"ListItem\",\"position\":1,\"name\":\"Accueil\",\"item\":\"https:\/\/www.archives.nat.tn\/fr\/\"},{\"@type\":\"ListItem\",\"position\":2,\"name\":\"Demande de copies de documents\"}]},{\"@type\":\"WebSite\",\"@id\":\"https:\/\/www.archives.nat.tn\/fr\/#website\",\"url\":\"https:\/\/www.archives.nat.tn\/fr\/\",\"name\":\"Archives Nationales de Tunisie\",\"description\":\"\",\"publisher\":{\"@id\":\"https:\/\/www.archives.nat.tn\/fr\/#organization\"},\"potentialAction\":[{\"@type\":\"SearchAction\",\"target\":{\"@type\":\"EntryPoint\",\"urlTemplate\":\"https:\/\/www.archives.nat.tn\/fr\/?s={search_term_string}\"},\"query-input\":{\"@type\":\"PropertyValueSpecification\",\"valueRequired\":true,\"valueName\":\"search_term_string\"}}],\"inLanguage\":\"fr-FR\"},{\"@type\":\"Organization\",\"@id\":\"https:\/\/www.archives.nat.tn\/fr\/#organization\",\"name\":\"Les Archives Nationales de Tunisie\",\"url\":\"https:\/\/www.archives.nat.tn\/fr\/\",\"logo\":{\"@type\":\"ImageObject\",\"inLanguage\":\"fr-FR\",\"@id\":\"https:\/\/www.archives.nat.tn\/fr\/#\/schema\/logo\/image\/\",\"url\":\"http:\/\/www.archives.nat.tn\/wp-content\/uploads\/2022\/07\/logo-ant.png\",\"contentUrl\":\"http:\/\/www.archives.nat.tn\/wp-content\/uploads\/2022\/07\/logo-ant.png\",\"width\":1719,\"height\":1239,\"caption\":\"Les Archives Nationales de Tunisie\"},\"image\":{\"@id\":\"https:\/\/www.archives.nat.tn\/fr\/#\/schema\/logo\/image\/\"}}]}<\/script>\n<!-- \/ Yoast SEO plugin. -->","yoast_head_json":{"title":"Demande de copies de documents - Archives Nationales de Tunisie","robots":{"index":"index","follow":"follow","max-snippet":"max-snippet:-1","max-image-preview":"max-image-preview:large","max-video-preview":"max-video-preview:-1"},"canonical":"https:\/\/www.archives.nat.tn\/fr\/demande-de-copies-de-documents\/","og_locale":"fr_FR","og_type":"article","og_title":"Demande de copies de documents - Archives Nationales de Tunisie","og_description":"D\u00e9livrance de copies et de copies conformes de documents et d\u2019extraits de documents d\u2019archives : D\u00e9livrance de copies et d\u2019extraits de documents d\u2019archives : Conform\u00e9ment aux dispositions de l\u2019article 20 de la loi sur les archives, toute personne autoris\u00e9e \u00e0 consulter des archives publiques peut en faire \u00e9tablir \u00e0 ses frais des reproductions, des copies, [&hellip;]","og_url":"https:\/\/www.archives.nat.tn\/fr\/demande-de-copies-de-documents\/","og_site_name":"Archives Nationales de Tunisie","article_modified_time":"2023-05-19T10:20:08+00:00","twitter_card":"summary_large_image","twitter_misc":{"Dur\u00e9e de lecture estim\u00e9e":"1 minute"},"schema":{"@context":"https:\/\/schema.org","@graph":[{"@type":"WebPage","@id":"https:\/\/www.archives.nat.tn\/fr\/demande-de-copies-de-documents\/","url":"https:\/\/www.archives.nat.tn\/fr\/demande-de-copies-de-documents\/","name":"Demande de copies de documents - Archives Nationales de Tunisie","isPartOf":{"@id":"https:\/\/www.archives.nat.tn\/fr\/#website"},"datePublished":"2022-03-01T08:53:02+00:00","dateModified":"2023-05-19T10:20:08+00:00","breadcrumb":{"@id":"https:\/\/www.archives.nat.tn\/fr\/demande-de-copies-de-documents\/#breadcrumb"},"inLanguage":"fr-FR","potentialAction":[{"@type":"ReadAction","target":["https:\/\/www.archives.nat.tn\/fr\/demande-de-copies-de-documents\/"]}]},{"@type":"BreadcrumbList","@id":"https:\/\/www.archives.nat.tn\/fr\/demande-de-copies-de-documents\/#breadcrumb","itemListElement":[{"@type":"ListItem","position":1,"name":"Accueil","item":"https:\/\/www.archives.nat.tn\/fr\/"},{"@type":"ListItem","position":2,"name":"Demande de copies de documents"}]},{"@type":"WebSite","@id":"https:\/\/www.archives.nat.tn\/fr\/#website","url":"https:\/\/www.archives.nat.tn\/fr\/","name":"Archives Nationales de Tunisie","description":"","publisher":{"@id":"https:\/\/www.archives.nat.tn\/fr\/#organization"},"potentialAction":[{"@type":"SearchAction","target":{"@type":"EntryPoint","urlTemplate":"https:\/\/www.archives.nat.tn\/fr\/?s={search_term_string}"},"query-input":{"@type":"PropertyValueSpecification","valueRequired":true,"valueName":"search_term_string"}}],"inLanguage":"fr-FR"},{"@type":"Organization","@id":"https:\/\/www.archives.nat.tn\/fr\/#organization","name":"Les Archives Nationales de Tunisie","url":"https:\/\/www.archives.nat.tn\/fr\/","logo":{"@type":"ImageObject","inLanguage":"fr-FR","@id":"https:\/\/www.archives.nat.tn\/fr\/#\/schema\/logo\/image\/","url":"http:\/\/www.archives.nat.tn\/wp-content\/uploads\/2022\/07\/logo-ant.png","contentUrl":"http:\/\/www.archives.nat.tn\/wp-content\/uploads\/2022\/07\/logo-ant.png","width":1719,"height":1239,"caption":"Les Archives Nationales de Tunisie"},"image":{"@id":"https:\/\/www.archives.nat.tn\/fr\/#\/schema\/logo\/image\/"}}]}},"_links":{"self":[{"href":"https:\/\/www.archives.nat.tn\/fr\/wp-json\/wp\/v2\/pages\/1037","targetHints":{"allow":["GET"]}}],"collection":[{"href":"https:\/\/www.archives.nat.tn\/fr\/wp-json\/wp\/v2\/pages"}],"about":[{"href":"https:\/\/www.archives.nat.tn\/fr\/wp-json\/wp\/v2\/types\/page"}],"author":[{"embeddable":true,"href":"https:\/\/www.archives.nat.tn\/fr\/wp-json\/wp\/v2\/users\/1"}],"replies":[{"embeddable":true,"href":"https:\/\/www.archives.nat.tn\/fr\/wp-json\/wp\/v2\/comments?post=1037"}],"version-history":[{"count":6,"href":"https:\/\/www.archives.nat.tn\/fr\/wp-json\/wp\/v2\/pages\/1037\/revisions"}],"predecessor-version":[{"id":2702,"href":"https:\/\/www.archives.nat.tn\/fr\/wp-json\/wp\/v2\/pages\/1037\/revisions\/2702"}],"wp:attachment":[{"href":"https:\/\/www.archives.nat.tn\/fr\/wp-json\/wp\/v2\/media?parent=1037"}],"curies":[{"name":"wp","href":"https:\/\/api.w.org\/{rel}","templated":true}]}}