{"id":1052,"date":"2022-03-01T10:57:38","date_gmt":"2022-03-01T09:57:38","guid":{"rendered":"http:\/\/www.archives.nat.tn\/?page_id=1052"},"modified":"2022-09-16T13:56:20","modified_gmt":"2022-09-16T12:56:20","slug":"approbation-des-outils-de-gestion-des-documents-et-darchives","status":"publish","type":"page","link":"https:\/\/www.archives.nat.tn\/fr\/approbation-des-outils-de-gestion-des-documents-et-darchives\/","title":{"rendered":"Approbation des  outils de gestion des documents et des archives"},"content":{"rendered":"\n<p>Parmi les missions des Archives Nationales, nous pouvons citer l&#8217;approbation des outils archivistiques \u00e0 savoir (la liste des documents et des dossiers types, les calendriers des d\u00e9lais de conservation et le plan de classification. Ces outils sont agr\u00e9\u00e9s par les Archives Nationales et entrent en vigueur en vertu d&#8217;un arr\u00eat\u00e9 minist\u00e9riel publi\u00e9 au Journal officiel.<\/p>\n","protected":false},"excerpt":{"rendered":"<p>Parmi les missions des Archives Nationales, nous pouvons citer l&#8217;approbation des outils archivistiques \u00e0 savoir (la liste des documents et des dossiers types, les calendriers des d\u00e9lais de conservation et le plan de classification. Ces outils sont agr\u00e9\u00e9s par les Archives Nationales et entrent en vigueur en vertu d&#8217;un arr\u00eat\u00e9 minist\u00e9riel publi\u00e9 au Journal officiel.<\/p>\n","protected":false},"author":1,"featured_media":0,"parent":0,"menu_order":0,"comment_status":"closed","ping_status":"closed","template":"","meta":{"_monsterinsights_skip_tracking":false,"_monsterinsights_sitenote_active":false,"_monsterinsights_sitenote_note":"","_monsterinsights_sitenote_category":0,"footnotes":""},"class_list":["post-1052","page","type-page","status-publish","hentry"],"yoast_head":"<!-- This site is optimized with the Yoast SEO plugin v26.0 - https:\/\/yoast.com\/wordpress\/plugins\/seo\/ -->\n<title>Approbation des outils de gestion des documents et des archives - Archives Nationales de Tunisie<\/title>\n<meta name=\"robots\" content=\"index, follow, max-snippet:-1, max-image-preview:large, max-video-preview:-1\" \/>\n<link rel=\"canonical\" href=\"https:\/\/www.archives.nat.tn\/fr\/approbation-des-outils-de-gestion-des-documents-et-darchives\/\" \/>\n<meta property=\"og:locale\" content=\"fr_FR\" \/>\n<meta property=\"og:type\" content=\"article\" \/>\n<meta property=\"og:title\" content=\"Approbation des outils de gestion des documents et des archives - Archives Nationales de Tunisie\" \/>\n<meta property=\"og:description\" content=\"Parmi les missions des Archives Nationales, nous pouvons citer l&#8217;approbation des outils archivistiques \u00e0 savoir (la liste des documents et des dossiers types, les calendriers des d\u00e9lais de conservation et le plan de classification. Ces outils sont agr\u00e9\u00e9s par les Archives Nationales et entrent en vigueur en vertu d&#8217;un arr\u00eat\u00e9 minist\u00e9riel publi\u00e9 au Journal officiel.\" \/>\n<meta property=\"og:url\" content=\"https:\/\/www.archives.nat.tn\/fr\/approbation-des-outils-de-gestion-des-documents-et-darchives\/\" \/>\n<meta property=\"og:site_name\" content=\"Archives Nationales de Tunisie\" \/>\n<meta property=\"article:modified_time\" content=\"2022-09-16T12:56:20+00:00\" \/>\n<meta name=\"twitter:card\" content=\"summary_large_image\" \/>\n<meta name=\"twitter:label1\" content=\"Dur\u00e9e de lecture estim\u00e9e\" \/>\n\t<meta name=\"twitter:data1\" content=\"1 minute\" \/>\n<script type=\"application\/ld+json\" class=\"yoast-schema-graph\">{\"@context\":\"https:\/\/schema.org\",\"@graph\":[{\"@type\":\"WebPage\",\"@id\":\"https:\/\/www.archives.nat.tn\/fr\/approbation-des-outils-de-gestion-des-documents-et-darchives\/\",\"url\":\"https:\/\/www.archives.nat.tn\/fr\/approbation-des-outils-de-gestion-des-documents-et-darchives\/\",\"name\":\"Approbation des outils de gestion des documents et des archives - Archives Nationales de Tunisie\",\"isPartOf\":{\"@id\":\"https:\/\/www.archives.nat.tn\/fr\/#website\"},\"datePublished\":\"2022-03-01T09:57:38+00:00\",\"dateModified\":\"2022-09-16T12:56:20+00:00\",\"breadcrumb\":{\"@id\":\"https:\/\/www.archives.nat.tn\/fr\/approbation-des-outils-de-gestion-des-documents-et-darchives\/#breadcrumb\"},\"inLanguage\":\"fr-FR\",\"potentialAction\":[{\"@type\":\"ReadAction\",\"target\":[\"https:\/\/www.archives.nat.tn\/fr\/approbation-des-outils-de-gestion-des-documents-et-darchives\/\"]}]},{\"@type\":\"BreadcrumbList\",\"@id\":\"https:\/\/www.archives.nat.tn\/fr\/approbation-des-outils-de-gestion-des-documents-et-darchives\/#breadcrumb\",\"itemListElement\":[{\"@type\":\"ListItem\",\"position\":1,\"name\":\"Accueil\",\"item\":\"https:\/\/www.archives.nat.tn\/fr\/\"},{\"@type\":\"ListItem\",\"position\":2,\"name\":\"Approbation des outils de gestion des documents et des archives\"}]},{\"@type\":\"WebSite\",\"@id\":\"https:\/\/www.archives.nat.tn\/fr\/#website\",\"url\":\"https:\/\/www.archives.nat.tn\/fr\/\",\"name\":\"Archives Nationales de Tunisie\",\"description\":\"\",\"publisher\":{\"@id\":\"https:\/\/www.archives.nat.tn\/fr\/#organization\"},\"potentialAction\":[{\"@type\":\"SearchAction\",\"target\":{\"@type\":\"EntryPoint\",\"urlTemplate\":\"https:\/\/www.archives.nat.tn\/fr\/?s={search_term_string}\"},\"query-input\":{\"@type\":\"PropertyValueSpecification\",\"valueRequired\":true,\"valueName\":\"search_term_string\"}}],\"inLanguage\":\"fr-FR\"},{\"@type\":\"Organization\",\"@id\":\"https:\/\/www.archives.nat.tn\/fr\/#organization\",\"name\":\"Les Archives Nationales de Tunisie\",\"url\":\"https:\/\/www.archives.nat.tn\/fr\/\",\"logo\":{\"@type\":\"ImageObject\",\"inLanguage\":\"fr-FR\",\"@id\":\"https:\/\/www.archives.nat.tn\/fr\/#\/schema\/logo\/image\/\",\"url\":\"http:\/\/www.archives.nat.tn\/wp-content\/uploads\/2022\/07\/logo-ant.png\",\"contentUrl\":\"http:\/\/www.archives.nat.tn\/wp-content\/uploads\/2022\/07\/logo-ant.png\",\"width\":1719,\"height\":1239,\"caption\":\"Les Archives Nationales de Tunisie\"},\"image\":{\"@id\":\"https:\/\/www.archives.nat.tn\/fr\/#\/schema\/logo\/image\/\"}}]}<\/script>\n<!-- \/ Yoast SEO plugin. -->","yoast_head_json":{"title":"Approbation des outils de gestion des documents et des archives - Archives Nationales de Tunisie","robots":{"index":"index","follow":"follow","max-snippet":"max-snippet:-1","max-image-preview":"max-image-preview:large","max-video-preview":"max-video-preview:-1"},"canonical":"https:\/\/www.archives.nat.tn\/fr\/approbation-des-outils-de-gestion-des-documents-et-darchives\/","og_locale":"fr_FR","og_type":"article","og_title":"Approbation des outils de gestion des documents et des archives - Archives Nationales de Tunisie","og_description":"Parmi les missions des Archives Nationales, nous pouvons citer l&#8217;approbation des outils archivistiques \u00e0 savoir (la liste des documents et des dossiers types, les calendriers des d\u00e9lais de conservation et le plan de classification. Ces outils sont agr\u00e9\u00e9s par les Archives Nationales et entrent en vigueur en vertu d&#8217;un arr\u00eat\u00e9 minist\u00e9riel publi\u00e9 au Journal officiel.","og_url":"https:\/\/www.archives.nat.tn\/fr\/approbation-des-outils-de-gestion-des-documents-et-darchives\/","og_site_name":"Archives Nationales de Tunisie","article_modified_time":"2022-09-16T12:56:20+00:00","twitter_card":"summary_large_image","twitter_misc":{"Dur\u00e9e de lecture estim\u00e9e":"1 minute"},"schema":{"@context":"https:\/\/schema.org","@graph":[{"@type":"WebPage","@id":"https:\/\/www.archives.nat.tn\/fr\/approbation-des-outils-de-gestion-des-documents-et-darchives\/","url":"https:\/\/www.archives.nat.tn\/fr\/approbation-des-outils-de-gestion-des-documents-et-darchives\/","name":"Approbation des outils de gestion des documents et des archives - Archives Nationales de Tunisie","isPartOf":{"@id":"https:\/\/www.archives.nat.tn\/fr\/#website"},"datePublished":"2022-03-01T09:57:38+00:00","dateModified":"2022-09-16T12:56:20+00:00","breadcrumb":{"@id":"https:\/\/www.archives.nat.tn\/fr\/approbation-des-outils-de-gestion-des-documents-et-darchives\/#breadcrumb"},"inLanguage":"fr-FR","potentialAction":[{"@type":"ReadAction","target":["https:\/\/www.archives.nat.tn\/fr\/approbation-des-outils-de-gestion-des-documents-et-darchives\/"]}]},{"@type":"BreadcrumbList","@id":"https:\/\/www.archives.nat.tn\/fr\/approbation-des-outils-de-gestion-des-documents-et-darchives\/#breadcrumb","itemListElement":[{"@type":"ListItem","position":1,"name":"Accueil","item":"https:\/\/www.archives.nat.tn\/fr\/"},{"@type":"ListItem","position":2,"name":"Approbation des outils de gestion des documents et des archives"}]},{"@type":"WebSite","@id":"https:\/\/www.archives.nat.tn\/fr\/#website","url":"https:\/\/www.archives.nat.tn\/fr\/","name":"Archives Nationales de Tunisie","description":"","publisher":{"@id":"https:\/\/www.archives.nat.tn\/fr\/#organization"},"potentialAction":[{"@type":"SearchAction","target":{"@type":"EntryPoint","urlTemplate":"https:\/\/www.archives.nat.tn\/fr\/?s={search_term_string}"},"query-input":{"@type":"PropertyValueSpecification","valueRequired":true,"valueName":"search_term_string"}}],"inLanguage":"fr-FR"},{"@type":"Organization","@id":"https:\/\/www.archives.nat.tn\/fr\/#organization","name":"Les Archives Nationales de Tunisie","url":"https:\/\/www.archives.nat.tn\/fr\/","logo":{"@type":"ImageObject","inLanguage":"fr-FR","@id":"https:\/\/www.archives.nat.tn\/fr\/#\/schema\/logo\/image\/","url":"http:\/\/www.archives.nat.tn\/wp-content\/uploads\/2022\/07\/logo-ant.png","contentUrl":"http:\/\/www.archives.nat.tn\/wp-content\/uploads\/2022\/07\/logo-ant.png","width":1719,"height":1239,"caption":"Les Archives Nationales de Tunisie"},"image":{"@id":"https:\/\/www.archives.nat.tn\/fr\/#\/schema\/logo\/image\/"}}]}},"_links":{"self":[{"href":"https:\/\/www.archives.nat.tn\/fr\/wp-json\/wp\/v2\/pages\/1052","targetHints":{"allow":["GET"]}}],"collection":[{"href":"https:\/\/www.archives.nat.tn\/fr\/wp-json\/wp\/v2\/pages"}],"about":[{"href":"https:\/\/www.archives.nat.tn\/fr\/wp-json\/wp\/v2\/types\/page"}],"author":[{"embeddable":true,"href":"https:\/\/www.archives.nat.tn\/fr\/wp-json\/wp\/v2\/users\/1"}],"replies":[{"embeddable":true,"href":"https:\/\/www.archives.nat.tn\/fr\/wp-json\/wp\/v2\/comments?post=1052"}],"version-history":[{"count":3,"href":"https:\/\/www.archives.nat.tn\/fr\/wp-json\/wp\/v2\/pages\/1052\/revisions"}],"predecessor-version":[{"id":2238,"href":"https:\/\/www.archives.nat.tn\/fr\/wp-json\/wp\/v2\/pages\/1052\/revisions\/2238"}],"wp:attachment":[{"href":"https:\/\/www.archives.nat.tn\/fr\/wp-json\/wp\/v2\/media?parent=1052"}],"curies":[{"name":"wp","href":"https:\/\/api.w.org\/{rel}","templated":true}]}}