{"id":1154,"date":"2022-03-03T15:05:39","date_gmt":"2022-03-03T14:05:39","guid":{"rendered":"http:\/\/www.archives.nat.tn\/?page_id=1154"},"modified":"2022-09-21T11:02:05","modified_gmt":"2022-09-21T10:02:05","slug":"organigramme","status":"publish","type":"page","link":"https:\/\/www.archives.nat.tn\/fr\/organigramme\/","title":{"rendered":"Organigramme"},"content":{"rendered":"\n<h3 class=\"has-text-align-center wp-block-heading\"><strong>ORGANIGRAMME DES ARCHIVES NATIONALES<\/strong><\/h3>\n\n\n\n<p class=\"has-text-align-center\">(D\u00e9cret gouvernemental n 2016-1163 du 26 ao\u00fbt 2016, portant sur l&#8217;organisation et le fonctionnement des Archives Nationales)<\/p>\n\n\n\n<style>\n*,\n*:before,\n*:after {\n    box-sizing: border-box;\n    margin: 0;\n    padding: 0;\n}\n\n\n#wrapper {\n    margin-left: auto;\n    margin-right: auto;\n    max-width: 80em;\n}\n\n#container {\n    float: left;\n    padding: 1em;\n    width: 100%;\n}\n\nol.organizational-chart,\nol.organizational-chart ol,\nol.organizational-chart li,\nol.organizational-chart li > div {\n    position: relative;\n}\n\nol.organizational-chart,\nol.organizational-chart ol {\n    list-style: none;\n    margin: 0;\n    padding: 0;\n}\n\nol.organizational-chart {\n    text-align: center;\n}\n\nol.organizational-chart ol {\n    padding-top: 1em;\n}\n\nol.organizational-chart ol:before,\nol.organizational-chart ol:after,\nol.organizational-chart li:before,\nol.organizational-chart li:after,\nol.organizational-chart > li > div:before,\nol.organizational-chart > li > div:after {\n    background-color: #868686;\n    content: '';\n    position: absolute;\n}\n\nol.organizational-chart ol > li {\n    padding: 1em 0 0 1em;\n}\n\nol.organizational-chart > li ol:before {\n    height: 1em;\n    left: 50%;\n    top: 0;\n    width: 3px;\n}\n\nol.organizational-chart > li ol:after {\n    height: 3px;\n    left: 3px;\n    top: 1em;\n    width: 50%;\n}\n\nol.organizational-chart > li ol > li:not(:last-of-type):before {\n    height: 3px;\n    left: 0;\n    top: 2em;\n    width: 1em;\n}\n\nol.organizational-chart > li ol > li:not(:last-of-type):after {\n    height: 100%;\n    left: 0;\n    top: 0;\n    width: 3px;\n}\n\nol.organizational-chart > li ol > li:last-of-type:before {\n    height: 3px;\n    left: 0;\n    top: 2em;\n    width: 1em;\n}\n\nol.organizational-chart > li ol > li:last-of-type:after {\n    height: 2em;\n    left: 0;\n    top: 0;\n    width: 3px;\n}\n\nol.organizational-chart li > div {\n    background-color: #fff;\n    border-radius: 3px;\n    min-height: 2em;\n    padding: 0.5em;\n}\n\n\/*** PRIMARY ***\/\nol.organizational-chart > li > div {\n    background-color: #a2ed56;\n    margin-right: 1em;\n}\n\nol.organizational-chart > li > div:before {\n    bottom: 2em;\n    height: 3px;\n    right: 1em;\n    width: 1em;\n}\n\nol.organizational-chart > li > div:first-of-type:after {\n    bottom: 0;\n    height: 2em;\n    right: -1em;\n    width: 3px;\n}\n\nol.organizational-chart > li > div + div {\n    margin-top: 1em;\n}\n\nol.organizational-chart > li > div + div:after {\n    height: calc(100% + 1em);\n    right: -1em;\n    top: -1em;\n    width: 3px;\n}\n\n\/*** SECONDARY ***\/\nol.organizational-chart > li > ol:before {\n    left: inherit;\n    left: 0;\n}\n\nol.organizational-chart > li > ol:after {\n    left: 0;\n    width: 100%;\n}\n\nol.organizational-chart > li > ol > li > div {\n    background-color: #EBD13B;\n}\n\n\/*** TERTIARY ***\/\nol.organizational-chart > li > ol > li > ol > li > div {\n    background-color: #17cbf294;\n}\n\n\/*** QUATERNARY ***\/\nol.organizational-chart > li > ol > li > ol > li > ol > li > div {\n    background-color: #EB897B;\n}\n\n\/*** QUINARY ***\/\nol.organizational-chart > li > ol > li > ol > li > ol > li > ol > li > div {\n    background-color: #fddc32;\n}\n\n\/*** MEDIA QUERIES ***\/\n@media only screen and ( min-width: 64em ) {\n\n    ol.organizational-chart {\n        margin-left: -1em;\n        margin-right: -1em;\n    }\n\n    \/* PRIMARY *\/\n    ol.organizational-chart > li > div {\n        display: inline-block;\n        float: none;\n        margin: 0 1em 1em 1em;\n        vertical-align: bottom;\n    }\n\n    ol.organizational-chart > li > div:only-of-type {\n        margin-bottom: 0;\n        width: calc((100% \/ 1) - 2em - 4px);\n    }\n\n    ol.organizational-chart > li > div:first-of-type:nth-last-of-type(2),\n    ol.organizational-chart > li > div:first-of-type:nth-last-of-type(2) ~ div {\n        width: calc((100% \/ 2) - 2em - 4px);\n    }\n\n    ol.organizational-chart > li > div:first-of-type:nth-last-of-type(3),\n    ol.organizational-chart > li > div:first-of-type:nth-last-of-type(3) ~ div {\n        width: calc((100% \/ 3) - 2em - 4px);\n    }\n\n    ol.organizational-chart > li > div:first-of-type:nth-last-of-type(4),\n    ol.organizational-chart > li > div:first-of-type:nth-last-of-type(4) ~ div {\n        width: calc((100% \/ 4) - 2em - 4px);\n    }\n\n    ol.organizational-chart > li > div:first-of-type:nth-last-of-type(5),\n    ol.organizational-chart > li > div:first-of-type:nth-last-of-type(5) ~ div {\n        width: calc((100% \/ 5) - 2em - 4px);\n    }\n\n    ol.organizational-chart > li > div:before,\n    ol.organizational-chart > li > div:after {\n        bottom: -1em!important;\n        top: inherit!important;\n    }\n\n    ol.organizational-chart > li > div:before {\n        height: 1em!important;\n        right: 50%!important;\n        width: 3px!important;\n    }\n\n    ol.organizational-chart > li > div:only-of-type:after {\n        display: none;\n    }\n\n    ol.organizational-chart > li > div:first-of-type:not(:only-of-type):after,\n    ol.organizational-chart > li > div:last-of-type:not(:only-of-type):after {\n        bottom: -1em;\n        height: 3px;\n        width: calc(50% + 1em + 3px);\n    }\n\n    ol.organizational-chart > li > div:first-of-type:not(:only-of-type):after {\n        left: calc(50% + 3px);\n    }\n\n    ol.organizational-chart > li > div:last-of-type:not(:only-of-type):after {\n        left: calc(-1em - 3px);\n    }\n\n    ol.organizational-chart > li > div + div:not(:last-of-type):after {\n        height: 3px;\n        left: -2em;\n        width: calc(100% + 4em);\n    }\n\n    \/* SECONDARY *\/\n    ol.organizational-chart > li > ol {\n        display: flex;\n        flex-wrap: nowrap;\n    }\n\n    ol.organizational-chart > li > ol:before,\n    ol.organizational-chart > li > ol > li:before {\n        height: 1em!important;\n        left: 50%!important;\n        top: 0!important;\n        width: 3px!important;\n    }\n\n    ol.organizational-chart > li > ol:after {\n        display: none;\n    }\n\n    ol.organizational-chart > li > ol > li {\n        flex-grow: 1;\n        padding-left: 1em;\n        padding-right: 1em;\n        padding-top: 1em;\n    }\n\n    ol.organizational-chart > li > ol > li:only-of-type {\n        padding-top: 0;\n    }\n\n    ol.organizational-chart > li > ol > li:only-of-type:before,\n    ol.organizational-chart > li > ol > li:only-of-type:after {\n        display: none;\n    }\n\n    ol.organizational-chart > li > ol > li:first-of-type:not(:only-of-type):after,\n    ol.organizational-chart > li > ol > li:last-of-type:not(:only-of-type):after {\n        height: 3px;\n        top: 0;\n        width: 50%;\n    }\n\n    ol.organizational-chart > li > ol > li:first-of-type:not(:only-of-type):after {\n        left: 50%;\n    }\n\n    ol.organizational-chart > li > ol > li:last-of-type:not(:only-of-type):after {\n        right: 0;\n    }\n\n    ol.organizational-chart > li > ol > li + li:not(:last-of-type):after {\n        height: 3px;\n        left: 0;\n        top: 0;\n        width: 100%;\n    }\n\n}\n<\/style>\n<div id=\"wrapper\" class=\"content_wrapper \">\n    <div id=\"container\" class=\"main_content_wrapper\">\n\n        <ol class=\"organizational-chart\">\n            <li>\n                <div>\n                    <h4>Direction G\u00e9n\u00e9rale<\/h4>\n                <\/div>\n                \n                <ol>\n                    <li>\n                        <div>\n                            <h6>Inspection<\/h6>\n                        <\/div>\n                        <ol>\n                            <li>\n                                <div>\n                                    <h6>Inspecteur principal<\/h6>\n                                <\/div>\n                                <ol>\n                                    <li>\n                                        <div>\n                                            <h6>Inspecteur<\/h6>\n                                        <\/div>\n                                    <\/li>\n                                    <li>\n                                        <div>\n                                            <h6>Inspecteur<\/h6>\n                                        <\/div>\n                                        \n                                    <\/li>\n                                    <li>\n                                        <div>\n                                            <h6>Inspecteur<\/h6>\n                                        <\/div>\n                                    <\/li>\n                                <\/ol>\n                            <\/li>\n                            \n                        <\/ol>\n                    <\/li>\n                    <li>\n                        <div>\n                            <h6>Secr\u00e9tariat G\u00e9n\u00e9ral<\/h6>\n                        <\/div>\n                        <ol>\n                            \n                            <li>\n                                <div>\n                                    <h6>Sous-direction des affaires administratives et financi\u00e9res<\/h6>\n                                <\/div>\n                                <ol>\n                                    <li>\n                                        <div>\n                                            <h6>Service financier<\/h6>\n                                        <\/div>\n                                    <\/li>\n                                    <li>\n                                        <div>\n                                            <h6>Service administratif<\/h6>\n                                        <\/div>\n                                    <\/li>\n                                    <li>\n                                        <div>\n                                            <h6>Service du controle et de la s\u00e9curit\u00e9<\/h6>\n                                        <\/div>\n                                    <\/li>\n                                <\/ol>\n                            <\/li>\n                        <\/ol>\n                    <\/li>\n                    <li>\n                        <div>\n                            <h6>Direction technique<\/h6>\n                        <\/div>\n                        <ol>\n                            <li>\n                                <div>\n                                    <h6>Sous-direction des archives interm\u00e9diaires et des archives priv\u00e9es <\/h6>\n                                <\/div>\n                                <ol>\n                                    <li>\n                                        <div>\n                                            <h6>Service de la r\u00e9ception des documents<\/h6>\n                                        <\/div>\n                                        \n                                    <\/li>\n\t\t\t\t\t\t\t\t\t <li>\n                                        <div>\n                                            <h6>Service des archives priv\u00e9es<\/h6>\n                                        <\/div>\n                                        \n                                    <\/li>\n                                <\/ol>\n                            <\/li>\n                            <li>\n                                <div>\n                                    <h6>Sous-direction de traitement des documents<\/h6>\n                                <\/div>\n\t\t\t\t\t\t\t\t<ol>\n                                    <li>\n                                        <div>\n                                            <h6>Service de la description des documents<\/h6>\n                                        <\/div>\n                                        \n                                    <\/li>\n\t\t\t\t\t\t\t\t<\/ol>\n                            <\/li>\n                            <li>\n                                <div>\n                                    <h6>Sous-direction de la normalisation, de la conservation et de la pr\u00e9servation<\/h6>\n                                <\/div>\n\t\t\t\t\t\t\t\t<ol>\n                                    <li>\n                                        <div>\n                                            <h6>Service des m\u00e9thodes et de la normalisation<\/h6>\n                                        <\/div>\n                                        \n                                    <\/li>\n\t\t\t\t\t\t\t\t\t<li>\n                                        <div>\n                                            <h6>Service de restauration et de reliure des documents<\/h6>\n                                        <\/div>\n                                        \n                                    <\/li>\n\t\t\t\t\t\t\t\t<\/ol>\n                            <\/li>\n                        <\/ol>\n                    <\/li>\n\t\t\t\t\t<li>\n                        <div>\n                            <h6>Direction des technologies de l&#8217;information et des documents technologiques<\/h6>\n                        <\/div>\n                        <ol>\n                            <li>\n                                <div>\n                                    <h6>Sous-direction des technologies de communication et de l&#8217;information<\/h6>\n                                <\/div>\n                                <ol>\n                                    <li>\n                                        <div>\n                                            <h6>Service des applications informatiques et des bases de donn\u00e9es<\/h6>\n                                        <\/div>\n                                    <\/li>\n\t\t\t\t\t\t\t\t\t <li>\n                                        <div>\n                                            <h6>Service de micro-filmage et de num\u00e9risation<\/h6>\n                                        <\/div>\n                                    <\/li>\n                                <\/ol>\n                            <\/li>\n                             <li>\n                                <div>\n                                    <h6>Sous-direction des archives \u00e9lectroniques et audiovisuelles<\/h6>\n                                <\/div>\n                                <ol>\n                                    <li>\n                                        <div>\n                                            <h6>Service des documents audiovisuels<\/h6>\n                                        <\/div>\n                                    <\/li>\n\t\t\t\t\t\t\t\t\t <li>\n                                        <div>\n                                            <h6>Service des documents \u00e9lectroniques<\/h6>\n                                        <\/div>\n                                    <\/li>\n                                <\/ol>\n                            <\/li>\n                        <\/ol>\n                    <\/li>\n\t\t\t\t\t\t\n\t\t\t\t\t\n\t\t\t\t\t\n\t\t\t\t\t\n                    <li>\n                        <div>\n                            <h6>Direction de l&#8217;exploitation des informations<\/h6>\n                        <\/div>\n                        <ol>\n                            <li>\n                                <div>\n                                    <h6>Sous-direction de l&#8217;exploitation des informations<\/h6>\n                                <\/div>\n\t\t\t\t\t\t\t\t <ol>\n                                    <li>\n                                        <div>\n                                            <h6>Service de la consultation des documents<\/h6>\n                                        <\/div>\n                                    <\/li>\n                                    <li>\n                                        <div>\n                                            <h6>Service des activit\u00e9s culturelles et \u00e9ducatives<\/h6>\n                                        <\/div>\n                                    <\/li>\n                                <\/ol>\n                            <\/li>\n                            <li>\n                                <div>\n                                    <h6>Sous-direction des recherches et des \u00e9tudes <\/h6>\n                                <\/div>\n\t\t\t\t\t\t\t\t <ol>\n                                    <li>\n                                        <div>\n                                            <h6>Service des \u00e9tudes et de la publication<\/h6>\n                                        <\/div>\n                                    <\/li>\n                                    \n                                <\/ol>\n                            <\/li>\n                            \n                            \n                        <\/ol>\n                    <\/li>\n\t\t\t\t\t\n\t\t\t\t\t\n\t\t\t\t\t <li>\n                       \n                        <ol>\n                            <li>\n                                <div>\n                                    <h6>Bureau de la coop\u00e9ration internationale et de la formation<\/h6>\n                                <\/div>\n\t\t\t\t\t\t\t\t<ol>\n                                    <li>\n                                        <div>\n                                            <h6>Service de la coop\u00e9ration internationale<\/h6>\n                                        <\/div>\n                                    <\/li>\n                                    <li>\n                                        <div>\n                                            <h6>Service de la formation et du d\u00e9veloppement des comp\u00e9tences<\/h6>\n                                        <\/div>\n                                    <\/li>\n                                <\/ol>\n                            <\/li>\n                        <\/ol>\n\t\t\t\t\t<\/li>\n\t\t\t\t\t\n\t\t\t\t\t\n\t\t\t\t\t\n                <\/ol>\n            <\/li>\n        <\/ol>\n\n    <\/div>\n<\/div>\n","protected":false},"excerpt":{"rendered":"<p>ORGANIGRAMME DES ARCHIVES NATIONALES (D\u00e9cret gouvernemental n 2016-1163 du 26 ao\u00fbt 2016, portant sur l&#8217;organisation et le fonctionnement des Archives Nationales) Direction G\u00e9n\u00e9rale Inspection Inspecteur principal Inspecteur Inspecteur Inspecteur Secr\u00e9tariat G\u00e9n\u00e9ral Sous-direction des affaires administratives et financi\u00e9res Service financier Service administratif Service du controle et de la s\u00e9curit\u00e9 Direction technique Sous-direction des archives interm\u00e9diaires et [&hellip;]<\/p>\n","protected":false},"author":1,"featured_media":0,"parent":0,"menu_order":0,"comment_status":"closed","ping_status":"closed","template":"","meta":{"_monsterinsights_skip_tracking":false,"_monsterinsights_sitenote_active":false,"_monsterinsights_sitenote_note":"","_monsterinsights_sitenote_category":0,"footnotes":""},"class_list":["post-1154","page","type-page","status-publish","hentry"],"yoast_head":"<!-- This site is optimized with the Yoast SEO plugin v26.0 - https:\/\/yoast.com\/wordpress\/plugins\/seo\/ -->\n<title>Organigramme - Archives Nationales de Tunisie<\/title>\n<meta name=\"robots\" content=\"index, follow, max-snippet:-1, max-image-preview:large, max-video-preview:-1\" \/>\n<link rel=\"canonical\" href=\"https:\/\/www.archives.nat.tn\/fr\/organigramme\/\" \/>\n<meta property=\"og:locale\" content=\"fr_FR\" \/>\n<meta property=\"og:type\" content=\"article\" \/>\n<meta property=\"og:title\" content=\"Organigramme - Archives Nationales de Tunisie\" \/>\n<meta property=\"og:description\" content=\"ORGANIGRAMME DES ARCHIVES NATIONALES (D\u00e9cret gouvernemental n 2016-1163 du 26 ao\u00fbt 2016, portant sur l&#8217;organisation et le fonctionnement des Archives Nationales) Direction G\u00e9n\u00e9rale Inspection Inspecteur principal Inspecteur Inspecteur Inspecteur Secr\u00e9tariat G\u00e9n\u00e9ral Sous-direction des affaires administratives et financi\u00e9res Service financier Service administratif Service du controle et de la s\u00e9curit\u00e9 Direction technique Sous-direction des archives interm\u00e9diaires et [&hellip;]\" \/>\n<meta property=\"og:url\" content=\"https:\/\/www.archives.nat.tn\/fr\/organigramme\/\" \/>\n<meta property=\"og:site_name\" content=\"Archives Nationales de Tunisie\" \/>\n<meta property=\"article:modified_time\" content=\"2022-09-21T10:02:05+00:00\" \/>\n<meta name=\"twitter:card\" content=\"summary_large_image\" \/>\n<meta name=\"twitter:label1\" content=\"Dur\u00e9e de lecture estim\u00e9e\" \/>\n\t<meta name=\"twitter:data1\" content=\"5 minutes\" \/>\n<script type=\"application\/ld+json\" class=\"yoast-schema-graph\">{\"@context\":\"https:\/\/schema.org\",\"@graph\":[{\"@type\":\"WebPage\",\"@id\":\"https:\/\/www.archives.nat.tn\/fr\/organigramme\/\",\"url\":\"https:\/\/www.archives.nat.tn\/fr\/organigramme\/\",\"name\":\"Organigramme - Archives Nationales de Tunisie\",\"isPartOf\":{\"@id\":\"https:\/\/www.archives.nat.tn\/fr\/#website\"},\"datePublished\":\"2022-03-03T14:05:39+00:00\",\"dateModified\":\"2022-09-21T10:02:05+00:00\",\"breadcrumb\":{\"@id\":\"https:\/\/www.archives.nat.tn\/fr\/organigramme\/#breadcrumb\"},\"inLanguage\":\"fr-FR\",\"potentialAction\":[{\"@type\":\"ReadAction\",\"target\":[\"https:\/\/www.archives.nat.tn\/fr\/organigramme\/\"]}]},{\"@type\":\"BreadcrumbList\",\"@id\":\"https:\/\/www.archives.nat.tn\/fr\/organigramme\/#breadcrumb\",\"itemListElement\":[{\"@type\":\"ListItem\",\"position\":1,\"name\":\"Accueil\",\"item\":\"https:\/\/www.archives.nat.tn\/fr\/\"},{\"@type\":\"ListItem\",\"position\":2,\"name\":\"Organigramme\"}]},{\"@type\":\"WebSite\",\"@id\":\"https:\/\/www.archives.nat.tn\/fr\/#website\",\"url\":\"https:\/\/www.archives.nat.tn\/fr\/\",\"name\":\"Archives Nationales de Tunisie\",\"description\":\"\",\"publisher\":{\"@id\":\"https:\/\/www.archives.nat.tn\/fr\/#organization\"},\"potentialAction\":[{\"@type\":\"SearchAction\",\"target\":{\"@type\":\"EntryPoint\",\"urlTemplate\":\"https:\/\/www.archives.nat.tn\/fr\/?s={search_term_string}\"},\"query-input\":{\"@type\":\"PropertyValueSpecification\",\"valueRequired\":true,\"valueName\":\"search_term_string\"}}],\"inLanguage\":\"fr-FR\"},{\"@type\":\"Organization\",\"@id\":\"https:\/\/www.archives.nat.tn\/fr\/#organization\",\"name\":\"Les Archives Nationales de Tunisie\",\"url\":\"https:\/\/www.archives.nat.tn\/fr\/\",\"logo\":{\"@type\":\"ImageObject\",\"inLanguage\":\"fr-FR\",\"@id\":\"https:\/\/www.archives.nat.tn\/fr\/#\/schema\/logo\/image\/\",\"url\":\"http:\/\/www.archives.nat.tn\/wp-content\/uploads\/2022\/07\/logo-ant.png\",\"contentUrl\":\"http:\/\/www.archives.nat.tn\/wp-content\/uploads\/2022\/07\/logo-ant.png\",\"width\":1719,\"height\":1239,\"caption\":\"Les Archives Nationales de Tunisie\"},\"image\":{\"@id\":\"https:\/\/www.archives.nat.tn\/fr\/#\/schema\/logo\/image\/\"}}]}<\/script>\n<!-- \/ Yoast SEO plugin. -->","yoast_head_json":{"title":"Organigramme - Archives Nationales de Tunisie","robots":{"index":"index","follow":"follow","max-snippet":"max-snippet:-1","max-image-preview":"max-image-preview:large","max-video-preview":"max-video-preview:-1"},"canonical":"https:\/\/www.archives.nat.tn\/fr\/organigramme\/","og_locale":"fr_FR","og_type":"article","og_title":"Organigramme - Archives Nationales de Tunisie","og_description":"ORGANIGRAMME DES ARCHIVES NATIONALES (D\u00e9cret gouvernemental n 2016-1163 du 26 ao\u00fbt 2016, portant sur l&#8217;organisation et le fonctionnement des Archives Nationales) Direction G\u00e9n\u00e9rale Inspection Inspecteur principal Inspecteur Inspecteur Inspecteur Secr\u00e9tariat G\u00e9n\u00e9ral Sous-direction des affaires administratives et financi\u00e9res Service financier Service administratif Service du controle et de la s\u00e9curit\u00e9 Direction technique Sous-direction des archives interm\u00e9diaires et [&hellip;]","og_url":"https:\/\/www.archives.nat.tn\/fr\/organigramme\/","og_site_name":"Archives Nationales de Tunisie","article_modified_time":"2022-09-21T10:02:05+00:00","twitter_card":"summary_large_image","twitter_misc":{"Dur\u00e9e de lecture estim\u00e9e":"5 minutes"},"schema":{"@context":"https:\/\/schema.org","@graph":[{"@type":"WebPage","@id":"https:\/\/www.archives.nat.tn\/fr\/organigramme\/","url":"https:\/\/www.archives.nat.tn\/fr\/organigramme\/","name":"Organigramme - Archives Nationales de Tunisie","isPartOf":{"@id":"https:\/\/www.archives.nat.tn\/fr\/#website"},"datePublished":"2022-03-03T14:05:39+00:00","dateModified":"2022-09-21T10:02:05+00:00","breadcrumb":{"@id":"https:\/\/www.archives.nat.tn\/fr\/organigramme\/#breadcrumb"},"inLanguage":"fr-FR","potentialAction":[{"@type":"ReadAction","target":["https:\/\/www.archives.nat.tn\/fr\/organigramme\/"]}]},{"@type":"BreadcrumbList","@id":"https:\/\/www.archives.nat.tn\/fr\/organigramme\/#breadcrumb","itemListElement":[{"@type":"ListItem","position":1,"name":"Accueil","item":"https:\/\/www.archives.nat.tn\/fr\/"},{"@type":"ListItem","position":2,"name":"Organigramme"}]},{"@type":"WebSite","@id":"https:\/\/www.archives.nat.tn\/fr\/#website","url":"https:\/\/www.archives.nat.tn\/fr\/","name":"Archives Nationales de Tunisie","description":"","publisher":{"@id":"https:\/\/www.archives.nat.tn\/fr\/#organization"},"potentialAction":[{"@type":"SearchAction","target":{"@type":"EntryPoint","urlTemplate":"https:\/\/www.archives.nat.tn\/fr\/?s={search_term_string}"},"query-input":{"@type":"PropertyValueSpecification","valueRequired":true,"valueName":"search_term_string"}}],"inLanguage":"fr-FR"},{"@type":"Organization","@id":"https:\/\/www.archives.nat.tn\/fr\/#organization","name":"Les Archives Nationales de Tunisie","url":"https:\/\/www.archives.nat.tn\/fr\/","logo":{"@type":"ImageObject","inLanguage":"fr-FR","@id":"https:\/\/www.archives.nat.tn\/fr\/#\/schema\/logo\/image\/","url":"http:\/\/www.archives.nat.tn\/wp-content\/uploads\/2022\/07\/logo-ant.png","contentUrl":"http:\/\/www.archives.nat.tn\/wp-content\/uploads\/2022\/07\/logo-ant.png","width":1719,"height":1239,"caption":"Les Archives Nationales de Tunisie"},"image":{"@id":"https:\/\/www.archives.nat.tn\/fr\/#\/schema\/logo\/image\/"}}]}},"_links":{"self":[{"href":"https:\/\/www.archives.nat.tn\/fr\/wp-json\/wp\/v2\/pages\/1154","targetHints":{"allow":["GET"]}}],"collection":[{"href":"https:\/\/www.archives.nat.tn\/fr\/wp-json\/wp\/v2\/pages"}],"about":[{"href":"https:\/\/www.archives.nat.tn\/fr\/wp-json\/wp\/v2\/types\/page"}],"author":[{"embeddable":true,"href":"https:\/\/www.archives.nat.tn\/fr\/wp-json\/wp\/v2\/users\/1"}],"replies":[{"embeddable":true,"href":"https:\/\/www.archives.nat.tn\/fr\/wp-json\/wp\/v2\/comments?post=1154"}],"version-history":[{"count":10,"href":"https:\/\/www.archives.nat.tn\/fr\/wp-json\/wp\/v2\/pages\/1154\/revisions"}],"predecessor-version":[{"id":2273,"href":"https:\/\/www.archives.nat.tn\/fr\/wp-json\/wp\/v2\/pages\/1154\/revisions\/2273"}],"wp:attachment":[{"href":"https:\/\/www.archives.nat.tn\/fr\/wp-json\/wp\/v2\/media?parent=1154"}],"curies":[{"name":"wp","href":"https:\/\/api.w.org\/{rel}","templated":true}]}}