{"id":1181,"date":"2022-03-22T10:04:46","date_gmt":"2022-03-22T09:04:46","guid":{"rendered":"http:\/\/www.archives.nat.tn\/?page_id=1181"},"modified":"2022-09-16T14:38:42","modified_gmt":"2022-09-16T13:38:42","slug":"fonds-conserves","status":"publish","type":"page","link":"https:\/\/www.archives.nat.tn\/fr\/fonds-conserves\/","title":{"rendered":"Fonds conserv\u00e9s"},"content":{"rendered":"<p>Les fonds dont disposent actuellement les Archives Nationales de Tunisie concernent l&#8217;histoire de la Tunisie de la fin du XV si\u00e8cle jusqu&#8217;\u00e0 pr\u00e9sent.<\/p>\n<h5><strong>P\u00e9riode pr\u00e9coloniale<\/strong><\/h5>\n<p>Les documents relatifs \u00e0 la p\u00e9riode pr\u00e9coloniale sont class\u00e9s dans dans trois s\u00e9ries\u00a0:<\/p>\n<div class=\"mks_tabs horizontal\"><div class=\"mks_tabs_nav\"><\/div><div class=\"mks_tab_item\"><div class=\"nav\">S\u00e9rie historique (4668 dossiers) traite de l&#039;histoire de la Tunisie du 16\u00e8 au 19\u00e8 si\u00e8cle<\/div>Cette s\u00e9rie comprend 6 sections :<br \/>&#8211; La famille beylicale et les hauts fonctionnaires.<br \/>&#8211; Les structures de l&#8217;Etat et les correspondances des ca\u00efds avec le Bey et le Grand Vizir.<br \/>&#8211; Beit el Mel (organisme financier chara\u00eeque).<br \/>&#8211; Les affaires judiciaires (juridiction &#8220;Char\u00e2ique&#8221; et juridictions cr\u00e9\u00e9es apr\u00e8s la constitution de 1861).<br \/>&#8211; Les affaires militaires notamment le minist\u00e8re de la Guerre et celui de la Marine.<br \/>&#8211; Les relations ext\u00e9rieures (les trait\u00e9s et les conventions contract\u00e9s surtout avec les pays de l&#8217;Europe au cours du 18\u00e8 et du 19\u00e8 si\u00e8cles).<br \/><\/div><div class=\"mks_tab_item\"><div class=\"nav\">S\u00e9rie des registres fiscaux et administratifs RAF<\/div>\n<p>Les registres fiscaux et administratifs, au nombre de 4065 registres, constituent le fonds le plus ancien rassembl\u00e9 et organis\u00e9 par le &#8220;Centre des correspondances de l\u2019Etat&#8221; depuis 1874. Le classement actuel de ces registres est \u00e0 la fois th\u00e9matique et num\u00e9rique (seuls quelques registres portent des num\u00e9ros bis ou ter). La plupart des registres concernent la p\u00e9riode allant de 1672 (registre n\u00b01) \u00e0 1881 et refl\u00e8tent les activit\u00e9s des diff\u00e9rentes structures de l\u2019Etat \u00e0 l\u2019\u00e9poque ottomane. Toutefois, quelques registres couvrent tout de m\u00eame un pan important de la p\u00e9riode coloniale allant de 1881\u00e01912.<\/p>\n<\/div><div class=\"mks_tab_item\"><div class=\"nav\">L&#039;Affaire Mahmoud Ben Ayed<\/div>\n<p>constitu\u00e9e de 423 dossiers qui concernent le litige entre l\u2019\u00e9tat tunisien et le G\u00e9n\u00e9ral Mahmoud BEN AYED et ses consorts.<\/p>\n<\/div><\/div>\n<h5><strong>P\u00e9riode coloniale<\/strong><\/h5>\n<p>Les documents de la p\u00e9riode coloniale (1881- 1956) sont class\u00e9s dans les s\u00e9ries suivantes :<\/p>\n<div class=\"mks_tabs horizontal\"><div class=\"mks_tabs_nav\"><\/div><div class=\"mks_tab_item\"><div class=\"nav\">S\u00e9rie A<\/div>\n<p>compos\u00e9e de 17879 dossiers qui concernent l&#8217;administration locale et r\u00e9gionale, les fronti\u00e8res, le contr\u00f4le de la population locale et limitrophe et les migrations. Elle ob\u00e9it \u00e0 un classement g\u00e9ographique et th\u00e9matique. la richesse de ce fonds, r\u00e9side dans l&#8217;importance des documents relatifs \u00e0 l&#8217;organisation administrative et au personnel de l&#8217;administration tunisienne de l\u2019\u00e9poque (Ca\u00efds, Khalifa, Kahia, Cheikh&#8230;).<\/div><div class=\"mks_tab_item\"><div class=\"nav\">S\u00e9rie B<\/div>\n<p>\u00a0comporte 1769 dossiers g\u00e9n\u00e9r\u00e9s par le service \u00e9conomique et agricole, et le service administratif. Ils traitent essentiellement de la fonction des Amines de m\u00e9tiers. Leur classement ob\u00e9it au crit\u00e8re g\u00e9ographique.<\/div><div class=\"mks_tab_item\"><div class=\"nav\">S\u00e9rie B1<\/div>contient 5306 dossiers relatifs \u00e0 la justice, et tr\u00e8s instructifs sur son personnel (Cadhi, Mufti&#8230;).<br \/><\/div><div class=\"mks_tab_item\"><div class=\"nav\">S\u00e9rie C<\/div>\n<p>contient 1695 dossiers relatifs aux &#8220;Habous\u00bb, \u00e0 la question fonci\u00e8re, et aux biens d\u2019institutions charitables et religieuses.<br \/>.<\/div><div class=\"mks_tab_item\"><div class=\"nav\">S\u00e9rie C1<\/div>\n<p>contient 2854 dossiers administratifs du personnel de l&#8217;administration des &#8220;Habous&#8221;, ainsi que les dossiers relatifs \u00e0 la gestion financi\u00e8re de ses subdivisions r\u00e9gionales.<\/p>\n<\/div><div class=\"mks_tab_item\"><div class=\"nav\">S\u00e9rie C2<\/div>\n<p>compos\u00e9e de 2 215 dossiers produits par la \u00ab Jam\u00efaa \u00bb des \u00ab Habous \u00bb.ces documents sont relatifs \u00e0 des biens immobiliers.\u00a0<\/div><div class=\"mks_tab_item\"><div class=\"nav\">S\u00e9rie D<\/div>comporte 11437 dossiers portant sur des affaires de cultes. Ils permettent d&#8217;acc\u00e9der aux informations relatives aux institutions religieuses, aux &#8220;Imam\u00bb. mais aussi au christianisme en Tunisie, et \u00e0 la conversion \u00e0 l&#8217;Islam.<\/p>\n<\/div><div class=\"mks_tab_item\"><div class=\"nav\">S\u00e9rie D1<\/div>\n<p>contient 325 dossiers produits par l&#8217;administration de &#8220;Bit El Mel&#8221; portant essentiellement sur les successions en d\u00e9sh\u00e9rence.<br \/><\/div><div class=\"mks_tab_item\"><div class=\"nav\">S\u00e9rie E<\/div>comporte 18019 dossiers relatifs aux activit\u00e9s des institutions et des services administratifs, ainsi que leurs rapports avec le pouvoir central.<br \/><\/div><div class=\"mks_tab_item\"><div class=\"nav\">S\u00e9rie F<\/div>\n<p>contient 980 dossiers qui concernent la famille Husseinite et les affaires diplomatiques et consulaires.<br \/>.<\/div><div class=\"mks_tab_item\"><div class=\"nav\">S\u00e9rie G<\/div>\n<p>compos\u00e9e de 433 dossiers contenant les r\u00e9ponses des contr\u00f4leurs civils et des Ca\u00efds aux circulaires minist\u00e9rielles relatives aux domaines administratif, judiciaire, et financi\u00e8re.<\/p>\n<\/div><div class=\"mks_tab_item\"><div class=\"nav\">S\u00e9rie K<\/div>contient 325 dossiers contenant des coupures de presse concernant la situation politique en Tunisie et \u00e0 l\u2019\u00e9tranger.<\/p>\n<\/div><div class=\"mks_tab_item\"><div class=\"nav\">S\u00e9rie L<\/div>compos\u00e9e de 2039 dossiers g\u00e9n\u00e9r\u00e9s par l&#8217;administration de la Grande Mosqu\u00e9e et ses annexes, concernant l&#8217;enseignement Zeitouniens, son personnel, et les dossiers des \u00e9l\u00e8ves.<\/p>\n<\/div><div class=\"mks_tab_item\"><div class=\"nav\">S\u00e9rie MN<\/div>\n<p>contient 268 dossiers comportant les correspondances des services de la S\u00fbret\u00e9 publique au secr\u00e9taire g\u00e9n\u00e9ral du gouvernement tunisien, et relatives au contr\u00f4le des activit\u00e9s politiques et syndicales des militants tunisiens.<\/p>\n<\/div><div class=\"mks_tab_item\"><div class=\"nav\">S\u00e9rie SG<\/div>les services du secr\u00e9tariat g\u00e9n\u00e9ral du gouvernement tunisien, avaient g\u00e9n\u00e9r\u00e9 le fonds &#8220;SG&#8221;. Son volume est de 2167 boites.il est subdivis\u00e9 en quinze (15) sous- s\u00e9ries (SG1 \u00e0 SG15) reparties selon leur service producteur, comme l\u2019indique le tableau suivant :<br \/><\/div><\/div>\n\n\n<figure class=\"wp-block-table alignwide is-style-stripes\"><table><tbody><tr><td class=\"has-text-align-left\" data-align=\"left\">Sous-s\u00e9rie<\/td><td>Service producteur<\/td><\/tr><tr><td class=\"has-text-align-left\" data-align=\"left\">SG1<\/td><td>Grand conseil<\/td><\/tr><tr><td class=\"has-text-align-left\" data-align=\"left\">SG2<\/td><td>Cabinet du (S.G.G.T.)<\/td><\/tr><tr><td class=\"has-text-align-left\" data-align=\"left\">SG3<\/td><td>Cabinet du Secr\u00e9taire g\u00e9n\u00e9ral adjoint<\/td><\/tr><tr><td class=\"has-text-align-left\" data-align=\"left\">SG4<\/td><td>Inspection g\u00e9n\u00e9rale des services administratifs<\/td><\/tr><tr><td class=\"has-text-align-left\" data-align=\"left\">SG5<\/td><td>Service juridique et de l\u00e9gislation<\/td><\/tr><tr><td class=\"has-text-align-left\" data-align=\"left\">SG6<\/td><td>Contr\u00f4le du personnel<\/td><\/tr><tr><td class=\"has-text-align-left\" data-align=\"left\">SG7<\/td><td>Bureau du Directeur adjoint des Finances &#8220;Dupuy&#8221;<\/td><\/tr><tr><td class=\"has-text-align-left\" data-align=\"left\">SG8<\/td><td>Fonds du conseiller aupr\u00e8s du Minist\u00e8re de l\u2019Agriculture<\/td><\/tr><tr><td class=\"has-text-align-left\" data-align=\"left\">SG9<\/td><td>Service central<\/td><\/tr><tr><td class=\"has-text-align-left\" data-align=\"left\"> SG10<\/td><td>Service de la d\u00e9fense passive<\/td><\/tr><tr><td class=\"has-text-align-left\" data-align=\"left\"> SG11<\/td><td>Bureau d\u2019ordre<\/td><\/tr><tr><td class=\"has-text-align-left\" data-align=\"left\"> SG12<\/td><td>Direction de l\u2019Administration g\u00e9n\u00e9rale et communale<\/td><\/tr><tr><td class=\"has-text-align-left\" data-align=\"left\"> SG13<\/td><td>Direction du Contr\u00f4le des d\u00e9penses<\/td><\/tr><tr><td class=\"has-text-align-left\" data-align=\"left\"> SG14<\/td><td>Service du ravitaillement g\u00e9n\u00e9ral<\/td><\/tr><tr><td class=\"has-text-align-left\" data-align=\"left\"> SG15<\/td><td>Direction g\u00e9n\u00e9rale des travaux publics<\/td><\/tr><\/tbody><\/table><\/figure>\n\n\n<div class=\"mks_tabs horizontal\"><div class=\"mks_tabs_nav\"><\/div><div class=\"mks_tab_item\"><div class=\"nav\">S\u00e9rie JT1<\/div>\n<p>Elle comprend 1880 dossiers d&#8217;affaires civiles et p\u00e9nales, pr\u00e9sent\u00e9es au tribunal de la \u00ab Driba \u00bb, et \u00e0 celui de l\u2019Ouzara (Grand Minist\u00e8re). Les dossiers contiennent divers types de documents, tels que les correspondances, les actes notari\u00e9s, les rapports, et les textes des verdicts.<\/p>\n<\/div><div class=\"mks_tab_item\"><div class=\"nav\">S\u00e9rie JT2<\/div>Elle comprend 1020 dossiers contenant des jugements rendus dans diverses affaires judiciaires. ces jugements sont class\u00e9s chronologiquement.<br \/><\/div><div class=\"mks_tab_item\"><div class=\"nav\">S\u00e9rie JT3<\/div>Elle comprend 867 dossiers qui contiennent des actes notari\u00e9s r\u00e9dig\u00e9s sur ordre des repr\u00e9sentants de l&#8217;autorit\u00e9 r\u00e9gionale afin de constater des crimes ou des d\u00e9lits, ou enregistrer des t\u00e9moignages. Ces actes sont class\u00e9s selon les r\u00e9gions.<\/p>\n<\/div><div class=\"mks_tab_item\"><div class=\"nav\">S\u00e9rie JT4<\/div>\n<p>\u00a0Elle comprend 345 dossiers constitu\u00e9s de documents tr\u00e8s vari\u00e9s. On y trouve des registres, des correspondances, des notes d&#8217;avocats, des certificats m\u00e9dicaux, et des textes de verdicts.<\/p>\n<\/div><\/div>\n<div class=\"mks_tabs horizontal\"><div class=\"mks_tabs_nav\"><\/div><div class=\"mks_tab_item\"><div class=\"nav\">S\u00e9rie M1 (Direction de l\u2019Agriculture)<\/div>Elle contient 1298 dossiers compos\u00e9s de divers types de documents, tels que les correspondances, les textes r\u00e9glementaires, les proc\u00e8s-verbaux, les plans, les cartes, les photos et des statistiques concernant l\u2019Office de l\u2019huile d\u2019olives, l&#8217;Etablissement d&#8217;Elevage de Sidi Thabet, le Service de la production animale, l\u2019alimentation hydraulique, l\u2019office des c\u00e9r\u00e9ales, les dossiers administratifs du personnel du Minist\u00e8re de l\u2019Agriculture, et de la direction des Domaines et de la Colonisation<br \/><\/div><div class=\"mks_tab_item\"><div class=\"nav\">S\u00e9rie M2 (Direction de la Sant\u00e9 Publique)<\/div>\n<p>La s\u00e9rie M2 comprend 8282 dossiers et registres vers\u00e9s par le Minist\u00e8re de la Sant\u00e9 Publique et les institutions qui en d\u00e9pendent depuis 2002.<\/div><div class=\"mks_tab_item\"><div class=\"nav\">S\u00e9rie M3 (Direction des Travaux Publics)<\/div>\n<p>comprend 8306 dossiers contenant des documents relatifs aux travaux publics, comme l\u2019alimentation hydraulique, l\u2019am\u00e9nagement des r\u00e9seaux routiers, l\u2019expropriation pour cause d\u2019utilit\u00e9 publique, l\u2019installation des b\u00e2timents militaires, les travaux d\u2019am\u00e9nagement rural et urbain et l\u2019activit\u00e9 portuaire.<\/div><div class=\"mks_tab_item\"><div class=\"nav\">S\u00e9rie M4 (Compagnie des Phosphates et du Chemin de Fer de Gafsa)<\/div>\n<p>Cette s\u00e9rie comprend 230 dossiers qui refl\u00e8tent l\u2019activit\u00e9 de la compagnie des Phosphates et du Chemin de Fer de Gafsa vers\u00e9s aux Archives Nationales en 2003 par le Minist\u00e8re de l\u2019Industrie, de l\u2019Energie et de petites et moyennes Entreprises. Les dossiers et les registres de cette s\u00e9rie concernent la situation financi\u00e8re et l\u2019activit\u00e9 administrative de la Compagnie des Phosphates et du Chemin de Fer de Gafsa ainsi que le mine de Kalaa-Djerda et celui de Djebel Mdhilla.<\/p>\n<\/div><div class=\"mks_tab_item\"><div class=\"nav\">S\u00e9rie M5 (Communes de Tunisie)<\/div>La s\u00e9rie des communes est le r\u00e9sultat de l\u2019activit\u00e9 de l\u2019administration communale de la Tunisie. Elle refl\u00e8te :<br \/>-la formation des municipalit\u00e9s, des commissions municipales et des commissions de voirie.<br \/>&#8211; la nomination des pr\u00e9sidents, des vices pr\u00e9sidents et des membres des commissions communales<br \/>-le r\u00e8glement des budgets locaux<br \/>&#8211; la gestion du personnel : fonctionnaires municipaux, receveurs secr\u00e9taires, interpr\u00e8tes, m\u00e9decins, v\u00e9t\u00e9rinaires\u2026.<br \/>Cette s\u00e9rie comprend 5225 dossiers constitu\u00e9s de textes r\u00e9glementaires, des plans, des correspondances et des proc\u00e8s-verbaux Les documents de cette s\u00e9rie ont \u00e9t\u00e9 vers\u00e9s par le Minist\u00e8re de l\u2019Int\u00e9rieur depuis 2005.<\/p>\n<\/div><div class=\"mks_tab_item\"><div class=\"nav\">S\u00e9rie M6 (Direction de l\u2019Enseignement Public)<\/div>\n<p>Cette s\u00e9rie comprend <strong>10218<\/strong> registres et dossiers administratifs du personnel et des \u00e9l\u00e8ves du Coll\u00e8ge Alaoui et le Coll\u00e8ge Sadiki ainsi que des documents relatifs aux recettes et aux d\u00e9penses des \u00e9tablissements rattach\u00e9s \u00e0 la Direction de l\u2019Enseignement Public. <\/div><div class=\"mks_tab_item\"><div class=\"nav\">S\u00e9rie M7 (Direction des Finances Publiques)<\/div>\n<p>Cette s\u00e9rie comprend <strong>3629<\/strong> dossiers vers\u00e9s par le Minist\u00e8re des Finances en 2002. Elle contient aussi des registres, des correspondances et des documents comptables concernant la Caisse fonci\u00e8re de Tunisie, Caisse centrale de cr\u00e9dit artisanal et maritime, la Banque Coop\u00e9rative de Tunis et les Documents du Victor Sabban<strong>\u00a0.<\/strong><\/div>\n<div class=\"mks_tab_item\"><div class=\"nav\">S\u00e9rieM8 (Direction de la Justice Tunisienne)<\/div>\n<p>Cette s\u00e9rie comprend 1225 dossiers et registres relatifs \u00e0 :<br \/>&#8211; L\u2019am\u00e9nagement des prisons civiles<br \/>&#8211; La comptabilit\u00e9 des recettes et des d\u00e9penses des services p\u00e9nitentiaires<br \/>&#8211; La lib\u00e9ration conditionnelle des d\u00e9tenus<br \/>&#8211; La gestion du personnel<\/p>\n<\/div>\n<div class=\"mks_tab_item\"><div class=\"nav\">S\u00e9rie M9 (L\u2019office Tunisien des Postes, T\u00e9l\u00e9graphes et T\u00e9l\u00e9phones)<\/div>\n<p>comprend 24 dossiers relatifs aux sujets suivants :<\/p>\n<ul>\n<li>Le r\u00e8glement des dossiers administratifs du personnel<\/li>\n<li>La gestion budg\u00e9taire de l\u2019office<\/li>\n<li>L\u2019activit\u00e9 de la f\u00e9d\u00e9ration postale<\/li>\n<\/ul>\n<\/div>\n<div class=\"mks_tab_item\"><div class=\"nav\">S\u00e9rie RJH<\/div>\n<p>comprend 10947 registres issus des activit\u00e9s de la \u00ab Jam\u00efa \u00bb et de ses d\u00e9l\u00e9gations dans diverses r\u00e9gions du pays. On y trouve les registres des revenus, du contr\u00f4le, les salaires, ainsi que les registres des Habous priv\u00e9s.<\/p>\n<\/div>\n<div class=\"mks_tab_item\"><div class=\"nav\">S\u00e9rie RDF<\/div>\n<p>Les registres de cette s\u00e9rie sont au nombre de 792. Ils sont relatifs aux revenus fiscaux de l&#8217;\u00c9tat, aux d\u00e9penses en esp\u00e8ces et en nature pour ses services.<\/p>\n<\/div>\n<div class=\"mks_tab_item\"><div class=\"nav\">S\u00e9rie RN<\/div>\n<p>comprend 15371 registres de notaires musulmans et isra\u00e9lites.\u00a0<\/p>\n<\/div>\n<div class=\"mks_tab_item\"><div class=\"nav\">S\u00e9rie REC<\/div>\n<p>Cette s\u00e9rie comprend 906 registres produits par le Tribunal de Premi\u00e8re Instance du Kef. Elle a \u00e9t\u00e9 trait\u00e9 et class\u00e9 en trois sous-s\u00e9ries\u00a0:<\/p>\n<p>Registres de mariage, au nombre de 99<\/p>\n<p>Registres de d\u00e9c\u00e8s, au nombre de 153<\/p>\n<p>Registres de naissance, au nombre de 654<\/p>\n<\/div>\n<\/div>\n<p>\u00a0<\/p>","protected":false},"excerpt":{"rendered":"<p>Les fonds dont disposent actuellement les Archives Nationales de Tunisie concernent l&#8217;histoire de la Tunisie de la fin du XV si\u00e8cle jusqu&#8217;\u00e0 pr\u00e9sent. P\u00e9riode pr\u00e9coloniale Les documents relatifs \u00e0 la p\u00e9riode pr\u00e9coloniale sont class\u00e9s dans dans trois s\u00e9ries\u00a0: P\u00e9riode coloniale Les documents de la p\u00e9riode coloniale (1881- 1956) sont class\u00e9s dans les s\u00e9ries suivantes : [&hellip;]<\/p>\n","protected":false},"author":1,"featured_media":0,"parent":0,"menu_order":0,"comment_status":"closed","ping_status":"closed","template":"","meta":{"_monsterinsights_skip_tracking":false,"_monsterinsights_sitenote_active":false,"_monsterinsights_sitenote_note":"","_monsterinsights_sitenote_category":0,"footnotes":""},"class_list":["post-1181","page","type-page","status-publish","hentry"],"yoast_head":"<!-- This site is optimized with the Yoast SEO plugin v26.0 - https:\/\/yoast.com\/wordpress\/plugins\/seo\/ -->\n<title>Fonds conserv\u00e9s - Archives Nationales de Tunisie<\/title>\n<meta name=\"robots\" content=\"index, follow, max-snippet:-1, max-image-preview:large, max-video-preview:-1\" \/>\n<link rel=\"canonical\" href=\"https:\/\/www.archives.nat.tn\/fr\/fonds-conserves\/\" \/>\n<meta property=\"og:locale\" content=\"fr_FR\" \/>\n<meta property=\"og:type\" content=\"article\" \/>\n<meta property=\"og:title\" content=\"Fonds conserv\u00e9s - Archives Nationales de Tunisie\" \/>\n<meta property=\"og:description\" content=\"Les fonds dont disposent actuellement les Archives Nationales de Tunisie concernent l&#8217;histoire de la Tunisie de la fin du XV si\u00e8cle jusqu&#8217;\u00e0 pr\u00e9sent. P\u00e9riode pr\u00e9coloniale Les documents relatifs \u00e0 la p\u00e9riode pr\u00e9coloniale sont class\u00e9s dans dans trois s\u00e9ries\u00a0: P\u00e9riode coloniale Les documents de la p\u00e9riode coloniale (1881- 1956) sont class\u00e9s dans les s\u00e9ries suivantes : [&hellip;]\" \/>\n<meta property=\"og:url\" content=\"https:\/\/www.archives.nat.tn\/fr\/fonds-conserves\/\" \/>\n<meta property=\"og:site_name\" content=\"Archives Nationales de Tunisie\" \/>\n<meta property=\"article:modified_time\" content=\"2022-09-16T13:38:42+00:00\" \/>\n<meta name=\"twitter:card\" content=\"summary_large_image\" \/>\n<meta name=\"twitter:label1\" content=\"Dur\u00e9e de lecture estim\u00e9e\" \/>\n\t<meta name=\"twitter:data1\" content=\"9 minutes\" \/>\n<script type=\"application\/ld+json\" class=\"yoast-schema-graph\">{\"@context\":\"https:\/\/schema.org\",\"@graph\":[{\"@type\":\"WebPage\",\"@id\":\"https:\/\/www.archives.nat.tn\/fr\/fonds-conserves\/\",\"url\":\"https:\/\/www.archives.nat.tn\/fr\/fonds-conserves\/\",\"name\":\"Fonds conserv\u00e9s - Archives Nationales de Tunisie\",\"isPartOf\":{\"@id\":\"https:\/\/www.archives.nat.tn\/fr\/#website\"},\"datePublished\":\"2022-03-22T09:04:46+00:00\",\"dateModified\":\"2022-09-16T13:38:42+00:00\",\"breadcrumb\":{\"@id\":\"https:\/\/www.archives.nat.tn\/fr\/fonds-conserves\/#breadcrumb\"},\"inLanguage\":\"fr-FR\",\"potentialAction\":[{\"@type\":\"ReadAction\",\"target\":[\"https:\/\/www.archives.nat.tn\/fr\/fonds-conserves\/\"]}]},{\"@type\":\"BreadcrumbList\",\"@id\":\"https:\/\/www.archives.nat.tn\/fr\/fonds-conserves\/#breadcrumb\",\"itemListElement\":[{\"@type\":\"ListItem\",\"position\":1,\"name\":\"Accueil\",\"item\":\"https:\/\/www.archives.nat.tn\/fr\/\"},{\"@type\":\"ListItem\",\"position\":2,\"name\":\"Fonds conserv\u00e9s\"}]},{\"@type\":\"WebSite\",\"@id\":\"https:\/\/www.archives.nat.tn\/fr\/#website\",\"url\":\"https:\/\/www.archives.nat.tn\/fr\/\",\"name\":\"Archives Nationales de Tunisie\",\"description\":\"\",\"publisher\":{\"@id\":\"https:\/\/www.archives.nat.tn\/fr\/#organization\"},\"potentialAction\":[{\"@type\":\"SearchAction\",\"target\":{\"@type\":\"EntryPoint\",\"urlTemplate\":\"https:\/\/www.archives.nat.tn\/fr\/?s={search_term_string}\"},\"query-input\":{\"@type\":\"PropertyValueSpecification\",\"valueRequired\":true,\"valueName\":\"search_term_string\"}}],\"inLanguage\":\"fr-FR\"},{\"@type\":\"Organization\",\"@id\":\"https:\/\/www.archives.nat.tn\/fr\/#organization\",\"name\":\"Les Archives Nationales de Tunisie\",\"url\":\"https:\/\/www.archives.nat.tn\/fr\/\",\"logo\":{\"@type\":\"ImageObject\",\"inLanguage\":\"fr-FR\",\"@id\":\"https:\/\/www.archives.nat.tn\/fr\/#\/schema\/logo\/image\/\",\"url\":\"http:\/\/www.archives.nat.tn\/wp-content\/uploads\/2022\/07\/logo-ant.png\",\"contentUrl\":\"http:\/\/www.archives.nat.tn\/wp-content\/uploads\/2022\/07\/logo-ant.png\",\"width\":1719,\"height\":1239,\"caption\":\"Les Archives Nationales de Tunisie\"},\"image\":{\"@id\":\"https:\/\/www.archives.nat.tn\/fr\/#\/schema\/logo\/image\/\"}}]}<\/script>\n<!-- \/ Yoast SEO plugin. -->","yoast_head_json":{"title":"Fonds conserv\u00e9s - Archives Nationales de Tunisie","robots":{"index":"index","follow":"follow","max-snippet":"max-snippet:-1","max-image-preview":"max-image-preview:large","max-video-preview":"max-video-preview:-1"},"canonical":"https:\/\/www.archives.nat.tn\/fr\/fonds-conserves\/","og_locale":"fr_FR","og_type":"article","og_title":"Fonds conserv\u00e9s - Archives Nationales de Tunisie","og_description":"Les fonds dont disposent actuellement les Archives Nationales de Tunisie concernent l&#8217;histoire de la Tunisie de la fin du XV si\u00e8cle jusqu&#8217;\u00e0 pr\u00e9sent. P\u00e9riode pr\u00e9coloniale Les documents relatifs \u00e0 la p\u00e9riode pr\u00e9coloniale sont class\u00e9s dans dans trois s\u00e9ries\u00a0: P\u00e9riode coloniale Les documents de la p\u00e9riode coloniale (1881- 1956) sont class\u00e9s dans les s\u00e9ries suivantes : [&hellip;]","og_url":"https:\/\/www.archives.nat.tn\/fr\/fonds-conserves\/","og_site_name":"Archives Nationales de Tunisie","article_modified_time":"2022-09-16T13:38:42+00:00","twitter_card":"summary_large_image","twitter_misc":{"Dur\u00e9e de lecture estim\u00e9e":"9 minutes"},"schema":{"@context":"https:\/\/schema.org","@graph":[{"@type":"WebPage","@id":"https:\/\/www.archives.nat.tn\/fr\/fonds-conserves\/","url":"https:\/\/www.archives.nat.tn\/fr\/fonds-conserves\/","name":"Fonds conserv\u00e9s - Archives Nationales de Tunisie","isPartOf":{"@id":"https:\/\/www.archives.nat.tn\/fr\/#website"},"datePublished":"2022-03-22T09:04:46+00:00","dateModified":"2022-09-16T13:38:42+00:00","breadcrumb":{"@id":"https:\/\/www.archives.nat.tn\/fr\/fonds-conserves\/#breadcrumb"},"inLanguage":"fr-FR","potentialAction":[{"@type":"ReadAction","target":["https:\/\/www.archives.nat.tn\/fr\/fonds-conserves\/"]}]},{"@type":"BreadcrumbList","@id":"https:\/\/www.archives.nat.tn\/fr\/fonds-conserves\/#breadcrumb","itemListElement":[{"@type":"ListItem","position":1,"name":"Accueil","item":"https:\/\/www.archives.nat.tn\/fr\/"},{"@type":"ListItem","position":2,"name":"Fonds conserv\u00e9s"}]},{"@type":"WebSite","@id":"https:\/\/www.archives.nat.tn\/fr\/#website","url":"https:\/\/www.archives.nat.tn\/fr\/","name":"Archives Nationales de Tunisie","description":"","publisher":{"@id":"https:\/\/www.archives.nat.tn\/fr\/#organization"},"potentialAction":[{"@type":"SearchAction","target":{"@type":"EntryPoint","urlTemplate":"https:\/\/www.archives.nat.tn\/fr\/?s={search_term_string}"},"query-input":{"@type":"PropertyValueSpecification","valueRequired":true,"valueName":"search_term_string"}}],"inLanguage":"fr-FR"},{"@type":"Organization","@id":"https:\/\/www.archives.nat.tn\/fr\/#organization","name":"Les Archives Nationales de Tunisie","url":"https:\/\/www.archives.nat.tn\/fr\/","logo":{"@type":"ImageObject","inLanguage":"fr-FR","@id":"https:\/\/www.archives.nat.tn\/fr\/#\/schema\/logo\/image\/","url":"http:\/\/www.archives.nat.tn\/wp-content\/uploads\/2022\/07\/logo-ant.png","contentUrl":"http:\/\/www.archives.nat.tn\/wp-content\/uploads\/2022\/07\/logo-ant.png","width":1719,"height":1239,"caption":"Les Archives Nationales de Tunisie"},"image":{"@id":"https:\/\/www.archives.nat.tn\/fr\/#\/schema\/logo\/image\/"}}]}},"_links":{"self":[{"href":"https:\/\/www.archives.nat.tn\/fr\/wp-json\/wp\/v2\/pages\/1181","targetHints":{"allow":["GET"]}}],"collection":[{"href":"https:\/\/www.archives.nat.tn\/fr\/wp-json\/wp\/v2\/pages"}],"about":[{"href":"https:\/\/www.archives.nat.tn\/fr\/wp-json\/wp\/v2\/types\/page"}],"author":[{"embeddable":true,"href":"https:\/\/www.archives.nat.tn\/fr\/wp-json\/wp\/v2\/users\/1"}],"replies":[{"embeddable":true,"href":"https:\/\/www.archives.nat.tn\/fr\/wp-json\/wp\/v2\/comments?post=1181"}],"version-history":[{"count":13,"href":"https:\/\/www.archives.nat.tn\/fr\/wp-json\/wp\/v2\/pages\/1181\/revisions"}],"predecessor-version":[{"id":2252,"href":"https:\/\/www.archives.nat.tn\/fr\/wp-json\/wp\/v2\/pages\/1181\/revisions\/2252"}],"wp:attachment":[{"href":"https:\/\/www.archives.nat.tn\/fr\/wp-json\/wp\/v2\/media?parent=1181"}],"curies":[{"name":"wp","href":"https:\/\/api.w.org\/{rel}","templated":true}]}}