{"id":1190,"date":"2022-03-22T16:28:56","date_gmt":"2022-03-22T15:28:56","guid":{"rendered":"http:\/\/www.archives.nat.tn\/?page_id=1190"},"modified":"2022-09-16T13:50:00","modified_gmt":"2022-09-16T12:50:00","slug":"publications","status":"publish","type":"page","link":"https:\/\/www.archives.nat.tn\/fr\/publications\/","title":{"rendered":"Publications"},"content":{"rendered":"\n<h5 class=\"wp-block-heading\"><strong>Liste des publications des Archives Nationales de Tunisie&nbsp;&nbsp;<\/strong><\/h5>\n\n\n<h5><i class=\"fa fa-book\" style=\"color: #1e73be\"><\/i> <strong>Livres<\/strong><\/h5>\n<p>&#8211;<strong> Actes de\u00a0 la deuxi\u00e8me conf\u00e9rence des experts arabes en<\/strong> <strong>archivistique, Tunis 7-8 mars 1990<\/strong> ,1990\u00a0 \u00a0 (en langue arabe).<\/p>\n<p>&#8211; <strong>Sommaire des registres administratifs et fiscaux aux archives<\/strong> <strong>nationales tunisiennes<\/strong>, Moncef fakhfakh , 1990\u00a0 \u00a0(en langue arabe).<\/p>\n<p>&#8211; <strong>Evolution des structures de l\u2019administration centrale tunisienne<\/strong> <strong>(1860-1956)<\/strong> , 2005 <span style=\"font-size: revert; background-color: transparent;\">(en langue arabe).<\/span><\/p>\n<p>&#8211;<strong>Proc\u00e9dures de la gestion des documents et des archives<\/strong>. 2009 (en langue arabe).<\/p>\n<p>&#8211; <strong>Guide de la gestion des documents vitaux<\/strong> .2009 (en langue arabe).<\/p>\n<p>&#8211; <strong>Les archives, l\u2019histoire de l\u2019administration et les agents de l\u2019Etat en Tunisie<\/strong> <strong>pendant les p\u00e9riodes moderne et contemporaine<\/strong>, 2010 (en langue arabe).<\/p>\n<p>&#8211; <strong>Les<\/strong> <strong>familles \u00a0du Makhzen dans la R\u00e9gence de Tunis \u00e0 l\u2019\u00e9poque husseinite (1705-1881), Mahdi jrad .<\/strong>2011\u00a0 (en langue arabe).<\/p>\n<p>&#8211; <strong>Les archives, la soci\u00e9t\u00e9 et les sciences humaines<\/strong>, 2012 (en langue arabe).<\/p>\n<p>&#8211; <strong>La dimension africaine dans la politique ext\u00e9rieure tunisienne<\/strong> <strong>(1956-1986), <\/strong>2017\u00a0 \u00a0(en langue arabe).<\/p>\n<p>&#8211; <strong>L\u2019administration tunisienne (1730-1957). <\/strong>2018\u00a0 \u00a0(en langue arabe).<\/p>\n<p>&#8211;<strong> L\u2019administration tunisienne (1730-1957). <\/strong>2018<\/p>\n<p>&#8211;<strong>Les municipalit\u00e9s en Tunisie \u00e0 travers les fonds des Archives<\/strong> <strong>Nationales de Tunisie<\/strong>, 2020\u00a0 (en langue arabe).<\/p>\n<p>&#8211;<strong>les droits de l\u2019homme en Tunisie \u00e0 travers les documents des<\/strong> <strong>Archives Nationales de Tunisie (1846-1956),<\/strong> 2020 (en langue arabe).<\/p>\n<h5><i class=\"fa fa-newspaper-o\" style=\"color: #1e73be\"><\/i> <strong>Revues<\/strong><\/h5>\n<p><strong>&#8211;\u00a0 Wathaiq arabia , <\/strong>n\u00b013-14,1990 \u00a0\u00a0\u00a0\u00a0\u00a0\u00a0\u00a0\u00a0\u00a0\u00a0\u00a0\u00a0\u00a0\u00a0\u00a0\u00a0\u00a0\u00a0\u00a0\u00a0\u00a0\u00a0\u00a0(en langue arabe).<\/p>\n<p><strong>&#8211;\u00a0 Thaqira, <\/strong>n\u00b0 1,2008 \u00a0\u00a0\u00a0\u00a0\u00a0\u00a0\u00a0\u00a0\u00a0\u00a0\u00a0\u00a0\u00a0\u00a0\u00a0\u00a0\u00a0\u00a0\u00a0\u00a0\u00a0\u00a0\u00a0\u00a0\u00a0\u00a0\u00a0\u00a0\u00a0\u00a0\u00a0\u00a0\u00a0\u00a0\u00a0\u00a0\u00a0\u00a0\u00a0\u00a0\u00a0\u00a0\u00a0\u00a0\u00a0\u00a0(en langue arabe).<\/p>\n<p><strong>&#8211; Thaqira, <\/strong>n\u00b02\u00a0,2009 \u00a0\u00a0\u00a0\u00a0\u00a0\u00a0\u00a0\u00a0\u00a0\u00a0\u00a0\u00a0\u00a0\u00a0\u00a0(en langue arabe).<\/p>\n<p><strong>&#8211; Thaqira, <\/strong>num\u00e9ro sp\u00e9cial, 2010 \u00a0\u00a0\u00a0\u00a0\u00a0\u00a0\u00a0\u00a0\u00a0\u00a0\u00a0\u00a0\u00a0\u00a0(en langue arabe).<\/p>\n<p><strong>&#8211; Cahiers des archives, <\/strong>quelques documents du XVI \u00e8me et du \u00a0XVII \u00e8me si\u00e8cle, 2009\u00a0 (en langue arabe).<\/p>\n<p><strong>&#8211; Cahiers des archives,<\/strong> le registre fiscal n\u00b01,2010 (en langue arabe).<\/p>\n<p><strong>&#8211; Cahiers des archives<\/strong>, trait\u00e9s et conventions diplomatiques entre la Tunisie et les puissances occidentales (1626-1955) ,2011\u00a0(en langue arabe).<\/p>\n<p><strong>&#8211; Cahiers des archives<\/strong>, trait\u00e9s et conventions diplomatiques entre la Tunisie et les puissances occidentales au XIX \u00e8me si\u00e8cle, 2012 \u00a0\u00a0\u00a0\u00a0\u00a0(en langue arabe). \u00a0\u00a0\u00a0\u00a0\u00a0\u00a0\u00a0\u00a0\u00a0\u00a0\u00a0<\/p>\n<p><strong>&#8211; Archives-Histoire, <\/strong>n\u00b01 , 2014 \u00a0\u00a0\u00a0\u00a0\u00a0\u00a0\u00a0\u00a0\u00a0\u00a0\u00a0\u00a0\u00a0\u00a0\u00a0\u00a0\u00a0\u00a0\u00a0(en langue arabe).<\/p>\n<p><strong>&#8211; Archives-Histoire, <\/strong>num\u00e9ro sp\u00e9cial, 2016 (en langue arabe).<\/p>\n<p><strong>&#8211; Archives\u2013Histoire, <\/strong>n\u00b02-3 , 2018 \u00a0\u00a0\u00a0\u00a0\u00a0\u00a0\u00a0\u00a0\u00a0(en langue arabe).<\/p>","protected":false},"excerpt":{"rendered":"<p>Liste des publications des Archives Nationales de Tunisie&nbsp;&nbsp; Livres &#8211; Actes de\u00a0 la deuxi\u00e8me conf\u00e9rence des experts arabes en archivistique, Tunis 7-8 mars 1990 ,1990\u00a0 \u00a0 (en langue arabe). &#8211; Sommaire des registres administratifs et fiscaux aux archives nationales tunisiennes, Moncef fakhfakh , 1990\u00a0 \u00a0(en langue arabe). &#8211; Evolution des structures de l\u2019administration centrale tunisienne [&hellip;]<\/p>\n","protected":false},"author":1,"featured_media":0,"parent":0,"menu_order":0,"comment_status":"closed","ping_status":"closed","template":"","meta":{"_monsterinsights_skip_tracking":false,"_monsterinsights_sitenote_active":false,"_monsterinsights_sitenote_note":"","_monsterinsights_sitenote_category":0,"footnotes":""},"class_list":["post-1190","page","type-page","status-publish","hentry"],"yoast_head":"<!-- This site is optimized with the Yoast SEO plugin v26.0 - https:\/\/yoast.com\/wordpress\/plugins\/seo\/ -->\n<title>Publications - Archives Nationales de Tunisie<\/title>\n<meta name=\"robots\" content=\"index, follow, max-snippet:-1, max-image-preview:large, max-video-preview:-1\" \/>\n<link rel=\"canonical\" href=\"https:\/\/www.archives.nat.tn\/fr\/publications\/\" \/>\n<meta property=\"og:locale\" content=\"fr_FR\" \/>\n<meta property=\"og:type\" content=\"article\" \/>\n<meta property=\"og:title\" content=\"Publications - Archives Nationales de Tunisie\" \/>\n<meta property=\"og:description\" content=\"Liste des publications des Archives Nationales de Tunisie&nbsp;&nbsp; Livres &#8211; Actes de\u00a0 la deuxi\u00e8me conf\u00e9rence des experts arabes en archivistique, Tunis 7-8 mars 1990 ,1990\u00a0 \u00a0 (en langue arabe). &#8211; Sommaire des registres administratifs et fiscaux aux archives nationales tunisiennes, Moncef fakhfakh , 1990\u00a0 \u00a0(en langue arabe). &#8211; Evolution des structures de l\u2019administration centrale tunisienne [&hellip;]\" \/>\n<meta property=\"og:url\" content=\"https:\/\/www.archives.nat.tn\/fr\/publications\/\" \/>\n<meta property=\"og:site_name\" content=\"Archives Nationales de Tunisie\" \/>\n<meta property=\"article:modified_time\" content=\"2022-09-16T12:50:00+00:00\" \/>\n<meta name=\"twitter:card\" content=\"summary_large_image\" \/>\n<meta name=\"twitter:label1\" content=\"Dur\u00e9e de lecture estim\u00e9e\" \/>\n\t<meta name=\"twitter:data1\" content=\"2 minutes\" \/>\n<script type=\"application\/ld+json\" class=\"yoast-schema-graph\">{\"@context\":\"https:\/\/schema.org\",\"@graph\":[{\"@type\":\"WebPage\",\"@id\":\"https:\/\/www.archives.nat.tn\/fr\/publications\/\",\"url\":\"https:\/\/www.archives.nat.tn\/fr\/publications\/\",\"name\":\"Publications - Archives Nationales de Tunisie\",\"isPartOf\":{\"@id\":\"https:\/\/www.archives.nat.tn\/fr\/#website\"},\"datePublished\":\"2022-03-22T15:28:56+00:00\",\"dateModified\":\"2022-09-16T12:50:00+00:00\",\"breadcrumb\":{\"@id\":\"https:\/\/www.archives.nat.tn\/fr\/publications\/#breadcrumb\"},\"inLanguage\":\"fr-FR\",\"potentialAction\":[{\"@type\":\"ReadAction\",\"target\":[\"https:\/\/www.archives.nat.tn\/fr\/publications\/\"]}]},{\"@type\":\"BreadcrumbList\",\"@id\":\"https:\/\/www.archives.nat.tn\/fr\/publications\/#breadcrumb\",\"itemListElement\":[{\"@type\":\"ListItem\",\"position\":1,\"name\":\"Accueil\",\"item\":\"https:\/\/www.archives.nat.tn\/fr\/\"},{\"@type\":\"ListItem\",\"position\":2,\"name\":\"Publications\"}]},{\"@type\":\"WebSite\",\"@id\":\"https:\/\/www.archives.nat.tn\/fr\/#website\",\"url\":\"https:\/\/www.archives.nat.tn\/fr\/\",\"name\":\"Archives Nationales de Tunisie\",\"description\":\"\",\"publisher\":{\"@id\":\"https:\/\/www.archives.nat.tn\/fr\/#organization\"},\"potentialAction\":[{\"@type\":\"SearchAction\",\"target\":{\"@type\":\"EntryPoint\",\"urlTemplate\":\"https:\/\/www.archives.nat.tn\/fr\/?s={search_term_string}\"},\"query-input\":{\"@type\":\"PropertyValueSpecification\",\"valueRequired\":true,\"valueName\":\"search_term_string\"}}],\"inLanguage\":\"fr-FR\"},{\"@type\":\"Organization\",\"@id\":\"https:\/\/www.archives.nat.tn\/fr\/#organization\",\"name\":\"Les Archives Nationales de Tunisie\",\"url\":\"https:\/\/www.archives.nat.tn\/fr\/\",\"logo\":{\"@type\":\"ImageObject\",\"inLanguage\":\"fr-FR\",\"@id\":\"https:\/\/www.archives.nat.tn\/fr\/#\/schema\/logo\/image\/\",\"url\":\"http:\/\/www.archives.nat.tn\/wp-content\/uploads\/2022\/07\/logo-ant.png\",\"contentUrl\":\"http:\/\/www.archives.nat.tn\/wp-content\/uploads\/2022\/07\/logo-ant.png\",\"width\":1719,\"height\":1239,\"caption\":\"Les Archives Nationales de Tunisie\"},\"image\":{\"@id\":\"https:\/\/www.archives.nat.tn\/fr\/#\/schema\/logo\/image\/\"}}]}<\/script>\n<!-- \/ Yoast SEO plugin. -->","yoast_head_json":{"title":"Publications - Archives Nationales de Tunisie","robots":{"index":"index","follow":"follow","max-snippet":"max-snippet:-1","max-image-preview":"max-image-preview:large","max-video-preview":"max-video-preview:-1"},"canonical":"https:\/\/www.archives.nat.tn\/fr\/publications\/","og_locale":"fr_FR","og_type":"article","og_title":"Publications - Archives Nationales de Tunisie","og_description":"Liste des publications des Archives Nationales de Tunisie&nbsp;&nbsp; Livres &#8211; Actes de\u00a0 la deuxi\u00e8me conf\u00e9rence des experts arabes en archivistique, Tunis 7-8 mars 1990 ,1990\u00a0 \u00a0 (en langue arabe). &#8211; Sommaire des registres administratifs et fiscaux aux archives nationales tunisiennes, Moncef fakhfakh , 1990\u00a0 \u00a0(en langue arabe). &#8211; Evolution des structures de l\u2019administration centrale tunisienne [&hellip;]","og_url":"https:\/\/www.archives.nat.tn\/fr\/publications\/","og_site_name":"Archives Nationales de Tunisie","article_modified_time":"2022-09-16T12:50:00+00:00","twitter_card":"summary_large_image","twitter_misc":{"Dur\u00e9e de lecture estim\u00e9e":"2 minutes"},"schema":{"@context":"https:\/\/schema.org","@graph":[{"@type":"WebPage","@id":"https:\/\/www.archives.nat.tn\/fr\/publications\/","url":"https:\/\/www.archives.nat.tn\/fr\/publications\/","name":"Publications - Archives Nationales de Tunisie","isPartOf":{"@id":"https:\/\/www.archives.nat.tn\/fr\/#website"},"datePublished":"2022-03-22T15:28:56+00:00","dateModified":"2022-09-16T12:50:00+00:00","breadcrumb":{"@id":"https:\/\/www.archives.nat.tn\/fr\/publications\/#breadcrumb"},"inLanguage":"fr-FR","potentialAction":[{"@type":"ReadAction","target":["https:\/\/www.archives.nat.tn\/fr\/publications\/"]}]},{"@type":"BreadcrumbList","@id":"https:\/\/www.archives.nat.tn\/fr\/publications\/#breadcrumb","itemListElement":[{"@type":"ListItem","position":1,"name":"Accueil","item":"https:\/\/www.archives.nat.tn\/fr\/"},{"@type":"ListItem","position":2,"name":"Publications"}]},{"@type":"WebSite","@id":"https:\/\/www.archives.nat.tn\/fr\/#website","url":"https:\/\/www.archives.nat.tn\/fr\/","name":"Archives Nationales de Tunisie","description":"","publisher":{"@id":"https:\/\/www.archives.nat.tn\/fr\/#organization"},"potentialAction":[{"@type":"SearchAction","target":{"@type":"EntryPoint","urlTemplate":"https:\/\/www.archives.nat.tn\/fr\/?s={search_term_string}"},"query-input":{"@type":"PropertyValueSpecification","valueRequired":true,"valueName":"search_term_string"}}],"inLanguage":"fr-FR"},{"@type":"Organization","@id":"https:\/\/www.archives.nat.tn\/fr\/#organization","name":"Les Archives Nationales de Tunisie","url":"https:\/\/www.archives.nat.tn\/fr\/","logo":{"@type":"ImageObject","inLanguage":"fr-FR","@id":"https:\/\/www.archives.nat.tn\/fr\/#\/schema\/logo\/image\/","url":"http:\/\/www.archives.nat.tn\/wp-content\/uploads\/2022\/07\/logo-ant.png","contentUrl":"http:\/\/www.archives.nat.tn\/wp-content\/uploads\/2022\/07\/logo-ant.png","width":1719,"height":1239,"caption":"Les Archives Nationales de Tunisie"},"image":{"@id":"https:\/\/www.archives.nat.tn\/fr\/#\/schema\/logo\/image\/"}}]}},"_links":{"self":[{"href":"https:\/\/www.archives.nat.tn\/fr\/wp-json\/wp\/v2\/pages\/1190","targetHints":{"allow":["GET"]}}],"collection":[{"href":"https:\/\/www.archives.nat.tn\/fr\/wp-json\/wp\/v2\/pages"}],"about":[{"href":"https:\/\/www.archives.nat.tn\/fr\/wp-json\/wp\/v2\/types\/page"}],"author":[{"embeddable":true,"href":"https:\/\/www.archives.nat.tn\/fr\/wp-json\/wp\/v2\/users\/1"}],"replies":[{"embeddable":true,"href":"https:\/\/www.archives.nat.tn\/fr\/wp-json\/wp\/v2\/comments?post=1190"}],"version-history":[{"count":5,"href":"https:\/\/www.archives.nat.tn\/fr\/wp-json\/wp\/v2\/pages\/1190\/revisions"}],"predecessor-version":[{"id":2235,"href":"https:\/\/www.archives.nat.tn\/fr\/wp-json\/wp\/v2\/pages\/1190\/revisions\/2235"}],"wp:attachment":[{"href":"https:\/\/www.archives.nat.tn\/fr\/wp-json\/wp\/v2\/media?parent=1190"}],"curies":[{"name":"wp","href":"https:\/\/api.w.org\/{rel}","templated":true}]}}