{"id":1197,"date":"2022-03-22T16:40:11","date_gmt":"2022-03-22T15:40:11","guid":{"rendered":"http:\/\/www.archives.nat.tn\/?page_id=1197"},"modified":"2022-03-22T16:40:12","modified_gmt":"2022-03-22T15:40:12","slug":"fonds-documentaire","status":"publish","type":"page","link":"https:\/\/www.archives.nat.tn\/fr\/fonds-documentaire\/","title":{"rendered":"Fonds documentaire"},"content":{"rendered":"<p>Le fonds documentaire se compose de :<\/p>\n<i class=\"fa fa-angle-double-right\" style=\"color: #1e73be\"><\/i> La collection compl\u00e8te du Journal officiel \u00e0 partir de sa parution en langue arabe en 1860 et en langue fran\u00e7aise en 1883. Cette collection comprend \u00e9galement les originaux des textes l\u00e9gislatifs et r\u00e9glementaires publi\u00e9s<\/p>\n<i class=\"fa fa-angle-double-right\" style=\"color: #1e73be\"><\/i> La collection de journaux en langues arabe (153) fran\u00e7aise (203) italienne (20) et en jud\u00e9oarabe (05) ainsi que des p\u00e9riodiques (1156) en langue arabe et (1957) en langue fran\u00e7aise<\/p>\n<i class=\"fa fa-angle-double-right\" style=\"color: #1e73be\"><\/i> La biblioth\u00e8que historique : comprend pr\u00e8s de 8071 monographies, 2840 en langue arabe et 5231 en langue fran\u00e7aise relatives essentiellement \u00e0 l&#8217;histoire de la Tunisie.<\/p>\n<i class=\"fa fa-angle-double-right\" style=\"color: #1e73be\"><\/i> Le chercheur peut acc\u00e9der \u00e0 ces documents en consultant le fichier manuel <strong>ou la base de donn\u00e9es documentaire\u00a0<\/strong>accessible \u00e0 la salle de recherche.<\/p>\n","protected":false},"excerpt":{"rendered":"<p>Le fonds documentaire se compose de : La collection compl\u00e8te du Journal officiel \u00e0 partir de sa parution en langue arabe en 1860 et en langue fran\u00e7aise en 1883. Cette collection comprend \u00e9galement les originaux des textes l\u00e9gislatifs et r\u00e9glementaires publi\u00e9s La collection de journaux en langues arabe (153) fran\u00e7aise (203) italienne (20) et en [&hellip;]<\/p>\n","protected":false},"author":1,"featured_media":0,"parent":0,"menu_order":0,"comment_status":"closed","ping_status":"closed","template":"","meta":{"_monsterinsights_skip_tracking":false,"_monsterinsights_sitenote_active":false,"_monsterinsights_sitenote_note":"","_monsterinsights_sitenote_category":0,"footnotes":""},"class_list":["post-1197","page","type-page","status-publish","hentry"],"yoast_head":"<!-- This site is optimized with the Yoast SEO plugin v26.0 - https:\/\/yoast.com\/wordpress\/plugins\/seo\/ -->\n<title>Fonds documentaire - Archives Nationales de Tunisie<\/title>\n<meta name=\"robots\" content=\"index, follow, max-snippet:-1, max-image-preview:large, max-video-preview:-1\" \/>\n<link rel=\"canonical\" href=\"https:\/\/www.archives.nat.tn\/fr\/fonds-documentaire\/\" \/>\n<meta property=\"og:locale\" content=\"fr_FR\" \/>\n<meta property=\"og:type\" content=\"article\" \/>\n<meta property=\"og:title\" content=\"Fonds documentaire - Archives Nationales de Tunisie\" \/>\n<meta property=\"og:description\" content=\"Le fonds documentaire se compose de : La collection compl\u00e8te du Journal officiel \u00e0 partir de sa parution en langue arabe en 1860 et en langue fran\u00e7aise en 1883. Cette collection comprend \u00e9galement les originaux des textes l\u00e9gislatifs et r\u00e9glementaires publi\u00e9s La collection de journaux en langues arabe (153) fran\u00e7aise (203) italienne (20) et en [&hellip;]\" \/>\n<meta property=\"og:url\" content=\"https:\/\/www.archives.nat.tn\/fr\/fonds-documentaire\/\" \/>\n<meta property=\"og:site_name\" content=\"Archives Nationales de Tunisie\" \/>\n<meta property=\"article:modified_time\" content=\"2022-03-22T15:40:12+00:00\" \/>\n<meta name=\"twitter:card\" content=\"summary_large_image\" \/>\n<meta name=\"twitter:label1\" content=\"Dur\u00e9e de lecture estim\u00e9e\" \/>\n\t<meta name=\"twitter:data1\" content=\"1 minute\" \/>\n<script type=\"application\/ld+json\" class=\"yoast-schema-graph\">{\"@context\":\"https:\/\/schema.org\",\"@graph\":[{\"@type\":\"WebPage\",\"@id\":\"https:\/\/www.archives.nat.tn\/fr\/fonds-documentaire\/\",\"url\":\"https:\/\/www.archives.nat.tn\/fr\/fonds-documentaire\/\",\"name\":\"Fonds documentaire - Archives Nationales de Tunisie\",\"isPartOf\":{\"@id\":\"https:\/\/www.archives.nat.tn\/fr\/#website\"},\"datePublished\":\"2022-03-22T15:40:11+00:00\",\"dateModified\":\"2022-03-22T15:40:12+00:00\",\"breadcrumb\":{\"@id\":\"https:\/\/www.archives.nat.tn\/fr\/fonds-documentaire\/#breadcrumb\"},\"inLanguage\":\"fr-FR\",\"potentialAction\":[{\"@type\":\"ReadAction\",\"target\":[\"https:\/\/www.archives.nat.tn\/fr\/fonds-documentaire\/\"]}]},{\"@type\":\"BreadcrumbList\",\"@id\":\"https:\/\/www.archives.nat.tn\/fr\/fonds-documentaire\/#breadcrumb\",\"itemListElement\":[{\"@type\":\"ListItem\",\"position\":1,\"name\":\"Accueil\",\"item\":\"https:\/\/www.archives.nat.tn\/fr\/\"},{\"@type\":\"ListItem\",\"position\":2,\"name\":\"Fonds documentaire\"}]},{\"@type\":\"WebSite\",\"@id\":\"https:\/\/www.archives.nat.tn\/fr\/#website\",\"url\":\"https:\/\/www.archives.nat.tn\/fr\/\",\"name\":\"Archives Nationales de Tunisie\",\"description\":\"\",\"publisher\":{\"@id\":\"https:\/\/www.archives.nat.tn\/fr\/#organization\"},\"potentialAction\":[{\"@type\":\"SearchAction\",\"target\":{\"@type\":\"EntryPoint\",\"urlTemplate\":\"https:\/\/www.archives.nat.tn\/fr\/?s={search_term_string}\"},\"query-input\":{\"@type\":\"PropertyValueSpecification\",\"valueRequired\":true,\"valueName\":\"search_term_string\"}}],\"inLanguage\":\"fr-FR\"},{\"@type\":\"Organization\",\"@id\":\"https:\/\/www.archives.nat.tn\/fr\/#organization\",\"name\":\"Les Archives Nationales de Tunisie\",\"url\":\"https:\/\/www.archives.nat.tn\/fr\/\",\"logo\":{\"@type\":\"ImageObject\",\"inLanguage\":\"fr-FR\",\"@id\":\"https:\/\/www.archives.nat.tn\/fr\/#\/schema\/logo\/image\/\",\"url\":\"http:\/\/www.archives.nat.tn\/wp-content\/uploads\/2022\/07\/logo-ant.png\",\"contentUrl\":\"http:\/\/www.archives.nat.tn\/wp-content\/uploads\/2022\/07\/logo-ant.png\",\"width\":1719,\"height\":1239,\"caption\":\"Les Archives Nationales de Tunisie\"},\"image\":{\"@id\":\"https:\/\/www.archives.nat.tn\/fr\/#\/schema\/logo\/image\/\"}}]}<\/script>\n<!-- \/ Yoast SEO plugin. -->","yoast_head_json":{"title":"Fonds documentaire - Archives Nationales de Tunisie","robots":{"index":"index","follow":"follow","max-snippet":"max-snippet:-1","max-image-preview":"max-image-preview:large","max-video-preview":"max-video-preview:-1"},"canonical":"https:\/\/www.archives.nat.tn\/fr\/fonds-documentaire\/","og_locale":"fr_FR","og_type":"article","og_title":"Fonds documentaire - Archives Nationales de Tunisie","og_description":"Le fonds documentaire se compose de : La collection compl\u00e8te du Journal officiel \u00e0 partir de sa parution en langue arabe en 1860 et en langue fran\u00e7aise en 1883. Cette collection comprend \u00e9galement les originaux des textes l\u00e9gislatifs et r\u00e9glementaires publi\u00e9s La collection de journaux en langues arabe (153) fran\u00e7aise (203) italienne (20) et en [&hellip;]","og_url":"https:\/\/www.archives.nat.tn\/fr\/fonds-documentaire\/","og_site_name":"Archives Nationales de Tunisie","article_modified_time":"2022-03-22T15:40:12+00:00","twitter_card":"summary_large_image","twitter_misc":{"Dur\u00e9e de lecture estim\u00e9e":"1 minute"},"schema":{"@context":"https:\/\/schema.org","@graph":[{"@type":"WebPage","@id":"https:\/\/www.archives.nat.tn\/fr\/fonds-documentaire\/","url":"https:\/\/www.archives.nat.tn\/fr\/fonds-documentaire\/","name":"Fonds documentaire - Archives Nationales de Tunisie","isPartOf":{"@id":"https:\/\/www.archives.nat.tn\/fr\/#website"},"datePublished":"2022-03-22T15:40:11+00:00","dateModified":"2022-03-22T15:40:12+00:00","breadcrumb":{"@id":"https:\/\/www.archives.nat.tn\/fr\/fonds-documentaire\/#breadcrumb"},"inLanguage":"fr-FR","potentialAction":[{"@type":"ReadAction","target":["https:\/\/www.archives.nat.tn\/fr\/fonds-documentaire\/"]}]},{"@type":"BreadcrumbList","@id":"https:\/\/www.archives.nat.tn\/fr\/fonds-documentaire\/#breadcrumb","itemListElement":[{"@type":"ListItem","position":1,"name":"Accueil","item":"https:\/\/www.archives.nat.tn\/fr\/"},{"@type":"ListItem","position":2,"name":"Fonds documentaire"}]},{"@type":"WebSite","@id":"https:\/\/www.archives.nat.tn\/fr\/#website","url":"https:\/\/www.archives.nat.tn\/fr\/","name":"Archives Nationales de Tunisie","description":"","publisher":{"@id":"https:\/\/www.archives.nat.tn\/fr\/#organization"},"potentialAction":[{"@type":"SearchAction","target":{"@type":"EntryPoint","urlTemplate":"https:\/\/www.archives.nat.tn\/fr\/?s={search_term_string}"},"query-input":{"@type":"PropertyValueSpecification","valueRequired":true,"valueName":"search_term_string"}}],"inLanguage":"fr-FR"},{"@type":"Organization","@id":"https:\/\/www.archives.nat.tn\/fr\/#organization","name":"Les Archives Nationales de Tunisie","url":"https:\/\/www.archives.nat.tn\/fr\/","logo":{"@type":"ImageObject","inLanguage":"fr-FR","@id":"https:\/\/www.archives.nat.tn\/fr\/#\/schema\/logo\/image\/","url":"http:\/\/www.archives.nat.tn\/wp-content\/uploads\/2022\/07\/logo-ant.png","contentUrl":"http:\/\/www.archives.nat.tn\/wp-content\/uploads\/2022\/07\/logo-ant.png","width":1719,"height":1239,"caption":"Les Archives Nationales de Tunisie"},"image":{"@id":"https:\/\/www.archives.nat.tn\/fr\/#\/schema\/logo\/image\/"}}]}},"_links":{"self":[{"href":"https:\/\/www.archives.nat.tn\/fr\/wp-json\/wp\/v2\/pages\/1197","targetHints":{"allow":["GET"]}}],"collection":[{"href":"https:\/\/www.archives.nat.tn\/fr\/wp-json\/wp\/v2\/pages"}],"about":[{"href":"https:\/\/www.archives.nat.tn\/fr\/wp-json\/wp\/v2\/types\/page"}],"author":[{"embeddable":true,"href":"https:\/\/www.archives.nat.tn\/fr\/wp-json\/wp\/v2\/users\/1"}],"replies":[{"embeddable":true,"href":"https:\/\/www.archives.nat.tn\/fr\/wp-json\/wp\/v2\/comments?post=1197"}],"version-history":[{"count":2,"href":"https:\/\/www.archives.nat.tn\/fr\/wp-json\/wp\/v2\/pages\/1197\/revisions"}],"predecessor-version":[{"id":1199,"href":"https:\/\/www.archives.nat.tn\/fr\/wp-json\/wp\/v2\/pages\/1197\/revisions\/1199"}],"wp:attachment":[{"href":"https:\/\/www.archives.nat.tn\/fr\/wp-json\/wp\/v2\/media?parent=1197"}],"curies":[{"name":"wp","href":"https:\/\/api.w.org\/{rel}","templated":true}]}}