{"id":1368,"date":"2022-05-30T11:34:51","date_gmt":"2022-05-30T10:34:51","guid":{"rendered":"http:\/\/www.archives.nat.tn\/?page_id=1368"},"modified":"2026-01-19T15:28:55","modified_gmt":"2026-01-19T14:28:55","slug":"thekra","status":"publish","type":"page","link":"https:\/\/www.archives.nat.tn\/fr\/thekra\/","title":{"rendered":"Th\u00e8kra"},"content":{"rendered":"<p><span style=\"color: #434343;\"><span style=\"font-family: Arial, serif;\"><span style=\"font-size: large;\">Cette base de donn\u00e9es concerne les documents d\u2019archives. Elle comporte actuellement pr\u00e9s de166 mille enregistrements, et s\u2019accroit annuellement <\/span><\/span><\/span><span style=\"color: #434343;\"><span style=\"font-family: Arial, serif;\"><span style=\"font-size: large;\"> \u00e0 un taux variant entre 5% et 10%.<\/span><\/span><\/span><\/p>\n<p><span style=\"color: #434343;\"><span style=\"font-family: Arial, serif;\"><span style=\"font-size: large;\">Conformes \u00e0 la norme ISAD (G), les \u00e9l\u00e9ments utilis\u00e9s dans la description de ces documents sont les suivants :<\/span><\/span><\/span><\/p>\n<ul>\n<li><span style=\"color: #434343;\"><span style=\"font-family: Arial, serif;\"><span style=\"font-size: large;\">indications relatives \u00e0 l\u2019identification des documents.<\/span><\/span><\/span><\/li>\n<li><span style=\"color: #434343;\"><span style=\"font-family: Arial, serif;\"><span style=\"font-size: large;\">indications concernant le contenu des documents au niveau de l\u2019unit\u00e9 de description.<\/span><\/span><\/span><\/li>\n<li><span style=\"color: #434343;\"><span style=\"font-family: Arial, serif;\"><span style=\"font-size: large;\">dates extr\u00eames relatives aux documents.<\/span><\/span><\/span><\/li>\n<li><span style=\"color: #434343;\"><span style=\"font-family: Arial, serif;\"><span style=\"font-size: large;\">indexation \u00e0 trois niveaux :<\/span><\/span><\/span><\/li>\n<\/ul>\n<p><span style=\"color: #434343;\"> <span style=\"font-family: Arial, serif;\"><span style=\"font-size: large;\">1\/ Description de la mati\u00e8re (descripteur g\u00e9n\u00e9rique et descripteur sp\u00e9cifique).<\/span><\/span><\/span><\/p>\n<p><span style=\"color: #434343;\"><span style=\"font-family: Arial, serif;\"><span style=\"font-size: large;\">2\/ Noms de personnes physiques et morales. <\/span><\/span><\/span><\/p>\n<p><span style=\"color: #434343;\"><span style=\"font-family: Arial, serif;\"><span style=\"font-size: large;\">3\/ Noms de lieux.<\/span><\/span><\/span><\/p>\n<p><span style=\"color: #434343;\"><span style=\"font-family: Arial, serif;\"><span style=\"font-size: large;\">Les donn\u00e9es contenues dans la base de donn\u00e9es &#8220;Th\u00e8kra&#8221;, sont trait\u00e9es dans les langues arabe et fran\u00e7aise selon la langue dominante dans le document.<\/span><\/span><\/span><\/p>\n<p><a href=\"http:\/\/search.archives.nat.tn\/ar\/ANTthekira\/?Thakra[query]=&amp;Thakra[refinementList][type][0]=Thekra\" target=\"_blank\" rel=\"noopener\"><span style=\"color: #ff0000;\"><span style=\"font-family: Arial, serif;\"><span style=\"font-size: large;\">Cliquez ici <\/span><\/span><\/span><\/a><\/p>\n","protected":false},"excerpt":{"rendered":"<p>Cette base de donn\u00e9es concerne les documents d\u2019archives. Elle comporte actuellement pr\u00e9s de166 mille enregistrements, et s\u2019accroit annuellement \u00e0 un taux variant entre 5% et 10%. Conformes \u00e0 la norme ISAD (G), les \u00e9l\u00e9ments utilis\u00e9s dans la description de ces documents sont les suivants : indications relatives \u00e0 l\u2019identification des documents. indications concernant le contenu [&hellip;]<\/p>\n","protected":false},"author":1,"featured_media":0,"parent":0,"menu_order":0,"comment_status":"closed","ping_status":"closed","template":"","meta":{"_monsterinsights_skip_tracking":false,"_monsterinsights_sitenote_active":false,"_monsterinsights_sitenote_note":"","_monsterinsights_sitenote_category":0,"footnotes":""},"class_list":["post-1368","page","type-page","status-publish","hentry"],"yoast_head":"<!-- This site is optimized with the Yoast SEO plugin v26.0 - https:\/\/yoast.com\/wordpress\/plugins\/seo\/ -->\n<title>Th\u00e8kra - Archives Nationales de Tunisie<\/title>\n<meta name=\"robots\" content=\"index, follow, max-snippet:-1, max-image-preview:large, max-video-preview:-1\" \/>\n<link rel=\"canonical\" href=\"https:\/\/www.archives.nat.tn\/fr\/thekra\/\" \/>\n<meta property=\"og:locale\" content=\"fr_FR\" \/>\n<meta property=\"og:type\" content=\"article\" \/>\n<meta property=\"og:title\" content=\"Th\u00e8kra - Archives Nationales de Tunisie\" \/>\n<meta property=\"og:description\" content=\"Cette base de donn\u00e9es concerne les documents d\u2019archives. Elle comporte actuellement pr\u00e9s de166 mille enregistrements, et s\u2019accroit annuellement \u00e0 un taux variant entre 5% et 10%. Conformes \u00e0 la norme ISAD (G), les \u00e9l\u00e9ments utilis\u00e9s dans la description de ces documents sont les suivants : indications relatives \u00e0 l\u2019identification des documents. indications concernant le contenu [&hellip;]\" \/>\n<meta property=\"og:url\" content=\"https:\/\/www.archives.nat.tn\/fr\/thekra\/\" \/>\n<meta property=\"og:site_name\" content=\"Archives Nationales de Tunisie\" \/>\n<meta property=\"article:modified_time\" content=\"2026-01-19T14:28:55+00:00\" \/>\n<meta name=\"twitter:card\" content=\"summary_large_image\" \/>\n<meta name=\"twitter:label1\" content=\"Dur\u00e9e de lecture estim\u00e9e\" \/>\n\t<meta name=\"twitter:data1\" content=\"1 minute\" \/>\n<script type=\"application\/ld+json\" class=\"yoast-schema-graph\">{\"@context\":\"https:\/\/schema.org\",\"@graph\":[{\"@type\":\"WebPage\",\"@id\":\"https:\/\/www.archives.nat.tn\/fr\/thekra\/\",\"url\":\"https:\/\/www.archives.nat.tn\/fr\/thekra\/\",\"name\":\"Th\u00e8kra - Archives Nationales de Tunisie\",\"isPartOf\":{\"@id\":\"https:\/\/www.archives.nat.tn\/fr\/#website\"},\"datePublished\":\"2022-05-30T10:34:51+00:00\",\"dateModified\":\"2026-01-19T14:28:55+00:00\",\"breadcrumb\":{\"@id\":\"https:\/\/www.archives.nat.tn\/fr\/thekra\/#breadcrumb\"},\"inLanguage\":\"fr-FR\",\"potentialAction\":[{\"@type\":\"ReadAction\",\"target\":[\"https:\/\/www.archives.nat.tn\/fr\/thekra\/\"]}]},{\"@type\":\"BreadcrumbList\",\"@id\":\"https:\/\/www.archives.nat.tn\/fr\/thekra\/#breadcrumb\",\"itemListElement\":[{\"@type\":\"ListItem\",\"position\":1,\"name\":\"Accueil\",\"item\":\"https:\/\/www.archives.nat.tn\/fr\/\"},{\"@type\":\"ListItem\",\"position\":2,\"name\":\"Th\u00e8kra\"}]},{\"@type\":\"WebSite\",\"@id\":\"https:\/\/www.archives.nat.tn\/fr\/#website\",\"url\":\"https:\/\/www.archives.nat.tn\/fr\/\",\"name\":\"Archives Nationales de Tunisie\",\"description\":\"\",\"publisher\":{\"@id\":\"https:\/\/www.archives.nat.tn\/fr\/#organization\"},\"potentialAction\":[{\"@type\":\"SearchAction\",\"target\":{\"@type\":\"EntryPoint\",\"urlTemplate\":\"https:\/\/www.archives.nat.tn\/fr\/?s={search_term_string}\"},\"query-input\":{\"@type\":\"PropertyValueSpecification\",\"valueRequired\":true,\"valueName\":\"search_term_string\"}}],\"inLanguage\":\"fr-FR\"},{\"@type\":\"Organization\",\"@id\":\"https:\/\/www.archives.nat.tn\/fr\/#organization\",\"name\":\"Les Archives Nationales de Tunisie\",\"url\":\"https:\/\/www.archives.nat.tn\/fr\/\",\"logo\":{\"@type\":\"ImageObject\",\"inLanguage\":\"fr-FR\",\"@id\":\"https:\/\/www.archives.nat.tn\/fr\/#\/schema\/logo\/image\/\",\"url\":\"http:\/\/www.archives.nat.tn\/wp-content\/uploads\/2022\/07\/logo-ant.png\",\"contentUrl\":\"http:\/\/www.archives.nat.tn\/wp-content\/uploads\/2022\/07\/logo-ant.png\",\"width\":1719,\"height\":1239,\"caption\":\"Les Archives Nationales de Tunisie\"},\"image\":{\"@id\":\"https:\/\/www.archives.nat.tn\/fr\/#\/schema\/logo\/image\/\"}}]}<\/script>\n<!-- \/ Yoast SEO plugin. -->","yoast_head_json":{"title":"Th\u00e8kra - Archives Nationales de Tunisie","robots":{"index":"index","follow":"follow","max-snippet":"max-snippet:-1","max-image-preview":"max-image-preview:large","max-video-preview":"max-video-preview:-1"},"canonical":"https:\/\/www.archives.nat.tn\/fr\/thekra\/","og_locale":"fr_FR","og_type":"article","og_title":"Th\u00e8kra - Archives Nationales de Tunisie","og_description":"Cette base de donn\u00e9es concerne les documents d\u2019archives. Elle comporte actuellement pr\u00e9s de166 mille enregistrements, et s\u2019accroit annuellement \u00e0 un taux variant entre 5% et 10%. Conformes \u00e0 la norme ISAD (G), les \u00e9l\u00e9ments utilis\u00e9s dans la description de ces documents sont les suivants : indications relatives \u00e0 l\u2019identification des documents. indications concernant le contenu [&hellip;]","og_url":"https:\/\/www.archives.nat.tn\/fr\/thekra\/","og_site_name":"Archives Nationales de Tunisie","article_modified_time":"2026-01-19T14:28:55+00:00","twitter_card":"summary_large_image","twitter_misc":{"Dur\u00e9e de lecture estim\u00e9e":"1 minute"},"schema":{"@context":"https:\/\/schema.org","@graph":[{"@type":"WebPage","@id":"https:\/\/www.archives.nat.tn\/fr\/thekra\/","url":"https:\/\/www.archives.nat.tn\/fr\/thekra\/","name":"Th\u00e8kra - Archives Nationales de Tunisie","isPartOf":{"@id":"https:\/\/www.archives.nat.tn\/fr\/#website"},"datePublished":"2022-05-30T10:34:51+00:00","dateModified":"2026-01-19T14:28:55+00:00","breadcrumb":{"@id":"https:\/\/www.archives.nat.tn\/fr\/thekra\/#breadcrumb"},"inLanguage":"fr-FR","potentialAction":[{"@type":"ReadAction","target":["https:\/\/www.archives.nat.tn\/fr\/thekra\/"]}]},{"@type":"BreadcrumbList","@id":"https:\/\/www.archives.nat.tn\/fr\/thekra\/#breadcrumb","itemListElement":[{"@type":"ListItem","position":1,"name":"Accueil","item":"https:\/\/www.archives.nat.tn\/fr\/"},{"@type":"ListItem","position":2,"name":"Th\u00e8kra"}]},{"@type":"WebSite","@id":"https:\/\/www.archives.nat.tn\/fr\/#website","url":"https:\/\/www.archives.nat.tn\/fr\/","name":"Archives Nationales de Tunisie","description":"","publisher":{"@id":"https:\/\/www.archives.nat.tn\/fr\/#organization"},"potentialAction":[{"@type":"SearchAction","target":{"@type":"EntryPoint","urlTemplate":"https:\/\/www.archives.nat.tn\/fr\/?s={search_term_string}"},"query-input":{"@type":"PropertyValueSpecification","valueRequired":true,"valueName":"search_term_string"}}],"inLanguage":"fr-FR"},{"@type":"Organization","@id":"https:\/\/www.archives.nat.tn\/fr\/#organization","name":"Les Archives Nationales de Tunisie","url":"https:\/\/www.archives.nat.tn\/fr\/","logo":{"@type":"ImageObject","inLanguage":"fr-FR","@id":"https:\/\/www.archives.nat.tn\/fr\/#\/schema\/logo\/image\/","url":"http:\/\/www.archives.nat.tn\/wp-content\/uploads\/2022\/07\/logo-ant.png","contentUrl":"http:\/\/www.archives.nat.tn\/wp-content\/uploads\/2022\/07\/logo-ant.png","width":1719,"height":1239,"caption":"Les Archives Nationales de Tunisie"},"image":{"@id":"https:\/\/www.archives.nat.tn\/fr\/#\/schema\/logo\/image\/"}}]}},"_links":{"self":[{"href":"https:\/\/www.archives.nat.tn\/fr\/wp-json\/wp\/v2\/pages\/1368","targetHints":{"allow":["GET"]}}],"collection":[{"href":"https:\/\/www.archives.nat.tn\/fr\/wp-json\/wp\/v2\/pages"}],"about":[{"href":"https:\/\/www.archives.nat.tn\/fr\/wp-json\/wp\/v2\/types\/page"}],"author":[{"embeddable":true,"href":"https:\/\/www.archives.nat.tn\/fr\/wp-json\/wp\/v2\/users\/1"}],"replies":[{"embeddable":true,"href":"https:\/\/www.archives.nat.tn\/fr\/wp-json\/wp\/v2\/comments?post=1368"}],"version-history":[{"count":5,"href":"https:\/\/www.archives.nat.tn\/fr\/wp-json\/wp\/v2\/pages\/1368\/revisions"}],"predecessor-version":[{"id":4055,"href":"https:\/\/www.archives.nat.tn\/fr\/wp-json\/wp\/v2\/pages\/1368\/revisions\/4055"}],"wp:attachment":[{"href":"https:\/\/www.archives.nat.tn\/fr\/wp-json\/wp\/v2\/media?parent=1368"}],"curies":[{"name":"wp","href":"https:\/\/api.w.org\/{rel}","templated":true}]}}