{"id":1370,"date":"2022-05-30T11:37:37","date_gmt":"2022-05-30T10:37:37","guid":{"rendered":"http:\/\/www.archives.nat.tn\/?page_id=1370"},"modified":"2022-09-16T14:32:17","modified_gmt":"2022-09-16T13:32:17","slug":"kiteb","status":"publish","type":"page","link":"https:\/\/www.archives.nat.tn\/fr\/kiteb\/","title":{"rendered":"Kiteb"},"content":{"rendered":"<p><span style=\"color: #434343;\"> <span style=\"font-family: Arial, serif;\"><span style=\"font-size: large;\">Cette base de donn\u00e9es Int\u00e9resse les ouvrages et les p\u00e9riodiques que conservent les Archives nationales de Tunisie, aussi bien en langue arabe qu\u2019en langues \u00e9trang\u00e8res. Et ayant trait \u00e0 la science historique, aux sciences humaines et \u00e0 l\u2019archivistique.<\/span><\/span><\/span><\/p>\n<p><span style=\"color: #434343;\"><span style=\"font-family: Arial, serif;\"><span style=\"font-size: large;\">Le nombre d\u2019enregistrements d\u00e9passe actuellement les dix mille, le taux annuel moyen d\u2019accroissement de cette base varie entre 5% et 10%.<\/span><\/span><\/span><\/p>\n<p><a href=\"http:\/\/search.archives.nat.tn\/ar\/ANTkiteb\/?Kiteb[query]=\" target=\"_blank\" rel=\"noopener\"><span style=\"color: #ff0000;\"><span style=\"font-family: Arial, serif;\"><span style=\"font-size: large;\">Cliquez ici <\/span><\/span><\/span><\/a><\/p>\n","protected":false},"excerpt":{"rendered":"<p>Cette base de donn\u00e9es Int\u00e9resse les ouvrages et les p\u00e9riodiques que conservent les Archives nationales de Tunisie, aussi bien en langue arabe qu\u2019en langues \u00e9trang\u00e8res. Et ayant trait \u00e0 la science historique, aux sciences humaines et \u00e0 l\u2019archivistique. Le nombre d\u2019enregistrements d\u00e9passe actuellement les dix mille, le taux annuel moyen d\u2019accroissement de cette base varie [&hellip;]<\/p>\n","protected":false},"author":1,"featured_media":0,"parent":0,"menu_order":0,"comment_status":"closed","ping_status":"closed","template":"","meta":{"_monsterinsights_skip_tracking":false,"_monsterinsights_sitenote_active":false,"_monsterinsights_sitenote_note":"","_monsterinsights_sitenote_category":0,"footnotes":""},"class_list":["post-1370","page","type-page","status-publish","hentry"],"yoast_head":"<!-- This site is optimized with the Yoast SEO plugin v26.0 - https:\/\/yoast.com\/wordpress\/plugins\/seo\/ -->\n<title>Kiteb - Archives Nationales de Tunisie<\/title>\n<meta name=\"robots\" content=\"index, follow, max-snippet:-1, max-image-preview:large, max-video-preview:-1\" \/>\n<link rel=\"canonical\" href=\"https:\/\/www.archives.nat.tn\/fr\/kiteb\/\" \/>\n<meta property=\"og:locale\" content=\"fr_FR\" \/>\n<meta property=\"og:type\" content=\"article\" \/>\n<meta property=\"og:title\" content=\"Kiteb - Archives Nationales de Tunisie\" \/>\n<meta property=\"og:description\" content=\"Cette base de donn\u00e9es Int\u00e9resse les ouvrages et les p\u00e9riodiques que conservent les Archives nationales de Tunisie, aussi bien en langue arabe qu\u2019en langues \u00e9trang\u00e8res. Et ayant trait \u00e0 la science historique, aux sciences humaines et \u00e0 l\u2019archivistique. Le nombre d\u2019enregistrements d\u00e9passe actuellement les dix mille, le taux annuel moyen d\u2019accroissement de cette base varie [&hellip;]\" \/>\n<meta property=\"og:url\" content=\"https:\/\/www.archives.nat.tn\/fr\/kiteb\/\" \/>\n<meta property=\"og:site_name\" content=\"Archives Nationales de Tunisie\" \/>\n<meta property=\"article:modified_time\" content=\"2022-09-16T13:32:17+00:00\" \/>\n<meta name=\"twitter:card\" content=\"summary_large_image\" \/>\n<meta name=\"twitter:label1\" content=\"Dur\u00e9e de lecture estim\u00e9e\" \/>\n\t<meta name=\"twitter:data1\" content=\"1 minute\" \/>\n<script type=\"application\/ld+json\" class=\"yoast-schema-graph\">{\"@context\":\"https:\/\/schema.org\",\"@graph\":[{\"@type\":\"WebPage\",\"@id\":\"https:\/\/www.archives.nat.tn\/fr\/kiteb\/\",\"url\":\"https:\/\/www.archives.nat.tn\/fr\/kiteb\/\",\"name\":\"Kiteb - Archives Nationales de Tunisie\",\"isPartOf\":{\"@id\":\"https:\/\/www.archives.nat.tn\/fr\/#website\"},\"datePublished\":\"2022-05-30T10:37:37+00:00\",\"dateModified\":\"2022-09-16T13:32:17+00:00\",\"breadcrumb\":{\"@id\":\"https:\/\/www.archives.nat.tn\/fr\/kiteb\/#breadcrumb\"},\"inLanguage\":\"fr-FR\",\"potentialAction\":[{\"@type\":\"ReadAction\",\"target\":[\"https:\/\/www.archives.nat.tn\/fr\/kiteb\/\"]}]},{\"@type\":\"BreadcrumbList\",\"@id\":\"https:\/\/www.archives.nat.tn\/fr\/kiteb\/#breadcrumb\",\"itemListElement\":[{\"@type\":\"ListItem\",\"position\":1,\"name\":\"Accueil\",\"item\":\"https:\/\/www.archives.nat.tn\/fr\/\"},{\"@type\":\"ListItem\",\"position\":2,\"name\":\"Kiteb\"}]},{\"@type\":\"WebSite\",\"@id\":\"https:\/\/www.archives.nat.tn\/fr\/#website\",\"url\":\"https:\/\/www.archives.nat.tn\/fr\/\",\"name\":\"Archives Nationales de Tunisie\",\"description\":\"\",\"publisher\":{\"@id\":\"https:\/\/www.archives.nat.tn\/fr\/#organization\"},\"potentialAction\":[{\"@type\":\"SearchAction\",\"target\":{\"@type\":\"EntryPoint\",\"urlTemplate\":\"https:\/\/www.archives.nat.tn\/fr\/?s={search_term_string}\"},\"query-input\":{\"@type\":\"PropertyValueSpecification\",\"valueRequired\":true,\"valueName\":\"search_term_string\"}}],\"inLanguage\":\"fr-FR\"},{\"@type\":\"Organization\",\"@id\":\"https:\/\/www.archives.nat.tn\/fr\/#organization\",\"name\":\"Les Archives Nationales de Tunisie\",\"url\":\"https:\/\/www.archives.nat.tn\/fr\/\",\"logo\":{\"@type\":\"ImageObject\",\"inLanguage\":\"fr-FR\",\"@id\":\"https:\/\/www.archives.nat.tn\/fr\/#\/schema\/logo\/image\/\",\"url\":\"http:\/\/www.archives.nat.tn\/wp-content\/uploads\/2022\/07\/logo-ant.png\",\"contentUrl\":\"http:\/\/www.archives.nat.tn\/wp-content\/uploads\/2022\/07\/logo-ant.png\",\"width\":1719,\"height\":1239,\"caption\":\"Les Archives Nationales de Tunisie\"},\"image\":{\"@id\":\"https:\/\/www.archives.nat.tn\/fr\/#\/schema\/logo\/image\/\"}}]}<\/script>\n<!-- \/ Yoast SEO plugin. -->","yoast_head_json":{"title":"Kiteb - Archives Nationales de Tunisie","robots":{"index":"index","follow":"follow","max-snippet":"max-snippet:-1","max-image-preview":"max-image-preview:large","max-video-preview":"max-video-preview:-1"},"canonical":"https:\/\/www.archives.nat.tn\/fr\/kiteb\/","og_locale":"fr_FR","og_type":"article","og_title":"Kiteb - Archives Nationales de Tunisie","og_description":"Cette base de donn\u00e9es Int\u00e9resse les ouvrages et les p\u00e9riodiques que conservent les Archives nationales de Tunisie, aussi bien en langue arabe qu\u2019en langues \u00e9trang\u00e8res. Et ayant trait \u00e0 la science historique, aux sciences humaines et \u00e0 l\u2019archivistique. Le nombre d\u2019enregistrements d\u00e9passe actuellement les dix mille, le taux annuel moyen d\u2019accroissement de cette base varie [&hellip;]","og_url":"https:\/\/www.archives.nat.tn\/fr\/kiteb\/","og_site_name":"Archives Nationales de Tunisie","article_modified_time":"2022-09-16T13:32:17+00:00","twitter_card":"summary_large_image","twitter_misc":{"Dur\u00e9e de lecture estim\u00e9e":"1 minute"},"schema":{"@context":"https:\/\/schema.org","@graph":[{"@type":"WebPage","@id":"https:\/\/www.archives.nat.tn\/fr\/kiteb\/","url":"https:\/\/www.archives.nat.tn\/fr\/kiteb\/","name":"Kiteb - Archives Nationales de Tunisie","isPartOf":{"@id":"https:\/\/www.archives.nat.tn\/fr\/#website"},"datePublished":"2022-05-30T10:37:37+00:00","dateModified":"2022-09-16T13:32:17+00:00","breadcrumb":{"@id":"https:\/\/www.archives.nat.tn\/fr\/kiteb\/#breadcrumb"},"inLanguage":"fr-FR","potentialAction":[{"@type":"ReadAction","target":["https:\/\/www.archives.nat.tn\/fr\/kiteb\/"]}]},{"@type":"BreadcrumbList","@id":"https:\/\/www.archives.nat.tn\/fr\/kiteb\/#breadcrumb","itemListElement":[{"@type":"ListItem","position":1,"name":"Accueil","item":"https:\/\/www.archives.nat.tn\/fr\/"},{"@type":"ListItem","position":2,"name":"Kiteb"}]},{"@type":"WebSite","@id":"https:\/\/www.archives.nat.tn\/fr\/#website","url":"https:\/\/www.archives.nat.tn\/fr\/","name":"Archives Nationales de Tunisie","description":"","publisher":{"@id":"https:\/\/www.archives.nat.tn\/fr\/#organization"},"potentialAction":[{"@type":"SearchAction","target":{"@type":"EntryPoint","urlTemplate":"https:\/\/www.archives.nat.tn\/fr\/?s={search_term_string}"},"query-input":{"@type":"PropertyValueSpecification","valueRequired":true,"valueName":"search_term_string"}}],"inLanguage":"fr-FR"},{"@type":"Organization","@id":"https:\/\/www.archives.nat.tn\/fr\/#organization","name":"Les Archives Nationales de Tunisie","url":"https:\/\/www.archives.nat.tn\/fr\/","logo":{"@type":"ImageObject","inLanguage":"fr-FR","@id":"https:\/\/www.archives.nat.tn\/fr\/#\/schema\/logo\/image\/","url":"http:\/\/www.archives.nat.tn\/wp-content\/uploads\/2022\/07\/logo-ant.png","contentUrl":"http:\/\/www.archives.nat.tn\/wp-content\/uploads\/2022\/07\/logo-ant.png","width":1719,"height":1239,"caption":"Les Archives Nationales de Tunisie"},"image":{"@id":"https:\/\/www.archives.nat.tn\/fr\/#\/schema\/logo\/image\/"}}]}},"_links":{"self":[{"href":"https:\/\/www.archives.nat.tn\/fr\/wp-json\/wp\/v2\/pages\/1370","targetHints":{"allow":["GET"]}}],"collection":[{"href":"https:\/\/www.archives.nat.tn\/fr\/wp-json\/wp\/v2\/pages"}],"about":[{"href":"https:\/\/www.archives.nat.tn\/fr\/wp-json\/wp\/v2\/types\/page"}],"author":[{"embeddable":true,"href":"https:\/\/www.archives.nat.tn\/fr\/wp-json\/wp\/v2\/users\/1"}],"replies":[{"embeddable":true,"href":"https:\/\/www.archives.nat.tn\/fr\/wp-json\/wp\/v2\/comments?post=1370"}],"version-history":[{"count":2,"href":"https:\/\/www.archives.nat.tn\/fr\/wp-json\/wp\/v2\/pages\/1370\/revisions"}],"predecessor-version":[{"id":2249,"href":"https:\/\/www.archives.nat.tn\/fr\/wp-json\/wp\/v2\/pages\/1370\/revisions\/2249"}],"wp:attachment":[{"href":"https:\/\/www.archives.nat.tn\/fr\/wp-json\/wp\/v2\/media?parent=1370"}],"curies":[{"name":"wp","href":"https:\/\/api.w.org\/{rel}","templated":true}]}}