{"id":1483,"date":"2022-06-06T11:42:50","date_gmt":"2022-06-06T10:42:50","guid":{"rendered":"http:\/\/www.archives.nat.tn\/?page_id=1483"},"modified":"2026-01-19T15:30:32","modified_gmt":"2026-01-19T14:30:32","slug":"donnees-statistiques","status":"publish","type":"page","link":"https:\/\/www.archives.nat.tn\/fr\/donnees-statistiques\/","title":{"rendered":"Donn\u00e9es statistiques"},"content":{"rendered":"\n<h4 class=\"wp-block-heading\">Statistique Inspection<\/h4>\n\n\n\n<p class=\"has-text-align-center\"><strong>Activit\u00e9 Inspection durant les 4 derni\u00e8res ann\u00e9es<\/strong><\/p>\n\n\n\n<style>\n.stats-title {\n  background:#54acff59\n}\n.totals-title{\nbackground:#ff8d457d\n}\n<\/style>\n\n\n<table style=\"width:100%\"><tbody><tr><td class=\"stats-title\">Activit\u00e9<\/td><td>2018<\/td><td>2019<\/td><td>2020<\/td><td>2021<\/td><td class=\"totals-title\">TOTAL<\/td><\/tr><tr><td class=\"stats-title\">Nombre des cessions de formation effectu\u00e9es<\/td><td>7<\/td><td>6<\/td><td>2<\/td><td>3<\/td><td class=\"totals-title\">18<\/td><\/tr><tr><td class=\"stats-title\">Nombre des participants aux formations<\/td><td>661<\/td><td>562<\/td><td>128<\/td><td>256<\/td><td class=\"totals-title\">1607<\/td><\/tr><tr><td class=\"stats-title\">Contr\u00f4le des conditions de conservations des archives<\/td><td>18<\/td><td>16<\/td><td>7<\/td><td>3<\/td><td class=\"totals-title\">49<\/td><\/tr><tr><td class=\"stats-title\">Approbation des calendriers des d\u00e9lais de conservation des documents sp\u00e9cifiques<\/td><td>2<\/td><td>14<\/td><td>6<\/td><td>4<\/td><td class=\"totals-title\">26<\/td><\/tr><tr><td class=\"stats-title\">Approbation des plans de classification des documents sp\u00e9cifiques<\/td><td>1<\/td><td>2<\/td><td>0<\/td><td>1<\/td><td class=\"totals-title\">4<\/td><\/tr><tr><td class=\"stats-title\">Assistance technique pour les Organismes publics<\/td><td>13<\/td><td>14<\/td><td>8<\/td><td>22<\/td><td class=\"totals-title\">57<\/td><\/tr><tr><td class=\"stats-title\">Evaluation du syst\u00e8me de gestion des documents et des archives dans les Services publics<\/td><td>4<\/td><td>2<\/td><td>1<\/td><td>1<\/td><td class=\"totals-title\">8<\/td><\/tr><\/tbody><\/table>\n\n\n\n<h4 class=\"wp-block-heading\">Statistique  technique<\/h4>\n\n\n\n<p class=\"has-text-align-center\"><strong>Activit\u00e9s de la Direction technique<\/strong><\/p>\n\n\n\n<figure class=\"wp-block-table is-style-stripes\"><table class=\"has-fixed-layout\"><tbody><tr><td><strong>Num\u00e9ro d\u2019ordre<\/strong><\/td><td><strong>Activit\u00e9<\/strong><\/td><td><strong>Volume<\/strong><\/td><td><strong>Dates<\/strong><\/td><\/tr><tr><td>1<\/td><td>Versement<\/td><td>213262<\/td><td>2000-2021<\/td><\/tr><tr><td>2<\/td><td>Collecte des archives priv\u00e9es<\/td><td>93 familles, personnalit\u00e9 et associations<\/td><td>2006-2021<\/td><\/tr><tr><td>3<\/td><td>Inventaire <\/td><td>335875 boites 717 classeurs 9940 titres<\/td><td>2021-2016<\/td><\/tr><tr><td>4<\/td><td>Description et indexation<\/td><td>231 boites 500 albums 668 registres<\/td><td>2020-2021<\/td><\/tr><tr><td>5<\/td><td>Nombre des enregistrements dans la base de donn\u00e9es archivistique<\/td><td>166765<\/td><td>2020-2021<\/td><\/tr><tr><td>6<\/td><td>Num\u00e9risation des documents<\/td><td>1392564 prises de vue<\/td><td>2013-2020<\/td><\/tr><tr><td>7<\/td><td>Restauration des documents<\/td><td>214 registres 853 documents<\/td><td>2016-2021<\/td><\/tr><tr><td>8<\/td><td>Reliure<\/td><td>315 volume<\/td><td>2016-2021<\/td><\/tr><tr><td>9<\/td><td>Traitement des documents iconographiques<\/td><td>3219 photos<\/td><td>2019-2021<\/td><\/tr><tr><td>10<\/td><td>Encadrement des \u00e9tudiants et professionnels<\/td><td>40 <\/td><td>2020-2021<\/td><\/tr><\/tbody><\/table><\/figure>\n\n\n\n<h5 class=\"wp-block-heading has-text-align-center\">Statistiques de la recherche, de la consultation et de l&#8217;acc\u00e8s \u00e0 information<\/h5>\n\n\n\n<figure class=\"wp-block-table is-style-stripes\"><table><tbody><tr><td><strong>Activit\u00e9 recherche et consultation<\/strong><\/td><td class=\"has-text-align-center\" data-align=\"center\"><strong>2019<\/strong><\/td><td class=\"has-text-align-center\" data-align=\"center\"><strong>2020<\/strong><\/td><td class=\"has-text-align-center\" data-align=\"center\"><strong>2021<\/strong><\/td><\/tr><tr><td>Accueil des usagers<\/td><td class=\"has-text-align-center\" data-align=\"center\">8509 usagers<\/td><td class=\"has-text-align-center\" data-align=\"center\">5480 usagers<\/td><td class=\"has-text-align-center\" data-align=\"center\">6757 usagers<\/td><\/tr><tr><td>Inscription de nouveaux usagers<\/td><td class=\"has-text-align-center\" data-align=\"center\">0833 nouveaux usagers<\/td><td class=\"has-text-align-center\" data-align=\"center\">991 nouveaux usagers<\/td><td class=\"has-text-align-center\" data-align=\"center\">819 nouveaux usagers<\/td><\/tr><tr><td>Communication de documents pour consultation sur place (dossier ou registre)<\/td><td class=\"has-text-align-center\" data-align=\"center\">23438 articles<\/td><td class=\"has-text-align-center\" data-align=\"center\">23087 articles<\/td><td class=\"has-text-align-center\" data-align=\"center\">16183 articles<\/td><\/tr><tr><td>R\u00e9ponse aux demandes de communication et d&#8217;acc\u00e8s aux documents et informations<\/td><td class=\"has-text-align-center\" data-align=\"center\">864 demandes<\/td><td class=\"has-text-align-center\" data-align=\"center\">752 demandes<\/td><td class=\"has-text-align-center\" data-align=\"center\">1076 demandes<\/td><\/tr><\/tbody><\/table><\/figure>\n","protected":false},"excerpt":{"rendered":"<p>Statistique Inspection Activit\u00e9 Inspection durant les 4 derni\u00e8res ann\u00e9es Activit\u00e9 2018 2019 2020 2021 TOTAL Nombre des cessions de formation effectu\u00e9es 7 6 2 3 18 Nombre des participants aux formations 661 562 128 256 1607 Contr\u00f4le des conditions de conservations des archives 18 16 7 3 49 Approbation des calendriers des d\u00e9lais de conservation [&hellip;]<\/p>\n","protected":false},"author":1,"featured_media":0,"parent":0,"menu_order":0,"comment_status":"closed","ping_status":"closed","template":"","meta":{"_monsterinsights_skip_tracking":false,"_monsterinsights_sitenote_active":false,"_monsterinsights_sitenote_note":"","_monsterinsights_sitenote_category":0,"footnotes":""},"class_list":["post-1483","page","type-page","status-publish","hentry"],"yoast_head":"<!-- This site is optimized with the Yoast SEO plugin v26.0 - https:\/\/yoast.com\/wordpress\/plugins\/seo\/ -->\n<title>Donn\u00e9es statistiques - Archives Nationales de Tunisie<\/title>\n<meta name=\"robots\" content=\"index, follow, max-snippet:-1, max-image-preview:large, max-video-preview:-1\" \/>\n<link rel=\"canonical\" href=\"https:\/\/www.archives.nat.tn\/fr\/donnees-statistiques\/\" \/>\n<meta property=\"og:locale\" content=\"fr_FR\" \/>\n<meta property=\"og:type\" content=\"article\" \/>\n<meta property=\"og:title\" content=\"Donn\u00e9es statistiques - Archives Nationales de Tunisie\" \/>\n<meta property=\"og:description\" content=\"Statistique Inspection Activit\u00e9 Inspection durant les 4 derni\u00e8res ann\u00e9es Activit\u00e9 2018 2019 2020 2021 TOTAL Nombre des cessions de formation effectu\u00e9es 7 6 2 3 18 Nombre des participants aux formations 661 562 128 256 1607 Contr\u00f4le des conditions de conservations des archives 18 16 7 3 49 Approbation des calendriers des d\u00e9lais de conservation [&hellip;]\" \/>\n<meta property=\"og:url\" content=\"https:\/\/www.archives.nat.tn\/fr\/donnees-statistiques\/\" \/>\n<meta property=\"og:site_name\" content=\"Archives Nationales de Tunisie\" \/>\n<meta property=\"article:modified_time\" content=\"2026-01-19T14:30:32+00:00\" \/>\n<meta name=\"twitter:card\" content=\"summary_large_image\" \/>\n<meta name=\"twitter:label1\" content=\"Dur\u00e9e de lecture estim\u00e9e\" \/>\n\t<meta name=\"twitter:data1\" content=\"2 minutes\" \/>\n<script type=\"application\/ld+json\" class=\"yoast-schema-graph\">{\"@context\":\"https:\/\/schema.org\",\"@graph\":[{\"@type\":\"WebPage\",\"@id\":\"https:\/\/www.archives.nat.tn\/fr\/donnees-statistiques\/\",\"url\":\"https:\/\/www.archives.nat.tn\/fr\/donnees-statistiques\/\",\"name\":\"Donn\u00e9es statistiques - Archives Nationales de Tunisie\",\"isPartOf\":{\"@id\":\"https:\/\/www.archives.nat.tn\/fr\/#website\"},\"datePublished\":\"2022-06-06T10:42:50+00:00\",\"dateModified\":\"2026-01-19T14:30:32+00:00\",\"breadcrumb\":{\"@id\":\"https:\/\/www.archives.nat.tn\/fr\/donnees-statistiques\/#breadcrumb\"},\"inLanguage\":\"fr-FR\",\"potentialAction\":[{\"@type\":\"ReadAction\",\"target\":[\"https:\/\/www.archives.nat.tn\/fr\/donnees-statistiques\/\"]}]},{\"@type\":\"BreadcrumbList\",\"@id\":\"https:\/\/www.archives.nat.tn\/fr\/donnees-statistiques\/#breadcrumb\",\"itemListElement\":[{\"@type\":\"ListItem\",\"position\":1,\"name\":\"Accueil\",\"item\":\"https:\/\/www.archives.nat.tn\/fr\/\"},{\"@type\":\"ListItem\",\"position\":2,\"name\":\"Donn\u00e9es statistiques\"}]},{\"@type\":\"WebSite\",\"@id\":\"https:\/\/www.archives.nat.tn\/fr\/#website\",\"url\":\"https:\/\/www.archives.nat.tn\/fr\/\",\"name\":\"Archives Nationales de Tunisie\",\"description\":\"\",\"publisher\":{\"@id\":\"https:\/\/www.archives.nat.tn\/fr\/#organization\"},\"potentialAction\":[{\"@type\":\"SearchAction\",\"target\":{\"@type\":\"EntryPoint\",\"urlTemplate\":\"https:\/\/www.archives.nat.tn\/fr\/?s={search_term_string}\"},\"query-input\":{\"@type\":\"PropertyValueSpecification\",\"valueRequired\":true,\"valueName\":\"search_term_string\"}}],\"inLanguage\":\"fr-FR\"},{\"@type\":\"Organization\",\"@id\":\"https:\/\/www.archives.nat.tn\/fr\/#organization\",\"name\":\"Les Archives Nationales de Tunisie\",\"url\":\"https:\/\/www.archives.nat.tn\/fr\/\",\"logo\":{\"@type\":\"ImageObject\",\"inLanguage\":\"fr-FR\",\"@id\":\"https:\/\/www.archives.nat.tn\/fr\/#\/schema\/logo\/image\/\",\"url\":\"http:\/\/www.archives.nat.tn\/wp-content\/uploads\/2022\/07\/logo-ant.png\",\"contentUrl\":\"http:\/\/www.archives.nat.tn\/wp-content\/uploads\/2022\/07\/logo-ant.png\",\"width\":1719,\"height\":1239,\"caption\":\"Les Archives Nationales de Tunisie\"},\"image\":{\"@id\":\"https:\/\/www.archives.nat.tn\/fr\/#\/schema\/logo\/image\/\"}}]}<\/script>\n<!-- \/ Yoast SEO plugin. -->","yoast_head_json":{"title":"Donn\u00e9es statistiques - Archives Nationales de Tunisie","robots":{"index":"index","follow":"follow","max-snippet":"max-snippet:-1","max-image-preview":"max-image-preview:large","max-video-preview":"max-video-preview:-1"},"canonical":"https:\/\/www.archives.nat.tn\/fr\/donnees-statistiques\/","og_locale":"fr_FR","og_type":"article","og_title":"Donn\u00e9es statistiques - Archives Nationales de Tunisie","og_description":"Statistique Inspection Activit\u00e9 Inspection durant les 4 derni\u00e8res ann\u00e9es Activit\u00e9 2018 2019 2020 2021 TOTAL Nombre des cessions de formation effectu\u00e9es 7 6 2 3 18 Nombre des participants aux formations 661 562 128 256 1607 Contr\u00f4le des conditions de conservations des archives 18 16 7 3 49 Approbation des calendriers des d\u00e9lais de conservation [&hellip;]","og_url":"https:\/\/www.archives.nat.tn\/fr\/donnees-statistiques\/","og_site_name":"Archives Nationales de Tunisie","article_modified_time":"2026-01-19T14:30:32+00:00","twitter_card":"summary_large_image","twitter_misc":{"Dur\u00e9e de lecture estim\u00e9e":"2 minutes"},"schema":{"@context":"https:\/\/schema.org","@graph":[{"@type":"WebPage","@id":"https:\/\/www.archives.nat.tn\/fr\/donnees-statistiques\/","url":"https:\/\/www.archives.nat.tn\/fr\/donnees-statistiques\/","name":"Donn\u00e9es statistiques - Archives Nationales de Tunisie","isPartOf":{"@id":"https:\/\/www.archives.nat.tn\/fr\/#website"},"datePublished":"2022-06-06T10:42:50+00:00","dateModified":"2026-01-19T14:30:32+00:00","breadcrumb":{"@id":"https:\/\/www.archives.nat.tn\/fr\/donnees-statistiques\/#breadcrumb"},"inLanguage":"fr-FR","potentialAction":[{"@type":"ReadAction","target":["https:\/\/www.archives.nat.tn\/fr\/donnees-statistiques\/"]}]},{"@type":"BreadcrumbList","@id":"https:\/\/www.archives.nat.tn\/fr\/donnees-statistiques\/#breadcrumb","itemListElement":[{"@type":"ListItem","position":1,"name":"Accueil","item":"https:\/\/www.archives.nat.tn\/fr\/"},{"@type":"ListItem","position":2,"name":"Donn\u00e9es statistiques"}]},{"@type":"WebSite","@id":"https:\/\/www.archives.nat.tn\/fr\/#website","url":"https:\/\/www.archives.nat.tn\/fr\/","name":"Archives Nationales de Tunisie","description":"","publisher":{"@id":"https:\/\/www.archives.nat.tn\/fr\/#organization"},"potentialAction":[{"@type":"SearchAction","target":{"@type":"EntryPoint","urlTemplate":"https:\/\/www.archives.nat.tn\/fr\/?s={search_term_string}"},"query-input":{"@type":"PropertyValueSpecification","valueRequired":true,"valueName":"search_term_string"}}],"inLanguage":"fr-FR"},{"@type":"Organization","@id":"https:\/\/www.archives.nat.tn\/fr\/#organization","name":"Les Archives Nationales de Tunisie","url":"https:\/\/www.archives.nat.tn\/fr\/","logo":{"@type":"ImageObject","inLanguage":"fr-FR","@id":"https:\/\/www.archives.nat.tn\/fr\/#\/schema\/logo\/image\/","url":"http:\/\/www.archives.nat.tn\/wp-content\/uploads\/2022\/07\/logo-ant.png","contentUrl":"http:\/\/www.archives.nat.tn\/wp-content\/uploads\/2022\/07\/logo-ant.png","width":1719,"height":1239,"caption":"Les Archives Nationales de Tunisie"},"image":{"@id":"https:\/\/www.archives.nat.tn\/fr\/#\/schema\/logo\/image\/"}}]}},"_links":{"self":[{"href":"https:\/\/www.archives.nat.tn\/fr\/wp-json\/wp\/v2\/pages\/1483","targetHints":{"allow":["GET"]}}],"collection":[{"href":"https:\/\/www.archives.nat.tn\/fr\/wp-json\/wp\/v2\/pages"}],"about":[{"href":"https:\/\/www.archives.nat.tn\/fr\/wp-json\/wp\/v2\/types\/page"}],"author":[{"embeddable":true,"href":"https:\/\/www.archives.nat.tn\/fr\/wp-json\/wp\/v2\/users\/1"}],"replies":[{"embeddable":true,"href":"https:\/\/www.archives.nat.tn\/fr\/wp-json\/wp\/v2\/comments?post=1483"}],"version-history":[{"count":15,"href":"https:\/\/www.archives.nat.tn\/fr\/wp-json\/wp\/v2\/pages\/1483\/revisions"}],"predecessor-version":[{"id":4056,"href":"https:\/\/www.archives.nat.tn\/fr\/wp-json\/wp\/v2\/pages\/1483\/revisions\/4056"}],"wp:attachment":[{"href":"https:\/\/www.archives.nat.tn\/fr\/wp-json\/wp\/v2\/media?parent=1483"}],"curies":[{"name":"wp","href":"https:\/\/api.w.org\/{rel}","templated":true}]}}