{"id":1500,"date":"2022-06-06T12:18:35","date_gmt":"2022-06-06T11:18:35","guid":{"rendered":"http:\/\/www.archives.nat.tn\/?page_id=1500"},"modified":"2022-09-16T14:01:41","modified_gmt":"2022-09-16T13:01:41","slug":"utiliser-les-documents-des-archives-nationales","status":"publish","type":"page","link":"https:\/\/www.archives.nat.tn\/fr\/utiliser-les-documents-des-archives-nationales\/","title":{"rendered":"Exploitation publique des documents d&#8217;archives."},"content":{"rendered":"<h5>Exploitation publique des documents d\u2019archives.<\/h5>\n<p>Les Archives Nationales de Tunisie, r\u00e9affirment leur attachement \u00e0 la cons\u00e9cration des principes du libre acc\u00e8s et de la gratuit\u00e9 de l\u2019usage des archives publiques sous r\u00e9serve de l\u2019obtention d\u2019une licence de r\u00e9utilisation quel qu\u2019en soit l\u2019usage.<\/p>\n","protected":false},"excerpt":{"rendered":"<p>Exploitation publique des documents d\u2019archives. Les Archives Nationales de Tunisie, r\u00e9affirment leur attachement \u00e0 la cons\u00e9cration des principes du libre acc\u00e8s et de la gratuit\u00e9 de l\u2019usage des archives publiques sous r\u00e9serve de l\u2019obtention d\u2019une licence de r\u00e9utilisation quel qu\u2019en soit l\u2019usage.<\/p>\n","protected":false},"author":1,"featured_media":0,"parent":0,"menu_order":0,"comment_status":"closed","ping_status":"closed","template":"","meta":{"_monsterinsights_skip_tracking":false,"_monsterinsights_sitenote_active":false,"_monsterinsights_sitenote_note":"","_monsterinsights_sitenote_category":0,"footnotes":""},"class_list":["post-1500","page","type-page","status-publish","hentry"],"yoast_head":"<!-- This site is optimized with the Yoast SEO plugin v26.0 - https:\/\/yoast.com\/wordpress\/plugins\/seo\/ -->\n<title>Exploitation publique des documents d&#039;archives. - Archives Nationales de Tunisie<\/title>\n<meta name=\"robots\" content=\"index, follow, max-snippet:-1, max-image-preview:large, max-video-preview:-1\" \/>\n<link rel=\"canonical\" href=\"https:\/\/www.archives.nat.tn\/fr\/utiliser-les-documents-des-archives-nationales\/\" \/>\n<meta property=\"og:locale\" content=\"fr_FR\" \/>\n<meta property=\"og:type\" content=\"article\" \/>\n<meta property=\"og:title\" content=\"Exploitation publique des documents d&#039;archives. - Archives Nationales de Tunisie\" \/>\n<meta property=\"og:description\" content=\"Exploitation publique des documents d\u2019archives. Les Archives Nationales de Tunisie, r\u00e9affirment leur attachement \u00e0 la cons\u00e9cration des principes du libre acc\u00e8s et de la gratuit\u00e9 de l\u2019usage des archives publiques sous r\u00e9serve de l\u2019obtention d\u2019une licence de r\u00e9utilisation quel qu\u2019en soit l\u2019usage.\" \/>\n<meta property=\"og:url\" content=\"https:\/\/www.archives.nat.tn\/fr\/utiliser-les-documents-des-archives-nationales\/\" \/>\n<meta property=\"og:site_name\" content=\"Archives Nationales de Tunisie\" \/>\n<meta property=\"article:modified_time\" content=\"2022-09-16T13:01:41+00:00\" \/>\n<meta name=\"twitter:card\" content=\"summary_large_image\" \/>\n<meta name=\"twitter:label1\" content=\"Dur\u00e9e de lecture estim\u00e9e\" \/>\n\t<meta name=\"twitter:data1\" content=\"1 minute\" \/>\n<script type=\"application\/ld+json\" class=\"yoast-schema-graph\">{\"@context\":\"https:\/\/schema.org\",\"@graph\":[{\"@type\":\"WebPage\",\"@id\":\"https:\/\/www.archives.nat.tn\/fr\/utiliser-les-documents-des-archives-nationales\/\",\"url\":\"https:\/\/www.archives.nat.tn\/fr\/utiliser-les-documents-des-archives-nationales\/\",\"name\":\"Exploitation publique des documents d'archives. - Archives Nationales de Tunisie\",\"isPartOf\":{\"@id\":\"https:\/\/www.archives.nat.tn\/fr\/#website\"},\"datePublished\":\"2022-06-06T11:18:35+00:00\",\"dateModified\":\"2022-09-16T13:01:41+00:00\",\"breadcrumb\":{\"@id\":\"https:\/\/www.archives.nat.tn\/fr\/utiliser-les-documents-des-archives-nationales\/#breadcrumb\"},\"inLanguage\":\"fr-FR\",\"potentialAction\":[{\"@type\":\"ReadAction\",\"target\":[\"https:\/\/www.archives.nat.tn\/fr\/utiliser-les-documents-des-archives-nationales\/\"]}]},{\"@type\":\"BreadcrumbList\",\"@id\":\"https:\/\/www.archives.nat.tn\/fr\/utiliser-les-documents-des-archives-nationales\/#breadcrumb\",\"itemListElement\":[{\"@type\":\"ListItem\",\"position\":1,\"name\":\"Accueil\",\"item\":\"https:\/\/www.archives.nat.tn\/fr\/\"},{\"@type\":\"ListItem\",\"position\":2,\"name\":\"Exploitation publique des documents d&rsquo;archives.\"}]},{\"@type\":\"WebSite\",\"@id\":\"https:\/\/www.archives.nat.tn\/fr\/#website\",\"url\":\"https:\/\/www.archives.nat.tn\/fr\/\",\"name\":\"Archives Nationales de Tunisie\",\"description\":\"\",\"publisher\":{\"@id\":\"https:\/\/www.archives.nat.tn\/fr\/#organization\"},\"potentialAction\":[{\"@type\":\"SearchAction\",\"target\":{\"@type\":\"EntryPoint\",\"urlTemplate\":\"https:\/\/www.archives.nat.tn\/fr\/?s={search_term_string}\"},\"query-input\":{\"@type\":\"PropertyValueSpecification\",\"valueRequired\":true,\"valueName\":\"search_term_string\"}}],\"inLanguage\":\"fr-FR\"},{\"@type\":\"Organization\",\"@id\":\"https:\/\/www.archives.nat.tn\/fr\/#organization\",\"name\":\"Les Archives Nationales de Tunisie\",\"url\":\"https:\/\/www.archives.nat.tn\/fr\/\",\"logo\":{\"@type\":\"ImageObject\",\"inLanguage\":\"fr-FR\",\"@id\":\"https:\/\/www.archives.nat.tn\/fr\/#\/schema\/logo\/image\/\",\"url\":\"http:\/\/www.archives.nat.tn\/wp-content\/uploads\/2022\/07\/logo-ant.png\",\"contentUrl\":\"http:\/\/www.archives.nat.tn\/wp-content\/uploads\/2022\/07\/logo-ant.png\",\"width\":1719,\"height\":1239,\"caption\":\"Les Archives Nationales de Tunisie\"},\"image\":{\"@id\":\"https:\/\/www.archives.nat.tn\/fr\/#\/schema\/logo\/image\/\"}}]}<\/script>\n<!-- \/ Yoast SEO plugin. -->","yoast_head_json":{"title":"Exploitation publique des documents d'archives. - Archives Nationales de Tunisie","robots":{"index":"index","follow":"follow","max-snippet":"max-snippet:-1","max-image-preview":"max-image-preview:large","max-video-preview":"max-video-preview:-1"},"canonical":"https:\/\/www.archives.nat.tn\/fr\/utiliser-les-documents-des-archives-nationales\/","og_locale":"fr_FR","og_type":"article","og_title":"Exploitation publique des documents d'archives. - Archives Nationales de Tunisie","og_description":"Exploitation publique des documents d\u2019archives. Les Archives Nationales de Tunisie, r\u00e9affirment leur attachement \u00e0 la cons\u00e9cration des principes du libre acc\u00e8s et de la gratuit\u00e9 de l\u2019usage des archives publiques sous r\u00e9serve de l\u2019obtention d\u2019une licence de r\u00e9utilisation quel qu\u2019en soit l\u2019usage.","og_url":"https:\/\/www.archives.nat.tn\/fr\/utiliser-les-documents-des-archives-nationales\/","og_site_name":"Archives Nationales de Tunisie","article_modified_time":"2022-09-16T13:01:41+00:00","twitter_card":"summary_large_image","twitter_misc":{"Dur\u00e9e de lecture estim\u00e9e":"1 minute"},"schema":{"@context":"https:\/\/schema.org","@graph":[{"@type":"WebPage","@id":"https:\/\/www.archives.nat.tn\/fr\/utiliser-les-documents-des-archives-nationales\/","url":"https:\/\/www.archives.nat.tn\/fr\/utiliser-les-documents-des-archives-nationales\/","name":"Exploitation publique des documents d'archives. - Archives Nationales de Tunisie","isPartOf":{"@id":"https:\/\/www.archives.nat.tn\/fr\/#website"},"datePublished":"2022-06-06T11:18:35+00:00","dateModified":"2022-09-16T13:01:41+00:00","breadcrumb":{"@id":"https:\/\/www.archives.nat.tn\/fr\/utiliser-les-documents-des-archives-nationales\/#breadcrumb"},"inLanguage":"fr-FR","potentialAction":[{"@type":"ReadAction","target":["https:\/\/www.archives.nat.tn\/fr\/utiliser-les-documents-des-archives-nationales\/"]}]},{"@type":"BreadcrumbList","@id":"https:\/\/www.archives.nat.tn\/fr\/utiliser-les-documents-des-archives-nationales\/#breadcrumb","itemListElement":[{"@type":"ListItem","position":1,"name":"Accueil","item":"https:\/\/www.archives.nat.tn\/fr\/"},{"@type":"ListItem","position":2,"name":"Exploitation publique des documents d&rsquo;archives."}]},{"@type":"WebSite","@id":"https:\/\/www.archives.nat.tn\/fr\/#website","url":"https:\/\/www.archives.nat.tn\/fr\/","name":"Archives Nationales de Tunisie","description":"","publisher":{"@id":"https:\/\/www.archives.nat.tn\/fr\/#organization"},"potentialAction":[{"@type":"SearchAction","target":{"@type":"EntryPoint","urlTemplate":"https:\/\/www.archives.nat.tn\/fr\/?s={search_term_string}"},"query-input":{"@type":"PropertyValueSpecification","valueRequired":true,"valueName":"search_term_string"}}],"inLanguage":"fr-FR"},{"@type":"Organization","@id":"https:\/\/www.archives.nat.tn\/fr\/#organization","name":"Les Archives Nationales de Tunisie","url":"https:\/\/www.archives.nat.tn\/fr\/","logo":{"@type":"ImageObject","inLanguage":"fr-FR","@id":"https:\/\/www.archives.nat.tn\/fr\/#\/schema\/logo\/image\/","url":"http:\/\/www.archives.nat.tn\/wp-content\/uploads\/2022\/07\/logo-ant.png","contentUrl":"http:\/\/www.archives.nat.tn\/wp-content\/uploads\/2022\/07\/logo-ant.png","width":1719,"height":1239,"caption":"Les Archives Nationales de Tunisie"},"image":{"@id":"https:\/\/www.archives.nat.tn\/fr\/#\/schema\/logo\/image\/"}}]}},"_links":{"self":[{"href":"https:\/\/www.archives.nat.tn\/fr\/wp-json\/wp\/v2\/pages\/1500","targetHints":{"allow":["GET"]}}],"collection":[{"href":"https:\/\/www.archives.nat.tn\/fr\/wp-json\/wp\/v2\/pages"}],"about":[{"href":"https:\/\/www.archives.nat.tn\/fr\/wp-json\/wp\/v2\/types\/page"}],"author":[{"embeddable":true,"href":"https:\/\/www.archives.nat.tn\/fr\/wp-json\/wp\/v2\/users\/1"}],"replies":[{"embeddable":true,"href":"https:\/\/www.archives.nat.tn\/fr\/wp-json\/wp\/v2\/comments?post=1500"}],"version-history":[{"count":4,"href":"https:\/\/www.archives.nat.tn\/fr\/wp-json\/wp\/v2\/pages\/1500\/revisions"}],"predecessor-version":[{"id":2243,"href":"https:\/\/www.archives.nat.tn\/fr\/wp-json\/wp\/v2\/pages\/1500\/revisions\/2243"}],"wp:attachment":[{"href":"https:\/\/www.archives.nat.tn\/fr\/wp-json\/wp\/v2\/media?parent=1500"}],"curies":[{"name":"wp","href":"https:\/\/api.w.org\/{rel}","templated":true}]}}