{"id":1505,"date":"2022-06-06T13:15:24","date_gmt":"2022-06-06T12:15:24","guid":{"rendered":"http:\/\/www.archives.nat.tn\/?page_id=1505"},"modified":"2022-06-06T17:15:10","modified_gmt":"2022-06-06T16:15:10","slug":"statistique-inspection","status":"publish","type":"page","link":"https:\/\/www.archives.nat.tn\/fr\/statistique-inspection\/","title":{"rendered":"Statistique Inspection"},"content":{"rendered":"\n\n\n\n<style>\n.stats-title {\n  background:#54acff59\n}\n.totals-title{\nbackground:#ff8d457d\n}\n<\/style>\n\n\n<table><tbody><tr><td class=\"stats-title\">Activit\u00e9<\/td><td>2018<\/td><td>2019<\/td><td>2020<\/td><td>2021<\/td><td class=\"totals-title\">TOTAL<\/td><\/tr><tr><td class=\"stats-title\">Nombre des cessions de formation effectu\u00e9es<\/td><td>7<\/td><td>6<\/td><td>2<\/td><td>3<\/td><td class=\"totals-title\">18<\/td><\/tr><tr><td class=\"stats-title\">Nombre des participants aux formations<\/td><td>661<\/td><td>562<\/td><td>128<\/td><td>256<\/td><td class=\"totals-title\">1607<\/td><\/tr><tr><td class=\"stats-title\">Contr\u00f4le des conditions de conservations des archives<\/td><td>18<\/td><td>16<\/td><td>7<\/td><td>3<\/td><td class=\"totals-title\">49<\/td><\/tr><tr><td class=\"stats-title\">Approbation des calendriers des d\u00e9lais de conservation des documents sp\u00e9cifiques<\/td><td>2<\/td><td>14<\/td><td>6<\/td><td>4<\/td><td class=\"totals-title\">26<\/td><\/tr><tr><td class=\"stats-title\">Approbation des plans de classification des documents sp\u00e9cifiques<\/td><td>1<\/td><td>2<\/td><td>0<\/td><td>1<\/td><td class=\"totals-title\">4<\/td><\/tr><tr><td class=\"stats-title\">Assistance technique pour les Organismes publics<\/td><td>13<\/td><td>14<\/td><td>8<\/td><td>22<\/td><td class=\"totals-title\">57<\/td><\/tr><tr><td class=\"stats-title\">Evaluation du syst\u00e8me de gestion des documents et des archives dans les Services publics<\/td><td>4<\/td><td>2<\/td><td>1<\/td><td>1<\/td><td class=\"totals-title\">8<\/td><\/tr><\/tbody><\/table>\n\n\n\n\n\n<h5 class=\"has-text-align-center wp-block-heading\"><strong>Activit\u00e9 Inspection durant les 4 derni\u00e8res ann\u00e9es<\/strong><\/h5>\n","protected":false},"excerpt":{"rendered":"<p>Activit\u00e9 2018 2019 2020 2021 TOTAL Nombre des cessions de formation effectu\u00e9es 7 6 2 3 18 Nombre des participants aux formations 661 562 128 256 1607 Contr\u00f4le des conditions de conservations des archives 18 16 7 3 49 Approbation des calendriers des d\u00e9lais de conservation des documents sp\u00e9cifiques 2 14 6 4 26 Approbation [&hellip;]<\/p>\n","protected":false},"author":1,"featured_media":0,"parent":0,"menu_order":0,"comment_status":"closed","ping_status":"closed","template":"","meta":{"_monsterinsights_skip_tracking":false,"_monsterinsights_sitenote_active":false,"_monsterinsights_sitenote_note":"","_monsterinsights_sitenote_category":0,"footnotes":""},"class_list":["post-1505","page","type-page","status-publish","hentry"],"yoast_head":"<!-- This site is optimized with the Yoast SEO plugin v26.0 - https:\/\/yoast.com\/wordpress\/plugins\/seo\/ -->\n<title>Statistique Inspection - Archives Nationales de Tunisie<\/title>\n<meta name=\"robots\" content=\"index, follow, max-snippet:-1, max-image-preview:large, max-video-preview:-1\" \/>\n<link rel=\"canonical\" href=\"https:\/\/www.archives.nat.tn\/fr\/statistique-inspection\/\" \/>\n<meta property=\"og:locale\" content=\"fr_FR\" \/>\n<meta property=\"og:type\" content=\"article\" \/>\n<meta property=\"og:title\" content=\"Statistique Inspection - Archives Nationales de Tunisie\" \/>\n<meta property=\"og:description\" content=\"Activit\u00e9 2018 2019 2020 2021 TOTAL Nombre des cessions de formation effectu\u00e9es 7 6 2 3 18 Nombre des participants aux formations 661 562 128 256 1607 Contr\u00f4le des conditions de conservations des archives 18 16 7 3 49 Approbation des calendriers des d\u00e9lais de conservation des documents sp\u00e9cifiques 2 14 6 4 26 Approbation [&hellip;]\" \/>\n<meta property=\"og:url\" content=\"https:\/\/www.archives.nat.tn\/fr\/statistique-inspection\/\" \/>\n<meta property=\"og:site_name\" content=\"Archives Nationales de Tunisie\" \/>\n<meta property=\"article:modified_time\" content=\"2022-06-06T16:15:10+00:00\" \/>\n<meta name=\"twitter:card\" content=\"summary_large_image\" \/>\n<script type=\"application\/ld+json\" class=\"yoast-schema-graph\">{\"@context\":\"https:\/\/schema.org\",\"@graph\":[{\"@type\":\"WebPage\",\"@id\":\"https:\/\/www.archives.nat.tn\/fr\/statistique-inspection\/\",\"url\":\"https:\/\/www.archives.nat.tn\/fr\/statistique-inspection\/\",\"name\":\"Statistique Inspection - Archives Nationales de Tunisie\",\"isPartOf\":{\"@id\":\"https:\/\/www.archives.nat.tn\/fr\/#website\"},\"datePublished\":\"2022-06-06T12:15:24+00:00\",\"dateModified\":\"2022-06-06T16:15:10+00:00\",\"breadcrumb\":{\"@id\":\"https:\/\/www.archives.nat.tn\/fr\/statistique-inspection\/#breadcrumb\"},\"inLanguage\":\"fr-FR\",\"potentialAction\":[{\"@type\":\"ReadAction\",\"target\":[\"https:\/\/www.archives.nat.tn\/fr\/statistique-inspection\/\"]}]},{\"@type\":\"BreadcrumbList\",\"@id\":\"https:\/\/www.archives.nat.tn\/fr\/statistique-inspection\/#breadcrumb\",\"itemListElement\":[{\"@type\":\"ListItem\",\"position\":1,\"name\":\"Accueil\",\"item\":\"https:\/\/www.archives.nat.tn\/fr\/\"},{\"@type\":\"ListItem\",\"position\":2,\"name\":\"Statistique Inspection\"}]},{\"@type\":\"WebSite\",\"@id\":\"https:\/\/www.archives.nat.tn\/fr\/#website\",\"url\":\"https:\/\/www.archives.nat.tn\/fr\/\",\"name\":\"Archives Nationales de Tunisie\",\"description\":\"\",\"publisher\":{\"@id\":\"https:\/\/www.archives.nat.tn\/fr\/#organization\"},\"potentialAction\":[{\"@type\":\"SearchAction\",\"target\":{\"@type\":\"EntryPoint\",\"urlTemplate\":\"https:\/\/www.archives.nat.tn\/fr\/?s={search_term_string}\"},\"query-input\":{\"@type\":\"PropertyValueSpecification\",\"valueRequired\":true,\"valueName\":\"search_term_string\"}}],\"inLanguage\":\"fr-FR\"},{\"@type\":\"Organization\",\"@id\":\"https:\/\/www.archives.nat.tn\/fr\/#organization\",\"name\":\"Les Archives Nationales de Tunisie\",\"url\":\"https:\/\/www.archives.nat.tn\/fr\/\",\"logo\":{\"@type\":\"ImageObject\",\"inLanguage\":\"fr-FR\",\"@id\":\"https:\/\/www.archives.nat.tn\/fr\/#\/schema\/logo\/image\/\",\"url\":\"http:\/\/www.archives.nat.tn\/wp-content\/uploads\/2022\/07\/logo-ant.png\",\"contentUrl\":\"http:\/\/www.archives.nat.tn\/wp-content\/uploads\/2022\/07\/logo-ant.png\",\"width\":1719,\"height\":1239,\"caption\":\"Les Archives Nationales de Tunisie\"},\"image\":{\"@id\":\"https:\/\/www.archives.nat.tn\/fr\/#\/schema\/logo\/image\/\"}}]}<\/script>\n<!-- \/ Yoast SEO plugin. -->","yoast_head_json":{"title":"Statistique Inspection - Archives Nationales de Tunisie","robots":{"index":"index","follow":"follow","max-snippet":"max-snippet:-1","max-image-preview":"max-image-preview:large","max-video-preview":"max-video-preview:-1"},"canonical":"https:\/\/www.archives.nat.tn\/fr\/statistique-inspection\/","og_locale":"fr_FR","og_type":"article","og_title":"Statistique Inspection - Archives Nationales de Tunisie","og_description":"Activit\u00e9 2018 2019 2020 2021 TOTAL Nombre des cessions de formation effectu\u00e9es 7 6 2 3 18 Nombre des participants aux formations 661 562 128 256 1607 Contr\u00f4le des conditions de conservations des archives 18 16 7 3 49 Approbation des calendriers des d\u00e9lais de conservation des documents sp\u00e9cifiques 2 14 6 4 26 Approbation [&hellip;]","og_url":"https:\/\/www.archives.nat.tn\/fr\/statistique-inspection\/","og_site_name":"Archives Nationales de Tunisie","article_modified_time":"2022-06-06T16:15:10+00:00","twitter_card":"summary_large_image","schema":{"@context":"https:\/\/schema.org","@graph":[{"@type":"WebPage","@id":"https:\/\/www.archives.nat.tn\/fr\/statistique-inspection\/","url":"https:\/\/www.archives.nat.tn\/fr\/statistique-inspection\/","name":"Statistique Inspection - Archives Nationales de Tunisie","isPartOf":{"@id":"https:\/\/www.archives.nat.tn\/fr\/#website"},"datePublished":"2022-06-06T12:15:24+00:00","dateModified":"2022-06-06T16:15:10+00:00","breadcrumb":{"@id":"https:\/\/www.archives.nat.tn\/fr\/statistique-inspection\/#breadcrumb"},"inLanguage":"fr-FR","potentialAction":[{"@type":"ReadAction","target":["https:\/\/www.archives.nat.tn\/fr\/statistique-inspection\/"]}]},{"@type":"BreadcrumbList","@id":"https:\/\/www.archives.nat.tn\/fr\/statistique-inspection\/#breadcrumb","itemListElement":[{"@type":"ListItem","position":1,"name":"Accueil","item":"https:\/\/www.archives.nat.tn\/fr\/"},{"@type":"ListItem","position":2,"name":"Statistique Inspection"}]},{"@type":"WebSite","@id":"https:\/\/www.archives.nat.tn\/fr\/#website","url":"https:\/\/www.archives.nat.tn\/fr\/","name":"Archives Nationales de Tunisie","description":"","publisher":{"@id":"https:\/\/www.archives.nat.tn\/fr\/#organization"},"potentialAction":[{"@type":"SearchAction","target":{"@type":"EntryPoint","urlTemplate":"https:\/\/www.archives.nat.tn\/fr\/?s={search_term_string}"},"query-input":{"@type":"PropertyValueSpecification","valueRequired":true,"valueName":"search_term_string"}}],"inLanguage":"fr-FR"},{"@type":"Organization","@id":"https:\/\/www.archives.nat.tn\/fr\/#organization","name":"Les Archives Nationales de Tunisie","url":"https:\/\/www.archives.nat.tn\/fr\/","logo":{"@type":"ImageObject","inLanguage":"fr-FR","@id":"https:\/\/www.archives.nat.tn\/fr\/#\/schema\/logo\/image\/","url":"http:\/\/www.archives.nat.tn\/wp-content\/uploads\/2022\/07\/logo-ant.png","contentUrl":"http:\/\/www.archives.nat.tn\/wp-content\/uploads\/2022\/07\/logo-ant.png","width":1719,"height":1239,"caption":"Les Archives Nationales de Tunisie"},"image":{"@id":"https:\/\/www.archives.nat.tn\/fr\/#\/schema\/logo\/image\/"}}]}},"_links":{"self":[{"href":"https:\/\/www.archives.nat.tn\/fr\/wp-json\/wp\/v2\/pages\/1505","targetHints":{"allow":["GET"]}}],"collection":[{"href":"https:\/\/www.archives.nat.tn\/fr\/wp-json\/wp\/v2\/pages"}],"about":[{"href":"https:\/\/www.archives.nat.tn\/fr\/wp-json\/wp\/v2\/types\/page"}],"author":[{"embeddable":true,"href":"https:\/\/www.archives.nat.tn\/fr\/wp-json\/wp\/v2\/users\/1"}],"replies":[{"embeddable":true,"href":"https:\/\/www.archives.nat.tn\/fr\/wp-json\/wp\/v2\/comments?post=1505"}],"version-history":[{"count":9,"href":"https:\/\/www.archives.nat.tn\/fr\/wp-json\/wp\/v2\/pages\/1505\/revisions"}],"predecessor-version":[{"id":1548,"href":"https:\/\/www.archives.nat.tn\/fr\/wp-json\/wp\/v2\/pages\/1505\/revisions\/1548"}],"wp:attachment":[{"href":"https:\/\/www.archives.nat.tn\/fr\/wp-json\/wp\/v2\/media?parent=1505"}],"curies":[{"name":"wp","href":"https:\/\/api.w.org\/{rel}","templated":true}]}}