{"id":1517,"date":"2022-06-06T15:23:57","date_gmt":"2022-06-06T14:23:57","guid":{"rendered":"http:\/\/www.archives.nat.tn\/?page_id=1517"},"modified":"2026-01-19T15:26:08","modified_gmt":"2026-01-19T14:26:08","slug":"statistique-technique","status":"publish","type":"page","link":"https:\/\/www.archives.nat.tn\/fr\/statistique-technique\/","title":{"rendered":"Statistique  technique"},"content":{"rendered":"\n<h5 class=\"wp-block-heading has-text-align-center\">Activit\u00e9s de la Direction technique<\/h5>\n\n\n\n<figure class=\"wp-block-table\"><table><tbody><tr><td><strong>Num\u00e9ro d\u2019ordre<\/strong><\/td><td><strong>Activit\u00e9<\/strong><\/td><td><strong>Volume<\/strong><\/td><td><strong>Dates<\/strong><\/td><\/tr><tr><td>1<\/td><td>Versement<\/td><td>213262<\/td><td>2000-2021<\/td><\/tr><tr><td>2<\/td><td>Collecte des archives priv\u00e9es<\/td><td>93 familles, personnalit\u00e9 et associations<\/td><td>2006-2021<\/td><\/tr><tr><td>3<\/td><td>Inventaire <\/td><td>335875 boites 717 classeurs 9940 titres<\/td><td>2021-2016<\/td><\/tr><tr><td>4<\/td><td>Description et indexation<\/td><td>231 boites 500 albums 668 registres<\/td><td>2020-2021<\/td><\/tr><tr><td>5<\/td><td>Nombre des enregistrements dans la base de donn\u00e9es archivistique<\/td><td>166765<\/td><td>2020-2021<\/td><\/tr><tr><td>6<\/td><td>Num\u00e9risation des documents<\/td><td>1392564 prises de vue<\/td><td>2013-2020<\/td><\/tr><tr><td>7<\/td><td>Restauration des documents<\/td><td>214 registres 853 documents<\/td><td>2016-2021<\/td><\/tr><tr><td>8<\/td><td>Reliure<\/td><td>315 volume<\/td><td>2016-2021<\/td><\/tr><tr><td>9<\/td><td>Traitement des documents iconographiques<\/td><td>3219 photos<\/td><td>2019-2021<\/td><\/tr><tr><td>10<\/td><td>Encadrement des \u00e9tudiants et professionnels<\/td><td>40 <\/td><td>2020-2021<\/td><\/tr><\/tbody><\/table><\/figure>\n","protected":false},"excerpt":{"rendered":"<p>Activit\u00e9s de la Direction technique Num\u00e9ro d\u2019ordre Activit\u00e9 Volume Dates 1 Versement 213262 2000-2021 2 Collecte des archives priv\u00e9es 93 familles, personnalit\u00e9 et associations 2006-2021 3 Inventaire 335875 boites 717 classeurs 9940 titres 2021-2016 4 Description et indexation 231 boites 500 albums 668 registres 2020-2021 5 Nombre des enregistrements dans la base de donn\u00e9es archivistique [&hellip;]<\/p>\n","protected":false},"author":1,"featured_media":0,"parent":0,"menu_order":0,"comment_status":"closed","ping_status":"closed","template":"","meta":{"_monsterinsights_skip_tracking":false,"_monsterinsights_sitenote_active":false,"_monsterinsights_sitenote_note":"","_monsterinsights_sitenote_category":0,"footnotes":""},"class_list":["post-1517","page","type-page","status-publish","hentry"],"yoast_head":"<!-- This site is optimized with the Yoast SEO plugin v26.0 - https:\/\/yoast.com\/wordpress\/plugins\/seo\/ -->\n<title>Statistique technique - Archives Nationales de Tunisie<\/title>\n<meta name=\"robots\" content=\"index, follow, max-snippet:-1, max-image-preview:large, max-video-preview:-1\" \/>\n<link rel=\"canonical\" href=\"https:\/\/www.archives.nat.tn\/fr\/statistique-technique\/\" \/>\n<meta property=\"og:locale\" content=\"fr_FR\" \/>\n<meta property=\"og:type\" content=\"article\" \/>\n<meta property=\"og:title\" content=\"Statistique technique - Archives Nationales de Tunisie\" \/>\n<meta property=\"og:description\" content=\"Activit\u00e9s de la Direction technique Num\u00e9ro d\u2019ordre Activit\u00e9 Volume Dates 1 Versement 213262 2000-2021 2 Collecte des archives priv\u00e9es 93 familles, personnalit\u00e9 et associations 2006-2021 3 Inventaire 335875 boites 717 classeurs 9940 titres 2021-2016 4 Description et indexation 231 boites 500 albums 668 registres 2020-2021 5 Nombre des enregistrements dans la base de donn\u00e9es archivistique [&hellip;]\" \/>\n<meta property=\"og:url\" content=\"https:\/\/www.archives.nat.tn\/fr\/statistique-technique\/\" \/>\n<meta property=\"og:site_name\" content=\"Archives Nationales de Tunisie\" \/>\n<meta property=\"article:modified_time\" content=\"2026-01-19T14:26:08+00:00\" \/>\n<meta name=\"twitter:card\" content=\"summary_large_image\" \/>\n<meta name=\"twitter:label1\" content=\"Dur\u00e9e de lecture estim\u00e9e\" \/>\n\t<meta name=\"twitter:data1\" content=\"1 minute\" \/>\n<script type=\"application\/ld+json\" class=\"yoast-schema-graph\">{\"@context\":\"https:\/\/schema.org\",\"@graph\":[{\"@type\":\"WebPage\",\"@id\":\"https:\/\/www.archives.nat.tn\/fr\/statistique-technique\/\",\"url\":\"https:\/\/www.archives.nat.tn\/fr\/statistique-technique\/\",\"name\":\"Statistique technique - Archives Nationales de Tunisie\",\"isPartOf\":{\"@id\":\"https:\/\/www.archives.nat.tn\/fr\/#website\"},\"datePublished\":\"2022-06-06T14:23:57+00:00\",\"dateModified\":\"2026-01-19T14:26:08+00:00\",\"breadcrumb\":{\"@id\":\"https:\/\/www.archives.nat.tn\/fr\/statistique-technique\/#breadcrumb\"},\"inLanguage\":\"fr-FR\",\"potentialAction\":[{\"@type\":\"ReadAction\",\"target\":[\"https:\/\/www.archives.nat.tn\/fr\/statistique-technique\/\"]}]},{\"@type\":\"BreadcrumbList\",\"@id\":\"https:\/\/www.archives.nat.tn\/fr\/statistique-technique\/#breadcrumb\",\"itemListElement\":[{\"@type\":\"ListItem\",\"position\":1,\"name\":\"Accueil\",\"item\":\"https:\/\/www.archives.nat.tn\/fr\/\"},{\"@type\":\"ListItem\",\"position\":2,\"name\":\"Statistique technique\"}]},{\"@type\":\"WebSite\",\"@id\":\"https:\/\/www.archives.nat.tn\/fr\/#website\",\"url\":\"https:\/\/www.archives.nat.tn\/fr\/\",\"name\":\"Archives Nationales de Tunisie\",\"description\":\"\",\"publisher\":{\"@id\":\"https:\/\/www.archives.nat.tn\/fr\/#organization\"},\"potentialAction\":[{\"@type\":\"SearchAction\",\"target\":{\"@type\":\"EntryPoint\",\"urlTemplate\":\"https:\/\/www.archives.nat.tn\/fr\/?s={search_term_string}\"},\"query-input\":{\"@type\":\"PropertyValueSpecification\",\"valueRequired\":true,\"valueName\":\"search_term_string\"}}],\"inLanguage\":\"fr-FR\"},{\"@type\":\"Organization\",\"@id\":\"https:\/\/www.archives.nat.tn\/fr\/#organization\",\"name\":\"Les Archives Nationales de Tunisie\",\"url\":\"https:\/\/www.archives.nat.tn\/fr\/\",\"logo\":{\"@type\":\"ImageObject\",\"inLanguage\":\"fr-FR\",\"@id\":\"https:\/\/www.archives.nat.tn\/fr\/#\/schema\/logo\/image\/\",\"url\":\"http:\/\/www.archives.nat.tn\/wp-content\/uploads\/2022\/07\/logo-ant.png\",\"contentUrl\":\"http:\/\/www.archives.nat.tn\/wp-content\/uploads\/2022\/07\/logo-ant.png\",\"width\":1719,\"height\":1239,\"caption\":\"Les Archives Nationales de Tunisie\"},\"image\":{\"@id\":\"https:\/\/www.archives.nat.tn\/fr\/#\/schema\/logo\/image\/\"}}]}<\/script>\n<!-- \/ Yoast SEO plugin. -->","yoast_head_json":{"title":"Statistique technique - Archives Nationales de Tunisie","robots":{"index":"index","follow":"follow","max-snippet":"max-snippet:-1","max-image-preview":"max-image-preview:large","max-video-preview":"max-video-preview:-1"},"canonical":"https:\/\/www.archives.nat.tn\/fr\/statistique-technique\/","og_locale":"fr_FR","og_type":"article","og_title":"Statistique technique - Archives Nationales de Tunisie","og_description":"Activit\u00e9s de la Direction technique Num\u00e9ro d\u2019ordre Activit\u00e9 Volume Dates 1 Versement 213262 2000-2021 2 Collecte des archives priv\u00e9es 93 familles, personnalit\u00e9 et associations 2006-2021 3 Inventaire 335875 boites 717 classeurs 9940 titres 2021-2016 4 Description et indexation 231 boites 500 albums 668 registres 2020-2021 5 Nombre des enregistrements dans la base de donn\u00e9es archivistique [&hellip;]","og_url":"https:\/\/www.archives.nat.tn\/fr\/statistique-technique\/","og_site_name":"Archives Nationales de Tunisie","article_modified_time":"2026-01-19T14:26:08+00:00","twitter_card":"summary_large_image","twitter_misc":{"Dur\u00e9e de lecture estim\u00e9e":"1 minute"},"schema":{"@context":"https:\/\/schema.org","@graph":[{"@type":"WebPage","@id":"https:\/\/www.archives.nat.tn\/fr\/statistique-technique\/","url":"https:\/\/www.archives.nat.tn\/fr\/statistique-technique\/","name":"Statistique technique - Archives Nationales de Tunisie","isPartOf":{"@id":"https:\/\/www.archives.nat.tn\/fr\/#website"},"datePublished":"2022-06-06T14:23:57+00:00","dateModified":"2026-01-19T14:26:08+00:00","breadcrumb":{"@id":"https:\/\/www.archives.nat.tn\/fr\/statistique-technique\/#breadcrumb"},"inLanguage":"fr-FR","potentialAction":[{"@type":"ReadAction","target":["https:\/\/www.archives.nat.tn\/fr\/statistique-technique\/"]}]},{"@type":"BreadcrumbList","@id":"https:\/\/www.archives.nat.tn\/fr\/statistique-technique\/#breadcrumb","itemListElement":[{"@type":"ListItem","position":1,"name":"Accueil","item":"https:\/\/www.archives.nat.tn\/fr\/"},{"@type":"ListItem","position":2,"name":"Statistique technique"}]},{"@type":"WebSite","@id":"https:\/\/www.archives.nat.tn\/fr\/#website","url":"https:\/\/www.archives.nat.tn\/fr\/","name":"Archives Nationales de Tunisie","description":"","publisher":{"@id":"https:\/\/www.archives.nat.tn\/fr\/#organization"},"potentialAction":[{"@type":"SearchAction","target":{"@type":"EntryPoint","urlTemplate":"https:\/\/www.archives.nat.tn\/fr\/?s={search_term_string}"},"query-input":{"@type":"PropertyValueSpecification","valueRequired":true,"valueName":"search_term_string"}}],"inLanguage":"fr-FR"},{"@type":"Organization","@id":"https:\/\/www.archives.nat.tn\/fr\/#organization","name":"Les Archives Nationales de Tunisie","url":"https:\/\/www.archives.nat.tn\/fr\/","logo":{"@type":"ImageObject","inLanguage":"fr-FR","@id":"https:\/\/www.archives.nat.tn\/fr\/#\/schema\/logo\/image\/","url":"http:\/\/www.archives.nat.tn\/wp-content\/uploads\/2022\/07\/logo-ant.png","contentUrl":"http:\/\/www.archives.nat.tn\/wp-content\/uploads\/2022\/07\/logo-ant.png","width":1719,"height":1239,"caption":"Les Archives Nationales de Tunisie"},"image":{"@id":"https:\/\/www.archives.nat.tn\/fr\/#\/schema\/logo\/image\/"}}]}},"_links":{"self":[{"href":"https:\/\/www.archives.nat.tn\/fr\/wp-json\/wp\/v2\/pages\/1517","targetHints":{"allow":["GET"]}}],"collection":[{"href":"https:\/\/www.archives.nat.tn\/fr\/wp-json\/wp\/v2\/pages"}],"about":[{"href":"https:\/\/www.archives.nat.tn\/fr\/wp-json\/wp\/v2\/types\/page"}],"author":[{"embeddable":true,"href":"https:\/\/www.archives.nat.tn\/fr\/wp-json\/wp\/v2\/users\/1"}],"replies":[{"embeddable":true,"href":"https:\/\/www.archives.nat.tn\/fr\/wp-json\/wp\/v2\/comments?post=1517"}],"version-history":[{"count":4,"href":"https:\/\/www.archives.nat.tn\/fr\/wp-json\/wp\/v2\/pages\/1517\/revisions"}],"predecessor-version":[{"id":4054,"href":"https:\/\/www.archives.nat.tn\/fr\/wp-json\/wp\/v2\/pages\/1517\/revisions\/4054"}],"wp:attachment":[{"href":"https:\/\/www.archives.nat.tn\/fr\/wp-json\/wp\/v2\/media?parent=1517"}],"curies":[{"name":"wp","href":"https:\/\/api.w.org\/{rel}","templated":true}]}}