{"id":1786,"date":"2022-06-20T10:39:46","date_gmt":"2022-06-20T09:39:46","guid":{"rendered":"http:\/\/www.archives.nat.tn\/?page_id=1786"},"modified":"2025-07-23T12:33:21","modified_gmt":"2025-07-23T11:33:21","slug":"lacces-a-linformation","status":"publish","type":"page","link":"https:\/\/www.archives.nat.tn\/fr\/lacces-a-linformation\/","title":{"rendered":"L\u2019acc\u00e8s \u00e0 l\u2019information"},"content":{"rendered":"<p>Conform\u00e9ment aux dispositions de la loi organique n\u00b022-2016 du 24 mars 2016 relative \u00e0 l\u2019acc\u00e8s \u00e0 l\u2019information, ont \u00e9t\u00e9 d\u00e9sign\u00e9es :<br \/>Madame Marwa Henchiri gestionnaire conseiller , charg\u00e9e d\u2019acc\u00e8s \u00e0 l\u2019information aux Archives Nationales de Tunisie.<\/p>\n<p>Madame Ilhem Bourchada gestionnaire conseiller de documents et d\u2019archives, suppl\u00e9ante \u00e0 la charg\u00e9e d\u2019acc\u00e8s \u00e0 l\u2019information aux Archives Nationales de Tunisie.<\/p>\n<i class=\"fa fa-envelope-o\" style=\"color: #1e73be\"><\/i> archives.nationales@archives.nat.tn<\/p>\n<i class=\"fa fa-phone\" style=\"color: #1e73be\"><\/i> 71.575.700<\/p>\n<p>Vous pouvez demander l&#8217;acc\u00e8s aux documents en utilisant le formulaire suivant :<\/p>\n\n<div class=\"wpforms-container wpforms-container-full wpforms-block wpforms-block-a90466ff-9524-4178-bc97-5e15946ce130\" id=\"wpforms-2867\"><form id=\"wpforms-form-2867\" class=\"wpforms-validate wpforms-form\" data-formid=\"2867\" method=\"post\" enctype=\"multipart\/form-data\" action=\"\/fr\/wp-json\/wp\/v2\/pages\/1786\" data-token=\"b3daad081957b0ace8a8c1a71c4f65ed\" data-token-time=\"1777650078\"><noscript class=\"wpforms-error-noscript\">Veuillez activer JavaScript dans votre navigateur pour remplir ce formulaire.<\/noscript><div class=\"wpforms-field-container\"><div id=\"wpforms-2867-field_10-container\" class=\"wpforms-field wpforms-field-text wpforms-one-half wpforms-first\" data-field-id=\"10\"><label class=\"wpforms-field-label\" for=\"wpforms-2867-field_10\">Nom et pr\u00e9nom <span class=\"wpforms-required-label\">*<\/span><\/label><input type=\"text\" id=\"wpforms-2867-field_10\" class=\"wpforms-field-large wpforms-field-required\" name=\"wpforms[fields][10]\" required><\/div><div id=\"wpforms-2867-field_20-container\" class=\"wpforms-field wpforms-field-text wpforms-one-half\" data-field-id=\"20\"><label class=\"wpforms-field-label\" for=\"wpforms-2867-field_20\">Nom de l&#039;organisme (si personne morale)<\/label><input type=\"text\" id=\"wpforms-2867-field_20\" class=\"wpforms-field-large\" name=\"wpforms[fields][20]\" ><\/div><div id=\"wpforms-2867-field_21-container\" class=\"wpforms-field wpforms-field-text wpforms-one-half wpforms-first\" data-field-id=\"21\"><label class=\"wpforms-field-label\" for=\"wpforms-2867-field_21\">Nom du repr\u00e9sentant l\u00e9gal (si personne morale)<\/label><input type=\"text\" id=\"wpforms-2867-field_21\" class=\"wpforms-field-large\" name=\"wpforms[fields][21]\" ><\/div><div id=\"wpforms-2867-field_13-container\" class=\"wpforms-field wpforms-field-text wpforms-one-half\" data-field-id=\"13\"><label class=\"wpforms-field-label\" for=\"wpforms-2867-field_13\">Num pi\u00e8ce d&#039;identit\u00e9 <span class=\"wpforms-required-label\">*<\/span><\/label><input type=\"text\" id=\"wpforms-2867-field_13\" class=\"wpforms-field-large wpforms-field-required\" name=\"wpforms[fields][13]\" required><\/div><div id=\"wpforms-2867-field_14-container\" class=\"wpforms-field wpforms-field-text wpforms-one-half wpforms-first\" data-field-id=\"14\"><label class=\"wpforms-field-label\" for=\"wpforms-2867-field_14\">Adresse <span class=\"wpforms-required-label\">*<\/span><\/label><input type=\"text\" id=\"wpforms-2867-field_14\" class=\"wpforms-field-large wpforms-field-required\" name=\"wpforms[fields][14]\" required><\/div><div id=\"wpforms-2867-field_15-container\" class=\"wpforms-field wpforms-field-text wpforms-one-half\" data-field-id=\"15\"><label class=\"wpforms-field-label\" for=\"wpforms-2867-field_15\">T\u00e9l\u00e9phone <span class=\"wpforms-required-label\">*<\/span><\/label><input type=\"text\" id=\"wpforms-2867-field_15\" class=\"wpforms-field-large wpforms-field-required\" name=\"wpforms[fields][15]\" required><\/div><div id=\"wpforms-2867-field_16-container\" class=\"wpforms-field wpforms-field-text wpforms-one-half wpforms-first\" data-field-id=\"16\"><label class=\"wpforms-field-label\" for=\"wpforms-2867-field_16\">Fax <span class=\"wpforms-required-label\">*<\/span><\/label><input type=\"text\" id=\"wpforms-2867-field_16\" class=\"wpforms-field-large wpforms-field-required\" name=\"wpforms[fields][16]\" required><\/div><div id=\"wpforms-2867-field_1-container\" class=\"wpforms-field wpforms-field-email wpforms-one-half\" data-field-id=\"1\"><label class=\"wpforms-field-label\" for=\"wpforms-2867-field_1\">Email <span class=\"wpforms-required-label\">*<\/span><\/label><input type=\"email\" id=\"wpforms-2867-field_1\" class=\"wpforms-field-large wpforms-field-required\" name=\"wpforms[fields][1]\" spellcheck=\"false\" required><\/div><div id=\"wpforms-2867-field_3-container\" class=\"wpforms-field wpforms-field-text wpforms-one-half wpforms-first\" data-field-id=\"3\"><label class=\"wpforms-field-label\" for=\"wpforms-2867-field_3\">Document demand\u00e9 <span class=\"wpforms-required-label\">*<\/span><\/label><input type=\"text\" id=\"wpforms-2867-field_3\" class=\"wpforms-field-large wpforms-field-required\" name=\"wpforms[fields][3]\" required><\/div><div id=\"wpforms-2867-field_18-container\" class=\"wpforms-field wpforms-field-text wpforms-one-half\" data-field-id=\"18\"><label class=\"wpforms-field-label\" for=\"wpforms-2867-field_18\">Organisme concern\u00e9 <span class=\"wpforms-required-label\">*<\/span><\/label><input type=\"text\" id=\"wpforms-2867-field_18\" class=\"wpforms-field-large wpforms-field-required\" name=\"wpforms[fields][18]\" required><\/div><div id=\"wpforms-2867-field_19-container\" class=\"wpforms-field wpforms-field-text\" data-field-id=\"19\"><label class=\"wpforms-field-label\" for=\"wpforms-2867-field_19\">R\u00e9f\u00e9rence (si existe)<\/label><input type=\"text\" id=\"wpforms-2867-field_19\" class=\"wpforms-field-large\" name=\"wpforms[fields][19]\" ><\/div><div id=\"wpforms-2867-field_17-container\" class=\"wpforms-field wpforms-field-checkbox\" data-field-id=\"17\"><label class=\"wpforms-field-label\">Nature de la copie souhait\u00e9e du document <span class=\"wpforms-required-label\">*<\/span><\/label><ul id=\"wpforms-2867-field_17\" class=\"wpforms-field-required\" data-choice-limit=\"1\"><li class=\"choice-1 depth-1\"><input type=\"checkbox\" id=\"wpforms-2867-field_17_1\" data-rule-check-limit=\"true\" name=\"wpforms[fields][17][]\" value=\"Consultation sur place\" required ><label class=\"wpforms-field-label-inline\" for=\"wpforms-2867-field_17_1\">Consultation sur place<\/label><\/li><li class=\"choice-2 depth-1\"><input type=\"checkbox\" id=\"wpforms-2867-field_17_2\" data-rule-check-limit=\"true\" name=\"wpforms[fields][17][]\" value=\"Copie papier\" required ><label class=\"wpforms-field-label-inline\" for=\"wpforms-2867-field_17_2\">Copie papier<\/label><\/li><li class=\"choice-3 depth-1\"><input type=\"checkbox\" id=\"wpforms-2867-field_17_3\" data-rule-check-limit=\"true\" name=\"wpforms[fields][17][]\" value=\"Copie \u00e9lectronique\" required ><label class=\"wpforms-field-label-inline\" for=\"wpforms-2867-field_17_3\">Copie \u00e9lectronique<\/label><\/li><li class=\"choice-4 depth-1\"><input type=\"checkbox\" id=\"wpforms-2867-field_17_4\" data-rule-check-limit=\"true\" name=\"wpforms[fields][17][]\" value=\"Obtenez une copie des enregistrements sous forme audio ou visuelle\" required ><label class=\"wpforms-field-label-inline\" for=\"wpforms-2867-field_17_4\">Obtenez une copie des enregistrements sous forme audio ou visuelle<\/label><\/li><\/ul><\/div><\/div><!-- .wpforms-field-container --><div class=\"wpforms-field wpforms-field-hp\"><label for=\"wpforms-2867-field-hp\" class=\"wpforms-field-label\">Website<\/label><input type=\"text\" name=\"wpforms[hp]\" id=\"wpforms-2867-field-hp\" class=\"wpforms-field-medium\"><\/div><div class=\"wpforms-recaptcha-container wpforms-is-recaptcha wpforms-is-recaptcha-type-v2\" ><div class=\"g-recaptcha\" data-sitekey=\"6LdCmw0pAAAAAAEpzguAZxRwXL9ZuUaevfb_OYwN\"><\/div><input type=\"text\" name=\"g-recaptcha-hidden\" class=\"wpforms-recaptcha-hidden\" style=\"position:absolute!important;clip:rect(0,0,0,0)!important;height:1px!important;width:1px!important;border:0!important;overflow:hidden!important;padding:0!important;margin:0!important;\" data-rule-recaptcha=\"1\"><\/div><div class=\"wpforms-submit-container\" ><input type=\"hidden\" name=\"wpforms[id]\" value=\"2867\"><input type=\"hidden\" name=\"page_title\" value=\"\"><input type=\"hidden\" name=\"page_url\" value=\"https:\/\/www.archives.nat.tn\/fr\/wp-json\/wp\/v2\/pages\/1786\"><input type=\"hidden\" name=\"url_referer\" value=\"\"><button type=\"submit\" name=\"wpforms[submit]\" id=\"wpforms-submit-2867\" class=\"wpforms-submit\" data-alt-text=\"Envoi en cours...\" data-submit-text=\"Envoyer\" aria-live=\"assertive\" value=\"wpforms-submit\">Envoyer<\/button><\/div><\/form><\/div>  <!-- .wpforms-container -->\n\n<\/p>\n<p><strong>T\u00e9l\u00e9chargement<\/strong> :<\/p>\n<p><strong><a href=\"http:\/\/www.archives.nat.tn\/wp-content\/uploads\/2022\/06\/loi_organique_N22_2016_du_2432016.pdf\" target=\"_blank\" rel=\"noopener\">T\u00e9l\u00e9charger la Loi organique<\/a><\/strong><br \/><a href=\"http:\/\/www.archives.nat.tn\/wp-content\/uploads\/2022\/06\/DemandeAccesAr.pdf\" target=\"_blank\" rel=\"noopener\"><strong>T\u00e9l\u00e9charger une version PDF de la Demande d\u2019acc\u00e8s \u00e0 l\u2019information<\/strong><\/a><br \/><a href=\"http:\/\/www.archives.nat.tn\/wp-content\/uploads\/2022\/06\/PetitionChefStrAr.pdf\" target=\"_blank\" rel=\"noopener\"><strong>T\u00e9l\u00e9charger une version PDF de la Demande de recours gracieux<\/strong><\/a><\/p>","protected":false},"excerpt":{"rendered":"<p>Conform\u00e9ment aux dispositions de la loi organique n\u00b022-2016 du 24 mars 2016 relative \u00e0 l\u2019acc\u00e8s \u00e0 l\u2019information, ont \u00e9t\u00e9 d\u00e9sign\u00e9es :Madame Marwa Henchiri gestionnaire conseiller , charg\u00e9e d\u2019acc\u00e8s \u00e0 l\u2019information aux Archives Nationales de Tunisie. Madame Ilhem Bourchada gestionnaire conseiller de documents et d\u2019archives, suppl\u00e9ante \u00e0 la charg\u00e9e d\u2019acc\u00e8s \u00e0 l\u2019information aux Archives Nationales de [&hellip;]<\/p>\n","protected":false},"author":1,"featured_media":0,"parent":0,"menu_order":0,"comment_status":"closed","ping_status":"closed","template":"","meta":{"_monsterinsights_skip_tracking":false,"_monsterinsights_sitenote_active":false,"_monsterinsights_sitenote_note":"","_monsterinsights_sitenote_category":0,"footnotes":""},"class_list":["post-1786","page","type-page","status-publish","hentry"],"yoast_head":"<!-- This site is optimized with the Yoast SEO plugin v26.0 - https:\/\/yoast.com\/wordpress\/plugins\/seo\/ -->\n<title>L\u2019acc\u00e8s \u00e0 l\u2019information - Archives Nationales de Tunisie<\/title>\n<meta name=\"robots\" content=\"index, follow, max-snippet:-1, max-image-preview:large, max-video-preview:-1\" \/>\n<link rel=\"canonical\" href=\"https:\/\/www.archives.nat.tn\/fr\/lacces-a-linformation\/\" \/>\n<meta property=\"og:locale\" content=\"fr_FR\" \/>\n<meta property=\"og:type\" content=\"article\" \/>\n<meta property=\"og:title\" content=\"L\u2019acc\u00e8s \u00e0 l\u2019information - Archives Nationales de Tunisie\" \/>\n<meta property=\"og:description\" content=\"Conform\u00e9ment aux dispositions de la loi organique n\u00b022-2016 du 24 mars 2016 relative \u00e0 l\u2019acc\u00e8s \u00e0 l\u2019information, ont \u00e9t\u00e9 d\u00e9sign\u00e9es :Madame Marwa Henchiri gestionnaire conseiller , charg\u00e9e d\u2019acc\u00e8s \u00e0 l\u2019information aux Archives Nationales de Tunisie. Madame Ilhem Bourchada gestionnaire conseiller de documents et d\u2019archives, suppl\u00e9ante \u00e0 la charg\u00e9e d\u2019acc\u00e8s \u00e0 l\u2019information aux Archives Nationales de [&hellip;]\" \/>\n<meta property=\"og:url\" content=\"https:\/\/www.archives.nat.tn\/fr\/lacces-a-linformation\/\" \/>\n<meta property=\"og:site_name\" content=\"Archives Nationales de Tunisie\" \/>\n<meta property=\"article:modified_time\" content=\"2025-07-23T11:33:21+00:00\" \/>\n<meta name=\"twitter:card\" content=\"summary_large_image\" \/>\n<meta name=\"twitter:label1\" content=\"Dur\u00e9e de lecture estim\u00e9e\" \/>\n\t<meta name=\"twitter:data1\" content=\"1 minute\" \/>\n<script type=\"application\/ld+json\" class=\"yoast-schema-graph\">{\"@context\":\"https:\/\/schema.org\",\"@graph\":[{\"@type\":\"WebPage\",\"@id\":\"https:\/\/www.archives.nat.tn\/fr\/lacces-a-linformation\/\",\"url\":\"https:\/\/www.archives.nat.tn\/fr\/lacces-a-linformation\/\",\"name\":\"L\u2019acc\u00e8s \u00e0 l\u2019information - Archives Nationales de Tunisie\",\"isPartOf\":{\"@id\":\"https:\/\/www.archives.nat.tn\/fr\/#website\"},\"datePublished\":\"2022-06-20T09:39:46+00:00\",\"dateModified\":\"2025-07-23T11:33:21+00:00\",\"breadcrumb\":{\"@id\":\"https:\/\/www.archives.nat.tn\/fr\/lacces-a-linformation\/#breadcrumb\"},\"inLanguage\":\"fr-FR\",\"potentialAction\":[{\"@type\":\"ReadAction\",\"target\":[\"https:\/\/www.archives.nat.tn\/fr\/lacces-a-linformation\/\"]}]},{\"@type\":\"BreadcrumbList\",\"@id\":\"https:\/\/www.archives.nat.tn\/fr\/lacces-a-linformation\/#breadcrumb\",\"itemListElement\":[{\"@type\":\"ListItem\",\"position\":1,\"name\":\"Accueil\",\"item\":\"https:\/\/www.archives.nat.tn\/fr\/\"},{\"@type\":\"ListItem\",\"position\":2,\"name\":\"L\u2019acc\u00e8s \u00e0 l\u2019information\"}]},{\"@type\":\"WebSite\",\"@id\":\"https:\/\/www.archives.nat.tn\/fr\/#website\",\"url\":\"https:\/\/www.archives.nat.tn\/fr\/\",\"name\":\"Archives Nationales de Tunisie\",\"description\":\"\",\"publisher\":{\"@id\":\"https:\/\/www.archives.nat.tn\/fr\/#organization\"},\"potentialAction\":[{\"@type\":\"SearchAction\",\"target\":{\"@type\":\"EntryPoint\",\"urlTemplate\":\"https:\/\/www.archives.nat.tn\/fr\/?s={search_term_string}\"},\"query-input\":{\"@type\":\"PropertyValueSpecification\",\"valueRequired\":true,\"valueName\":\"search_term_string\"}}],\"inLanguage\":\"fr-FR\"},{\"@type\":\"Organization\",\"@id\":\"https:\/\/www.archives.nat.tn\/fr\/#organization\",\"name\":\"Les Archives Nationales de Tunisie\",\"url\":\"https:\/\/www.archives.nat.tn\/fr\/\",\"logo\":{\"@type\":\"ImageObject\",\"inLanguage\":\"fr-FR\",\"@id\":\"https:\/\/www.archives.nat.tn\/fr\/#\/schema\/logo\/image\/\",\"url\":\"http:\/\/www.archives.nat.tn\/wp-content\/uploads\/2022\/07\/logo-ant.png\",\"contentUrl\":\"http:\/\/www.archives.nat.tn\/wp-content\/uploads\/2022\/07\/logo-ant.png\",\"width\":1719,\"height\":1239,\"caption\":\"Les Archives Nationales de Tunisie\"},\"image\":{\"@id\":\"https:\/\/www.archives.nat.tn\/fr\/#\/schema\/logo\/image\/\"}}]}<\/script>\n<!-- \/ Yoast SEO plugin. -->","yoast_head_json":{"title":"L\u2019acc\u00e8s \u00e0 l\u2019information - Archives Nationales de Tunisie","robots":{"index":"index","follow":"follow","max-snippet":"max-snippet:-1","max-image-preview":"max-image-preview:large","max-video-preview":"max-video-preview:-1"},"canonical":"https:\/\/www.archives.nat.tn\/fr\/lacces-a-linformation\/","og_locale":"fr_FR","og_type":"article","og_title":"L\u2019acc\u00e8s \u00e0 l\u2019information - Archives Nationales de Tunisie","og_description":"Conform\u00e9ment aux dispositions de la loi organique n\u00b022-2016 du 24 mars 2016 relative \u00e0 l\u2019acc\u00e8s \u00e0 l\u2019information, ont \u00e9t\u00e9 d\u00e9sign\u00e9es :Madame Marwa Henchiri gestionnaire conseiller , charg\u00e9e d\u2019acc\u00e8s \u00e0 l\u2019information aux Archives Nationales de Tunisie. Madame Ilhem Bourchada gestionnaire conseiller de documents et d\u2019archives, suppl\u00e9ante \u00e0 la charg\u00e9e d\u2019acc\u00e8s \u00e0 l\u2019information aux Archives Nationales de [&hellip;]","og_url":"https:\/\/www.archives.nat.tn\/fr\/lacces-a-linformation\/","og_site_name":"Archives Nationales de Tunisie","article_modified_time":"2025-07-23T11:33:21+00:00","twitter_card":"summary_large_image","twitter_misc":{"Dur\u00e9e de lecture estim\u00e9e":"1 minute"},"schema":{"@context":"https:\/\/schema.org","@graph":[{"@type":"WebPage","@id":"https:\/\/www.archives.nat.tn\/fr\/lacces-a-linformation\/","url":"https:\/\/www.archives.nat.tn\/fr\/lacces-a-linformation\/","name":"L\u2019acc\u00e8s \u00e0 l\u2019information - Archives Nationales de Tunisie","isPartOf":{"@id":"https:\/\/www.archives.nat.tn\/fr\/#website"},"datePublished":"2022-06-20T09:39:46+00:00","dateModified":"2025-07-23T11:33:21+00:00","breadcrumb":{"@id":"https:\/\/www.archives.nat.tn\/fr\/lacces-a-linformation\/#breadcrumb"},"inLanguage":"fr-FR","potentialAction":[{"@type":"ReadAction","target":["https:\/\/www.archives.nat.tn\/fr\/lacces-a-linformation\/"]}]},{"@type":"BreadcrumbList","@id":"https:\/\/www.archives.nat.tn\/fr\/lacces-a-linformation\/#breadcrumb","itemListElement":[{"@type":"ListItem","position":1,"name":"Accueil","item":"https:\/\/www.archives.nat.tn\/fr\/"},{"@type":"ListItem","position":2,"name":"L\u2019acc\u00e8s \u00e0 l\u2019information"}]},{"@type":"WebSite","@id":"https:\/\/www.archives.nat.tn\/fr\/#website","url":"https:\/\/www.archives.nat.tn\/fr\/","name":"Archives Nationales de Tunisie","description":"","publisher":{"@id":"https:\/\/www.archives.nat.tn\/fr\/#organization"},"potentialAction":[{"@type":"SearchAction","target":{"@type":"EntryPoint","urlTemplate":"https:\/\/www.archives.nat.tn\/fr\/?s={search_term_string}"},"query-input":{"@type":"PropertyValueSpecification","valueRequired":true,"valueName":"search_term_string"}}],"inLanguage":"fr-FR"},{"@type":"Organization","@id":"https:\/\/www.archives.nat.tn\/fr\/#organization","name":"Les Archives Nationales de Tunisie","url":"https:\/\/www.archives.nat.tn\/fr\/","logo":{"@type":"ImageObject","inLanguage":"fr-FR","@id":"https:\/\/www.archives.nat.tn\/fr\/#\/schema\/logo\/image\/","url":"http:\/\/www.archives.nat.tn\/wp-content\/uploads\/2022\/07\/logo-ant.png","contentUrl":"http:\/\/www.archives.nat.tn\/wp-content\/uploads\/2022\/07\/logo-ant.png","width":1719,"height":1239,"caption":"Les Archives Nationales de Tunisie"},"image":{"@id":"https:\/\/www.archives.nat.tn\/fr\/#\/schema\/logo\/image\/"}}]}},"_links":{"self":[{"href":"https:\/\/www.archives.nat.tn\/fr\/wp-json\/wp\/v2\/pages\/1786","targetHints":{"allow":["GET"]}}],"collection":[{"href":"https:\/\/www.archives.nat.tn\/fr\/wp-json\/wp\/v2\/pages"}],"about":[{"href":"https:\/\/www.archives.nat.tn\/fr\/wp-json\/wp\/v2\/types\/page"}],"author":[{"embeddable":true,"href":"https:\/\/www.archives.nat.tn\/fr\/wp-json\/wp\/v2\/users\/1"}],"replies":[{"embeddable":true,"href":"https:\/\/www.archives.nat.tn\/fr\/wp-json\/wp\/v2\/comments?post=1786"}],"version-history":[{"count":13,"href":"https:\/\/www.archives.nat.tn\/fr\/wp-json\/wp\/v2\/pages\/1786\/revisions"}],"predecessor-version":[{"id":3782,"href":"https:\/\/www.archives.nat.tn\/fr\/wp-json\/wp\/v2\/pages\/1786\/revisions\/3782"}],"wp:attachment":[{"href":"https:\/\/www.archives.nat.tn\/fr\/wp-json\/wp\/v2\/media?parent=1786"}],"curies":[{"name":"wp","href":"https:\/\/api.w.org\/{rel}","templated":true}]}}