{"id":1799,"date":"2022-06-20T15:06:57","date_gmt":"2022-06-20T14:06:57","guid":{"rendered":"http:\/\/www.archives.nat.tn\/?page_id=1799"},"modified":"2022-07-04T09:22:22","modified_gmt":"2022-07-04T08:22:22","slug":"open-data","status":"publish","type":"page","link":"https:\/\/www.archives.nat.tn\/fr\/open-data\/","title":{"rendered":"Open Data"},"content":{"rendered":"<p>Suite \u00e0 l&#8217;engagement des Archives nationales de Tunisie inscrit dans <span style=\"color: #235ea0;\">le deuxi\u00e8me plan du partenariat pour un gouvernement ouvert 2016-2018<\/span>, qui vise \u00e0 renforcer et \u00e0 diversifier les voies d&#8217;acc\u00e8s aux documents d&#8217;archives :<\/p>\n<p>&#8211;\u00a0 L\u2019institution, a d\u00e9velopp\u00e9 un portail qui permet au public de visualiser et d\u2019acc\u00e9der aux documents num\u00e9ris\u00e9s, afin de promouvoir la recherche et de faciliter l&#8217;acc\u00e8s \u00e0 distance \u00e0 l\u2019information, tout en assurant la protection des documents et des informations et leur conservation.<br \/>\n&#8211; Certaines parties des fonds d\u2019archives de diff\u00e9rents formats et supports, ont \u00e9t\u00e9 num\u00e9ris\u00e9es et mises \u00e0 la disposition du public sous une forme num\u00e9rique, et ce, en transformant en m\u00eame temps, les bases de donn\u00e9es r\u00e9f\u00e9rentielles en bases num\u00e9riques facilitant ainsi la recherche, la consultation en ligne, et le t\u00e9l\u00e9chargement des documents selon les dispositions l\u00e9gales en vigueur.<\/p>\n","protected":false},"excerpt":{"rendered":"<p>Suite \u00e0 l&#8217;engagement des Archives nationales de Tunisie inscrit dans le deuxi\u00e8me plan du partenariat pour un gouvernement ouvert 2016-2018, qui vise \u00e0 renforcer et \u00e0 diversifier les voies d&#8217;acc\u00e8s aux documents d&#8217;archives : &#8211;\u00a0 L\u2019institution, a d\u00e9velopp\u00e9 un portail qui permet au public de visualiser et d\u2019acc\u00e9der aux documents num\u00e9ris\u00e9s, afin de promouvoir la [&hellip;]<\/p>\n","protected":false},"author":1,"featured_media":0,"parent":0,"menu_order":0,"comment_status":"closed","ping_status":"closed","template":"","meta":{"_monsterinsights_skip_tracking":false,"_monsterinsights_sitenote_active":false,"_monsterinsights_sitenote_note":"","_monsterinsights_sitenote_category":0,"footnotes":""},"class_list":["post-1799","page","type-page","status-publish","hentry"],"yoast_head":"<!-- This site is optimized with the Yoast SEO plugin v26.0 - https:\/\/yoast.com\/wordpress\/plugins\/seo\/ -->\n<title>Open Data - Archives Nationales de Tunisie<\/title>\n<meta name=\"robots\" content=\"index, follow, max-snippet:-1, max-image-preview:large, max-video-preview:-1\" \/>\n<link rel=\"canonical\" href=\"https:\/\/www.archives.nat.tn\/fr\/open-data\/\" \/>\n<meta property=\"og:locale\" content=\"fr_FR\" \/>\n<meta property=\"og:type\" content=\"article\" \/>\n<meta property=\"og:title\" content=\"Open Data - Archives Nationales de Tunisie\" \/>\n<meta property=\"og:description\" content=\"Suite \u00e0 l&#8217;engagement des Archives nationales de Tunisie inscrit dans le deuxi\u00e8me plan du partenariat pour un gouvernement ouvert 2016-2018, qui vise \u00e0 renforcer et \u00e0 diversifier les voies d&#8217;acc\u00e8s aux documents d&#8217;archives : &#8211;\u00a0 L\u2019institution, a d\u00e9velopp\u00e9 un portail qui permet au public de visualiser et d\u2019acc\u00e9der aux documents num\u00e9ris\u00e9s, afin de promouvoir la [&hellip;]\" \/>\n<meta property=\"og:url\" content=\"https:\/\/www.archives.nat.tn\/fr\/open-data\/\" \/>\n<meta property=\"og:site_name\" content=\"Archives Nationales de Tunisie\" \/>\n<meta property=\"article:modified_time\" content=\"2022-07-04T08:22:22+00:00\" \/>\n<meta name=\"twitter:card\" content=\"summary_large_image\" \/>\n<meta name=\"twitter:label1\" content=\"Dur\u00e9e de lecture estim\u00e9e\" \/>\n\t<meta name=\"twitter:data1\" content=\"1 minute\" \/>\n<script type=\"application\/ld+json\" class=\"yoast-schema-graph\">{\"@context\":\"https:\/\/schema.org\",\"@graph\":[{\"@type\":\"WebPage\",\"@id\":\"https:\/\/www.archives.nat.tn\/fr\/open-data\/\",\"url\":\"https:\/\/www.archives.nat.tn\/fr\/open-data\/\",\"name\":\"Open Data - Archives Nationales de Tunisie\",\"isPartOf\":{\"@id\":\"https:\/\/www.archives.nat.tn\/fr\/#website\"},\"datePublished\":\"2022-06-20T14:06:57+00:00\",\"dateModified\":\"2022-07-04T08:22:22+00:00\",\"breadcrumb\":{\"@id\":\"https:\/\/www.archives.nat.tn\/fr\/open-data\/#breadcrumb\"},\"inLanguage\":\"fr-FR\",\"potentialAction\":[{\"@type\":\"ReadAction\",\"target\":[\"https:\/\/www.archives.nat.tn\/fr\/open-data\/\"]}]},{\"@type\":\"BreadcrumbList\",\"@id\":\"https:\/\/www.archives.nat.tn\/fr\/open-data\/#breadcrumb\",\"itemListElement\":[{\"@type\":\"ListItem\",\"position\":1,\"name\":\"Accueil\",\"item\":\"https:\/\/www.archives.nat.tn\/fr\/\"},{\"@type\":\"ListItem\",\"position\":2,\"name\":\"Open Data\"}]},{\"@type\":\"WebSite\",\"@id\":\"https:\/\/www.archives.nat.tn\/fr\/#website\",\"url\":\"https:\/\/www.archives.nat.tn\/fr\/\",\"name\":\"Archives Nationales de Tunisie\",\"description\":\"\",\"publisher\":{\"@id\":\"https:\/\/www.archives.nat.tn\/fr\/#organization\"},\"potentialAction\":[{\"@type\":\"SearchAction\",\"target\":{\"@type\":\"EntryPoint\",\"urlTemplate\":\"https:\/\/www.archives.nat.tn\/fr\/?s={search_term_string}\"},\"query-input\":{\"@type\":\"PropertyValueSpecification\",\"valueRequired\":true,\"valueName\":\"search_term_string\"}}],\"inLanguage\":\"fr-FR\"},{\"@type\":\"Organization\",\"@id\":\"https:\/\/www.archives.nat.tn\/fr\/#organization\",\"name\":\"Les Archives Nationales de Tunisie\",\"url\":\"https:\/\/www.archives.nat.tn\/fr\/\",\"logo\":{\"@type\":\"ImageObject\",\"inLanguage\":\"fr-FR\",\"@id\":\"https:\/\/www.archives.nat.tn\/fr\/#\/schema\/logo\/image\/\",\"url\":\"http:\/\/www.archives.nat.tn\/wp-content\/uploads\/2022\/07\/logo-ant.png\",\"contentUrl\":\"http:\/\/www.archives.nat.tn\/wp-content\/uploads\/2022\/07\/logo-ant.png\",\"width\":1719,\"height\":1239,\"caption\":\"Les Archives Nationales de Tunisie\"},\"image\":{\"@id\":\"https:\/\/www.archives.nat.tn\/fr\/#\/schema\/logo\/image\/\"}}]}<\/script>\n<!-- \/ Yoast SEO plugin. -->","yoast_head_json":{"title":"Open Data - Archives Nationales de Tunisie","robots":{"index":"index","follow":"follow","max-snippet":"max-snippet:-1","max-image-preview":"max-image-preview:large","max-video-preview":"max-video-preview:-1"},"canonical":"https:\/\/www.archives.nat.tn\/fr\/open-data\/","og_locale":"fr_FR","og_type":"article","og_title":"Open Data - Archives Nationales de Tunisie","og_description":"Suite \u00e0 l&#8217;engagement des Archives nationales de Tunisie inscrit dans le deuxi\u00e8me plan du partenariat pour un gouvernement ouvert 2016-2018, qui vise \u00e0 renforcer et \u00e0 diversifier les voies d&#8217;acc\u00e8s aux documents d&#8217;archives : &#8211;\u00a0 L\u2019institution, a d\u00e9velopp\u00e9 un portail qui permet au public de visualiser et d\u2019acc\u00e9der aux documents num\u00e9ris\u00e9s, afin de promouvoir la [&hellip;]","og_url":"https:\/\/www.archives.nat.tn\/fr\/open-data\/","og_site_name":"Archives Nationales de Tunisie","article_modified_time":"2022-07-04T08:22:22+00:00","twitter_card":"summary_large_image","twitter_misc":{"Dur\u00e9e de lecture estim\u00e9e":"1 minute"},"schema":{"@context":"https:\/\/schema.org","@graph":[{"@type":"WebPage","@id":"https:\/\/www.archives.nat.tn\/fr\/open-data\/","url":"https:\/\/www.archives.nat.tn\/fr\/open-data\/","name":"Open Data - Archives Nationales de Tunisie","isPartOf":{"@id":"https:\/\/www.archives.nat.tn\/fr\/#website"},"datePublished":"2022-06-20T14:06:57+00:00","dateModified":"2022-07-04T08:22:22+00:00","breadcrumb":{"@id":"https:\/\/www.archives.nat.tn\/fr\/open-data\/#breadcrumb"},"inLanguage":"fr-FR","potentialAction":[{"@type":"ReadAction","target":["https:\/\/www.archives.nat.tn\/fr\/open-data\/"]}]},{"@type":"BreadcrumbList","@id":"https:\/\/www.archives.nat.tn\/fr\/open-data\/#breadcrumb","itemListElement":[{"@type":"ListItem","position":1,"name":"Accueil","item":"https:\/\/www.archives.nat.tn\/fr\/"},{"@type":"ListItem","position":2,"name":"Open Data"}]},{"@type":"WebSite","@id":"https:\/\/www.archives.nat.tn\/fr\/#website","url":"https:\/\/www.archives.nat.tn\/fr\/","name":"Archives Nationales de Tunisie","description":"","publisher":{"@id":"https:\/\/www.archives.nat.tn\/fr\/#organization"},"potentialAction":[{"@type":"SearchAction","target":{"@type":"EntryPoint","urlTemplate":"https:\/\/www.archives.nat.tn\/fr\/?s={search_term_string}"},"query-input":{"@type":"PropertyValueSpecification","valueRequired":true,"valueName":"search_term_string"}}],"inLanguage":"fr-FR"},{"@type":"Organization","@id":"https:\/\/www.archives.nat.tn\/fr\/#organization","name":"Les Archives Nationales de Tunisie","url":"https:\/\/www.archives.nat.tn\/fr\/","logo":{"@type":"ImageObject","inLanguage":"fr-FR","@id":"https:\/\/www.archives.nat.tn\/fr\/#\/schema\/logo\/image\/","url":"http:\/\/www.archives.nat.tn\/wp-content\/uploads\/2022\/07\/logo-ant.png","contentUrl":"http:\/\/www.archives.nat.tn\/wp-content\/uploads\/2022\/07\/logo-ant.png","width":1719,"height":1239,"caption":"Les Archives Nationales de Tunisie"},"image":{"@id":"https:\/\/www.archives.nat.tn\/fr\/#\/schema\/logo\/image\/"}}]}},"_links":{"self":[{"href":"https:\/\/www.archives.nat.tn\/fr\/wp-json\/wp\/v2\/pages\/1799","targetHints":{"allow":["GET"]}}],"collection":[{"href":"https:\/\/www.archives.nat.tn\/fr\/wp-json\/wp\/v2\/pages"}],"about":[{"href":"https:\/\/www.archives.nat.tn\/fr\/wp-json\/wp\/v2\/types\/page"}],"author":[{"embeddable":true,"href":"https:\/\/www.archives.nat.tn\/fr\/wp-json\/wp\/v2\/users\/1"}],"replies":[{"embeddable":true,"href":"https:\/\/www.archives.nat.tn\/fr\/wp-json\/wp\/v2\/comments?post=1799"}],"version-history":[{"count":4,"href":"https:\/\/www.archives.nat.tn\/fr\/wp-json\/wp\/v2\/pages\/1799\/revisions"}],"predecessor-version":[{"id":1918,"href":"https:\/\/www.archives.nat.tn\/fr\/wp-json\/wp\/v2\/pages\/1799\/revisions\/1918"}],"wp:attachment":[{"href":"https:\/\/www.archives.nat.tn\/fr\/wp-json\/wp\/v2\/media?parent=1799"}],"curies":[{"name":"wp","href":"https:\/\/api.w.org\/{rel}","templated":true}]}}