{"id":1972,"date":"2022-07-08T11:38:06","date_gmt":"2022-07-08T10:38:06","guid":{"rendered":"http:\/\/www.archives.nat.tn\/?page_id=1972"},"modified":"2022-09-16T13:33:00","modified_gmt":"2022-09-16T12:33:00","slug":"siege-et-espaces-de-conservation","status":"publish","type":"page","link":"https:\/\/www.archives.nat.tn\/fr\/siege-et-espaces-de-conservation\/","title":{"rendered":"Espaces de conservation"},"content":{"rendered":"\n<p>Les Archives Nationales, disposent des espaces et des \u00e9quipements n\u00e9cessaires \u00e0 une bonne conservation des documents. Les fonds profitent ainsi d\u2019une protection fiable des diff\u00e9rents facteurs de d\u00e9gradation et restent exploitables le plus longtemps possible.<\/p>\n\n\n\n<p>Le si\u00e8ge principal des Archives nationales situ\u00e9 au boulevard 9 avril \u00e0 Tunis, contient quarante-huit <mark style=\"background-color:rgba(0, 0, 0, 0);color:#0071a1\" class=\"has-inline-color\">(48)<\/mark> magasins d\u2019une capacit\u00e9 de cinquante-deux <mark style=\"background-color:rgba(0, 0, 0, 0);color:#0071a1\" class=\"has-inline-color\">(52)<\/mark> kilom\u00e8tres lin\u00e9aires de documents.<\/p>\n","protected":false},"excerpt":{"rendered":"<p>Les Archives Nationales, disposent des espaces et des \u00e9quipements n\u00e9cessaires \u00e0 une bonne conservation des documents. Les fonds profitent ainsi d\u2019une protection fiable des diff\u00e9rents facteurs de d\u00e9gradation et restent exploitables le plus longtemps possible. Le si\u00e8ge principal des Archives nationales situ\u00e9 au boulevard 9 avril \u00e0 Tunis, contient quarante-huit (48) magasins d\u2019une capacit\u00e9 de [&hellip;]<\/p>\n","protected":false},"author":1,"featured_media":0,"parent":0,"menu_order":0,"comment_status":"closed","ping_status":"closed","template":"","meta":{"_monsterinsights_skip_tracking":false,"_monsterinsights_sitenote_active":false,"_monsterinsights_sitenote_note":"","_monsterinsights_sitenote_category":0,"footnotes":""},"class_list":["post-1972","page","type-page","status-publish","hentry"],"yoast_head":"<!-- This site is optimized with the Yoast SEO plugin v26.0 - https:\/\/yoast.com\/wordpress\/plugins\/seo\/ -->\n<title>Espaces de conservation - Archives Nationales de Tunisie<\/title>\n<meta name=\"robots\" content=\"index, follow, max-snippet:-1, max-image-preview:large, max-video-preview:-1\" \/>\n<link rel=\"canonical\" href=\"https:\/\/www.archives.nat.tn\/fr\/siege-et-espaces-de-conservation\/\" \/>\n<meta property=\"og:locale\" content=\"fr_FR\" \/>\n<meta property=\"og:type\" content=\"article\" \/>\n<meta property=\"og:title\" content=\"Espaces de conservation - Archives Nationales de Tunisie\" \/>\n<meta property=\"og:description\" content=\"Les Archives Nationales, disposent des espaces et des \u00e9quipements n\u00e9cessaires \u00e0 une bonne conservation des documents. Les fonds profitent ainsi d\u2019une protection fiable des diff\u00e9rents facteurs de d\u00e9gradation et restent exploitables le plus longtemps possible. Le si\u00e8ge principal des Archives nationales situ\u00e9 au boulevard 9 avril \u00e0 Tunis, contient quarante-huit (48) magasins d\u2019une capacit\u00e9 de [&hellip;]\" \/>\n<meta property=\"og:url\" content=\"https:\/\/www.archives.nat.tn\/fr\/siege-et-espaces-de-conservation\/\" \/>\n<meta property=\"og:site_name\" content=\"Archives Nationales de Tunisie\" \/>\n<meta property=\"article:modified_time\" content=\"2022-09-16T12:33:00+00:00\" \/>\n<meta name=\"twitter:card\" content=\"summary_large_image\" \/>\n<meta name=\"twitter:label1\" content=\"Dur\u00e9e de lecture estim\u00e9e\" \/>\n\t<meta name=\"twitter:data1\" content=\"1 minute\" \/>\n<script type=\"application\/ld+json\" class=\"yoast-schema-graph\">{\"@context\":\"https:\/\/schema.org\",\"@graph\":[{\"@type\":\"WebPage\",\"@id\":\"https:\/\/www.archives.nat.tn\/fr\/siege-et-espaces-de-conservation\/\",\"url\":\"https:\/\/www.archives.nat.tn\/fr\/siege-et-espaces-de-conservation\/\",\"name\":\"Espaces de conservation - Archives Nationales de Tunisie\",\"isPartOf\":{\"@id\":\"https:\/\/www.archives.nat.tn\/fr\/#website\"},\"datePublished\":\"2022-07-08T10:38:06+00:00\",\"dateModified\":\"2022-09-16T12:33:00+00:00\",\"breadcrumb\":{\"@id\":\"https:\/\/www.archives.nat.tn\/fr\/siege-et-espaces-de-conservation\/#breadcrumb\"},\"inLanguage\":\"fr-FR\",\"potentialAction\":[{\"@type\":\"ReadAction\",\"target\":[\"https:\/\/www.archives.nat.tn\/fr\/siege-et-espaces-de-conservation\/\"]}]},{\"@type\":\"BreadcrumbList\",\"@id\":\"https:\/\/www.archives.nat.tn\/fr\/siege-et-espaces-de-conservation\/#breadcrumb\",\"itemListElement\":[{\"@type\":\"ListItem\",\"position\":1,\"name\":\"Accueil\",\"item\":\"https:\/\/www.archives.nat.tn\/fr\/\"},{\"@type\":\"ListItem\",\"position\":2,\"name\":\"Espaces de conservation\"}]},{\"@type\":\"WebSite\",\"@id\":\"https:\/\/www.archives.nat.tn\/fr\/#website\",\"url\":\"https:\/\/www.archives.nat.tn\/fr\/\",\"name\":\"Archives Nationales de Tunisie\",\"description\":\"\",\"publisher\":{\"@id\":\"https:\/\/www.archives.nat.tn\/fr\/#organization\"},\"potentialAction\":[{\"@type\":\"SearchAction\",\"target\":{\"@type\":\"EntryPoint\",\"urlTemplate\":\"https:\/\/www.archives.nat.tn\/fr\/?s={search_term_string}\"},\"query-input\":{\"@type\":\"PropertyValueSpecification\",\"valueRequired\":true,\"valueName\":\"search_term_string\"}}],\"inLanguage\":\"fr-FR\"},{\"@type\":\"Organization\",\"@id\":\"https:\/\/www.archives.nat.tn\/fr\/#organization\",\"name\":\"Les Archives Nationales de Tunisie\",\"url\":\"https:\/\/www.archives.nat.tn\/fr\/\",\"logo\":{\"@type\":\"ImageObject\",\"inLanguage\":\"fr-FR\",\"@id\":\"https:\/\/www.archives.nat.tn\/fr\/#\/schema\/logo\/image\/\",\"url\":\"http:\/\/www.archives.nat.tn\/wp-content\/uploads\/2022\/07\/logo-ant.png\",\"contentUrl\":\"http:\/\/www.archives.nat.tn\/wp-content\/uploads\/2022\/07\/logo-ant.png\",\"width\":1719,\"height\":1239,\"caption\":\"Les Archives Nationales de Tunisie\"},\"image\":{\"@id\":\"https:\/\/www.archives.nat.tn\/fr\/#\/schema\/logo\/image\/\"}}]}<\/script>\n<!-- \/ Yoast SEO plugin. -->","yoast_head_json":{"title":"Espaces de conservation - Archives Nationales de Tunisie","robots":{"index":"index","follow":"follow","max-snippet":"max-snippet:-1","max-image-preview":"max-image-preview:large","max-video-preview":"max-video-preview:-1"},"canonical":"https:\/\/www.archives.nat.tn\/fr\/siege-et-espaces-de-conservation\/","og_locale":"fr_FR","og_type":"article","og_title":"Espaces de conservation - Archives Nationales de Tunisie","og_description":"Les Archives Nationales, disposent des espaces et des \u00e9quipements n\u00e9cessaires \u00e0 une bonne conservation des documents. Les fonds profitent ainsi d\u2019une protection fiable des diff\u00e9rents facteurs de d\u00e9gradation et restent exploitables le plus longtemps possible. Le si\u00e8ge principal des Archives nationales situ\u00e9 au boulevard 9 avril \u00e0 Tunis, contient quarante-huit (48) magasins d\u2019une capacit\u00e9 de [&hellip;]","og_url":"https:\/\/www.archives.nat.tn\/fr\/siege-et-espaces-de-conservation\/","og_site_name":"Archives Nationales de Tunisie","article_modified_time":"2022-09-16T12:33:00+00:00","twitter_card":"summary_large_image","twitter_misc":{"Dur\u00e9e de lecture estim\u00e9e":"1 minute"},"schema":{"@context":"https:\/\/schema.org","@graph":[{"@type":"WebPage","@id":"https:\/\/www.archives.nat.tn\/fr\/siege-et-espaces-de-conservation\/","url":"https:\/\/www.archives.nat.tn\/fr\/siege-et-espaces-de-conservation\/","name":"Espaces de conservation - Archives Nationales de Tunisie","isPartOf":{"@id":"https:\/\/www.archives.nat.tn\/fr\/#website"},"datePublished":"2022-07-08T10:38:06+00:00","dateModified":"2022-09-16T12:33:00+00:00","breadcrumb":{"@id":"https:\/\/www.archives.nat.tn\/fr\/siege-et-espaces-de-conservation\/#breadcrumb"},"inLanguage":"fr-FR","potentialAction":[{"@type":"ReadAction","target":["https:\/\/www.archives.nat.tn\/fr\/siege-et-espaces-de-conservation\/"]}]},{"@type":"BreadcrumbList","@id":"https:\/\/www.archives.nat.tn\/fr\/siege-et-espaces-de-conservation\/#breadcrumb","itemListElement":[{"@type":"ListItem","position":1,"name":"Accueil","item":"https:\/\/www.archives.nat.tn\/fr\/"},{"@type":"ListItem","position":2,"name":"Espaces de conservation"}]},{"@type":"WebSite","@id":"https:\/\/www.archives.nat.tn\/fr\/#website","url":"https:\/\/www.archives.nat.tn\/fr\/","name":"Archives Nationales de Tunisie","description":"","publisher":{"@id":"https:\/\/www.archives.nat.tn\/fr\/#organization"},"potentialAction":[{"@type":"SearchAction","target":{"@type":"EntryPoint","urlTemplate":"https:\/\/www.archives.nat.tn\/fr\/?s={search_term_string}"},"query-input":{"@type":"PropertyValueSpecification","valueRequired":true,"valueName":"search_term_string"}}],"inLanguage":"fr-FR"},{"@type":"Organization","@id":"https:\/\/www.archives.nat.tn\/fr\/#organization","name":"Les Archives Nationales de Tunisie","url":"https:\/\/www.archives.nat.tn\/fr\/","logo":{"@type":"ImageObject","inLanguage":"fr-FR","@id":"https:\/\/www.archives.nat.tn\/fr\/#\/schema\/logo\/image\/","url":"http:\/\/www.archives.nat.tn\/wp-content\/uploads\/2022\/07\/logo-ant.png","contentUrl":"http:\/\/www.archives.nat.tn\/wp-content\/uploads\/2022\/07\/logo-ant.png","width":1719,"height":1239,"caption":"Les Archives Nationales de Tunisie"},"image":{"@id":"https:\/\/www.archives.nat.tn\/fr\/#\/schema\/logo\/image\/"}}]}},"_links":{"self":[{"href":"https:\/\/www.archives.nat.tn\/fr\/wp-json\/wp\/v2\/pages\/1972","targetHints":{"allow":["GET"]}}],"collection":[{"href":"https:\/\/www.archives.nat.tn\/fr\/wp-json\/wp\/v2\/pages"}],"about":[{"href":"https:\/\/www.archives.nat.tn\/fr\/wp-json\/wp\/v2\/types\/page"}],"author":[{"embeddable":true,"href":"https:\/\/www.archives.nat.tn\/fr\/wp-json\/wp\/v2\/users\/1"}],"replies":[{"embeddable":true,"href":"https:\/\/www.archives.nat.tn\/fr\/wp-json\/wp\/v2\/comments?post=1972"}],"version-history":[{"count":3,"href":"https:\/\/www.archives.nat.tn\/fr\/wp-json\/wp\/v2\/pages\/1972\/revisions"}],"predecessor-version":[{"id":2228,"href":"https:\/\/www.archives.nat.tn\/fr\/wp-json\/wp\/v2\/pages\/1972\/revisions\/2228"}],"wp:attachment":[{"href":"https:\/\/www.archives.nat.tn\/fr\/wp-json\/wp\/v2\/media?parent=1972"}],"curies":[{"name":"wp","href":"https:\/\/api.w.org\/{rel}","templated":true}]}}