{"id":978,"date":"2022-02-28T10:37:38","date_gmt":"2022-02-28T09:37:38","guid":{"rendered":"http:\/\/www.archives.nat.tn\/?page_id=978"},"modified":"2024-10-23T11:54:23","modified_gmt":"2024-10-23T10:54:23","slug":"textes-juridiques-et-reglementaires-relatifs-aux-archives","status":"publish","type":"page","link":"https:\/\/www.archives.nat.tn\/fr\/textes-juridiques-et-reglementaires-relatifs-aux-archives\/","title":{"rendered":"Textes juridiques et r\u00e9glementaires relatifs aux archives"},"content":{"rendered":"\n<p>Pour mettre en place un programme de gestion des documents et des archives r\u00e9pondant aux exigences des textes l\u00e9gislatifs et r\u00e9glementaires, les minist\u00e8res et les organismes publics doivent se conformer aux textes suivants&nbsp;:<\/p>\n\n\n\n<ul class=\"wp-block-list\">\n<li><strong><mark style=\"background-color:rgba(0, 0, 0, 0);color:#0071a1\" class=\"has-inline-color\">Loi n\u00b0 88-95 du 02 ao\u00fbt 1988 <\/mark><\/strong>relative aux archives&nbsp;: les articles 7 et 8 de cette loi portent sur le caract\u00e8re obligatoire de l\u2019\u00e9laboration, de l\u2019application et de la mise \u00e0 jour d\u2019un programme de gestion des documents au sein des administrations publiques, en collaboration avec les Archives Nationales.<\/li>\n\n\n\n<li><strong><mark style=\"background-color:rgba(0, 0, 0, 0);color:#0071a1\" class=\"has-inline-color\">D\u00e9cret n\u00b0 88-1981 du 13 d\u00e9cembre 1988<\/mark><\/strong> fixant les conditions et les proc\u00e9dures de la gestion des archives courantes et archives interm\u00e9diaires, du tri et \u00e9limination des archives, du versement des archives et de la communication des archives publiques&nbsp;: l\u2019article 3 de ce d\u00e9cret porte sur l\u2019identification des diff\u00e9rentes composantes du programme de gestion de documents.<\/li>\n\n\n\n<li><strong><mark style=\"background-color:rgba(0, 0, 0, 0);color:#0071a1\" class=\"has-inline-color\">D\u00e9cret n\u00b0 93-1451 du 5 juillet 1993<\/mark><\/strong> relatif \u00e0 la responsabilit\u00e9 en mati\u00e8re de gestion et de conservation des documents administratifs&nbsp;: ce d\u00e9cret \u00e9tablit la responsabilit\u00e9 des diff\u00e9rents intervenants en mati\u00e8re de gestion et de conservation des documents administratifs.<\/li>\n\n\n\n<li><strong><mark style=\"background-color:rgba(0, 0, 0, 0);color:#0071a1\" class=\"has-inline-color\">D\u00e9cret n\u00b0 94-1618 du 26 juillet 1994<\/mark><\/strong>, portant sur la composition et le fonctionnement du Conseil Sup\u00e9rieur des Archives. Modifi\u00e9 par le d\u00e9cret n 1227 du 31 mai 2004.&nbsp;&nbsp;<\/li>\n\n\n\n<li><strong><mark style=\"background-color:rgba(0, 0, 0, 0);color:#0071a1\" class=\"has-inline-color\">D\u00e9cret n\u00b0 96-49 du 16 janvier 1996<\/mark><\/strong>, fixant le contenu des plans de mise \u00e0 niveau de l&#8217;administration et les modalit\u00e9s de leur \u00e9laboration, r\u00e9alisation et suivi&nbsp;: le point 14 porte sur l\u2019int\u00e9gration du programme de gestion des documents au sein du plan de mise \u00e0 niveau de l\u2019administration.<\/li>\n\n\n\n<li><strong><mark style=\"background-color:rgba(0, 0, 0, 0);color:#0071a1\" class=\"has-inline-color\">Circulaire du Premier ministre n\u00b0 8 du 9 f\u00e9vrier 1996<\/mark><\/strong>&nbsp;: cette circulaire pr\u00e9sente les diff\u00e9rentes composantes du programme de gestion des documents publics comme \u00e9l\u00e9ments du programme de la mise \u00e0 niveau de l\u2019administration.<\/li>\n\n\n\n<li><strong><mark style=\"background-color:rgba(0, 0, 0, 0);color:#0071a1\" class=\"has-inline-color\">D\u00e9cret n\u00b0 99-675 du 29 mars 1999<\/mark><\/strong> fixant le statut particulier au corps des gestionnaires des documents et archives. Modifi\u00e9 par de d\u00e9cret 810 du 07 avril 2003.<\/li>\n\n\n\n<li><strong><mark style=\"background-color:rgba(0, 0, 0, 0);color:#0071a1\" class=\"has-inline-color\">D\u00e9cret n\u00b0 97-389 du 21 f\u00e9vrier 1997<\/mark><\/strong> et d\u00e9cret n\u00b0 1226 du 31 mai 2004 portant sur l&#8217;organisation et le fonctionnement des Archives Nationales, modifi\u00e9 par le d\u00e9cret&nbsp; gouvernemental n&nbsp; 2016-1163 du 26 ao\u00fbt 2016.&nbsp;<\/li>\n\n\n\n<li><strong><mark style=\"background-color:rgba(0, 0, 0, 0);color:#0071a1\" class=\"has-inline-color\">D\u00e9cret n\u00b0 98-2548 du 28 d\u00e9cembre 1998<\/mark><\/strong> modifiant le d\u00e9cret n\u00b0 88-1981 du 13 d\u00e9cembre 1988.<\/li>\n\n\n\n<li><strong>Article n\u00b0 453 bis de la Loi n\u00b057 de 2000 du 13 juin 2000<\/strong> modifiant et compl\u00e9tant certains chapitres du code des Obligations et des Contrats<\/li>\n\n\n\n<li><strong><mark style=\"background-color:rgba(0, 0, 0, 0);color:#0071a1\" class=\"has-inline-color\">Circulaire du Premier ministre n\u00b0 23 du 18 avril 2001<\/mark><\/strong> fixant les proc\u00e9dures \u00e0 suivre dans les op\u00e9rations de transfert, d\u2019\u00e9limination et de versement de documents d\u2019archives.<\/li>\n<\/ul>\n\n\n\n<p>En outre, il existe plusieurs textes juridiques et r\u00e9glementaires en relation avec le domaine des archives&nbsp;:&nbsp;<\/p>\n\n\n\n<ul class=\"wp-block-list\">\n<li><strong><mark style=\"background-color:rgba(0, 0, 0, 0);color:#0071a1\" class=\"has-inline-color\">D\u00e9cret n\u00b0 94-1692 du 8 ao\u00fbt 1994<\/mark><\/strong>, relatif aux imprim\u00e9s administratifs.<\/li>\n\n\n\n<li><mark style=\"background-color:rgba(0, 0, 0, 0);color:#0071a1\" class=\"has-inline-color\"><strong>D\u00e9cret n\u00b0 96-49 du 16 janvier 1996<\/strong><\/mark>, fixant le contenu des plans de mise \u00e0 niveau de l&#8217;administration et les modalit\u00e9s de leur \u00e9laboration, r\u00e9alisation et suivi.\u00a0<\/li>\n\n\n\n<li><strong><mark style=\"background-color:rgba(0, 0, 0, 0);color:#0071a1\" class=\"has-inline-color\">Arr\u00eat\u00e9 du Premier ministre du 14 janvier 2004<\/mark><\/strong>, relatif \u00e0 la cr\u00e9ation d\u2019un comit\u00e9 national charg\u00e9 d\u2019\u00e9tudier la situation des documents \u00e9lectroniques dans le secteur public.&nbsp;&nbsp;<\/li>\n\n\n\n<li><strong><mark style=\"background-color:rgba(0, 0, 0, 0);color:#0071a1\" class=\"has-inline-color\">Loi n 2004-5 du 03 f\u00e9vrier 2004<\/mark><\/strong> relative \u00e0 la s\u00e9curit\u00e9 informatique.&nbsp;<\/li>\n\n\n\n<li><strong><mark style=\"background-color:rgba(0, 0, 0, 0);color:#0071a1\" class=\"has-inline-color\">Loi organique n 2016-22 du 24 mars 2016<\/mark><\/strong>, relative au droit d\u2019acc\u00e8s \u00e0 l\u2019information.&nbsp;<\/li>\n\n\n\n<li><strong><mark style=\"background-color:rgba(0, 0, 0, 0);color:#0071a1\" class=\"has-inline-color\">Loi organique n\u00b0 2004-63 du 27 juillet 2004<\/mark><\/strong>, portant sur la protection des donn\u00e9es \u00e0 caract\u00e8re personnel.<\/li>\n\n\n\n<li><strong><mark style=\"background-color:rgba(0, 0, 0, 0);color:#0071a1\" class=\"has-inline-color\">D\u00e9cret-loi n\u00b041 du 26 mai 2011<\/mark><\/strong>, relatif \u00e0 l&#8217;acc\u00e8s aux documents administratifs des organismes publics, modifi\u00e9 et compl\u00e9t\u00e9 par le d\u00e9cret-loi n\u00b0 2011-54 du 11 juin 2011.<\/li>\n\n\n\n<li><strong><mark style=\"background-color:rgba(0, 0, 0, 0);color:#0071a1\" class=\"has-inline-color\">Circulaire n\u00b0 25 du 5 mai 2012<\/mark><\/strong> portant application du d\u00e9cret-loi n\u00b0 2011-41 du 26 mai 2011 relatif \u00e0 l&#8217;acc\u00e8s aux documents administratifs des organismes publics.<\/li>\n\n\n\n<li><strong><mark style=\"background-color:rgba(0, 0, 0, 0);color:#0071a1\" class=\"has-inline-color\">Circulaire du pr\u00e9sident du gouvernement  n\u00b04 du 22 janvier 2018<\/mark><\/strong> portant sur l&#8217;organisation du syst\u00e8me national de gestion \u00e9lectronique du courrier (GEC).<\/li>\n\n\n\n<li><strong><mark style=\"background-color:rgba(0, 0, 0, 0);color:#0071a1\" class=\"has-inline-color\">Circulaire du Pr\u00e9sident du Gouvernement n\u00b022\/2018<\/mark><\/strong> du 26 Juillet 2018 relative au Cachet Electronique Visible pour la S\u00e9curisation des Documents Administratifs.<\/li>\n\n\n\n<li><strong><mark style=\"background-color:rgba(0, 0, 0, 0);color:#0071a1\" class=\"has-inline-color\">D\u00e9cret gouvernemental n\u00b0 2020-310 du 15 mai 2020<\/mark><\/strong>, relatif a la fixation des conditions, des modalit\u00e9s et des d\u00e9lais de simplification des proc\u00e9dures administratives, la r\u00e9duction des d\u00e9lais, l\u2019utilisation des moyens de communication modernes et l\u2019adoption de la transparence en ce qui concerne les relations des structures publiques avec les investisseurs et les entreprises \u00e9conomiques.<\/li>\n\n\n\n<li><strong><mark style=\"background-color:rgba(0, 0, 0, 0);color:#0071a1\" class=\"has-inline-color\">D\u00e9cret-loi du pr\u00e9sident du Gouvernement n\u00b0 2020-31 du 10 juin 2020<\/mark><\/strong>, relatif \u00e0 l\u2019\u00e9change \u00e9lectronique des donn\u00e9es entre les structures et leurs usagers et entre les structures elles-m\u00eames.<\/li>\n\n\n\n<li><strong><mark style=\"background-color:rgba(0, 0, 0, 0);color:#0071a1\" class=\"has-inline-color\">D\u00e9cret gouvernemental n\u00b0 2020-777 du 5 octobre 2020<\/mark><\/strong>, fixant les conditions, les modalit\u00e9s et les proc\u00e9dures d\u2019application du D\u00e9cret-loi du pr\u00e9sident du Gouvernement n\u00b0 2020- 31 du 10 juin 2020, relatif \u00e0 l\u2019\u00e9change \u00e9lectronique de donn\u00e9es entre les structures et leurs usagers et entre les structures elles-m\u00eames.<\/li>\n\n\n\n<li><strong><mark style=\"background-color:rgba(0, 0, 0, 0);color:#0071a1\" class=\"has-inline-color\">Circulaire n\u00b0 24 du 5 novembre 2020<\/mark><\/strong>, portant sur le renforcement des mesures de s\u00e9curit\u00e9 informatique dans les structures administratives.<\/li>\n\n\n\n<li><strong><mark style=\"background-color:rgba(0, 0, 0, 0);color:#0071a1\" class=\"has-inline-color\">Circulaire n\u00b013 du 21 juin 2021 <\/mark><\/strong>portant sur l\u2019utilisation du syst\u00e8me national de gestion \u00e9lectronique du courrier.<\/li>\n<\/ul>\n","protected":false},"excerpt":{"rendered":"<p>Pour mettre en place un programme de gestion des documents et des archives r\u00e9pondant aux exigences des textes l\u00e9gislatifs et r\u00e9glementaires, les minist\u00e8res et les organismes publics doivent se conformer aux textes suivants&nbsp;: En outre, il existe plusieurs textes juridiques et r\u00e9glementaires en relation avec le domaine des archives&nbsp;:&nbsp;<\/p>\n","protected":false},"author":1,"featured_media":0,"parent":0,"menu_order":0,"comment_status":"closed","ping_status":"closed","template":"","meta":{"_monsterinsights_skip_tracking":false,"_monsterinsights_sitenote_active":false,"_monsterinsights_sitenote_note":"","_monsterinsights_sitenote_category":0,"footnotes":""},"class_list":["post-978","page","type-page","status-publish","hentry"],"yoast_head":"<!-- This site is optimized with the Yoast SEO plugin v26.0 - https:\/\/yoast.com\/wordpress\/plugins\/seo\/ -->\n<title>Textes juridiques et r\u00e9glementaires relatifs aux archives - Archives Nationales de Tunisie<\/title>\n<meta name=\"robots\" content=\"index, follow, max-snippet:-1, max-image-preview:large, max-video-preview:-1\" \/>\n<link rel=\"canonical\" href=\"https:\/\/www.archives.nat.tn\/fr\/textes-juridiques-et-reglementaires-relatifs-aux-archives\/\" \/>\n<meta property=\"og:locale\" content=\"fr_FR\" \/>\n<meta property=\"og:type\" content=\"article\" \/>\n<meta property=\"og:title\" content=\"Textes juridiques et r\u00e9glementaires relatifs aux archives - Archives Nationales de Tunisie\" \/>\n<meta property=\"og:description\" content=\"Pour mettre en place un programme de gestion des documents et des archives r\u00e9pondant aux exigences des textes l\u00e9gislatifs et r\u00e9glementaires, les minist\u00e8res et les organismes publics doivent se conformer aux textes suivants&nbsp;: En outre, il existe plusieurs textes juridiques et r\u00e9glementaires en relation avec le domaine des archives&nbsp;:&nbsp;\" \/>\n<meta property=\"og:url\" content=\"https:\/\/www.archives.nat.tn\/fr\/textes-juridiques-et-reglementaires-relatifs-aux-archives\/\" \/>\n<meta property=\"og:site_name\" content=\"Archives Nationales de Tunisie\" \/>\n<meta property=\"article:modified_time\" content=\"2024-10-23T10:54:23+00:00\" \/>\n<meta name=\"twitter:card\" content=\"summary_large_image\" \/>\n<meta name=\"twitter:label1\" content=\"Dur\u00e9e de lecture estim\u00e9e\" \/>\n\t<meta name=\"twitter:data1\" content=\"5 minutes\" \/>\n<script type=\"application\/ld+json\" class=\"yoast-schema-graph\">{\"@context\":\"https:\/\/schema.org\",\"@graph\":[{\"@type\":\"WebPage\",\"@id\":\"https:\/\/www.archives.nat.tn\/fr\/textes-juridiques-et-reglementaires-relatifs-aux-archives\/\",\"url\":\"https:\/\/www.archives.nat.tn\/fr\/textes-juridiques-et-reglementaires-relatifs-aux-archives\/\",\"name\":\"Textes juridiques et r\u00e9glementaires relatifs aux archives - Archives Nationales de Tunisie\",\"isPartOf\":{\"@id\":\"https:\/\/www.archives.nat.tn\/fr\/#website\"},\"datePublished\":\"2022-02-28T09:37:38+00:00\",\"dateModified\":\"2024-10-23T10:54:23+00:00\",\"breadcrumb\":{\"@id\":\"https:\/\/www.archives.nat.tn\/fr\/textes-juridiques-et-reglementaires-relatifs-aux-archives\/#breadcrumb\"},\"inLanguage\":\"fr-FR\",\"potentialAction\":[{\"@type\":\"ReadAction\",\"target\":[\"https:\/\/www.archives.nat.tn\/fr\/textes-juridiques-et-reglementaires-relatifs-aux-archives\/\"]}]},{\"@type\":\"BreadcrumbList\",\"@id\":\"https:\/\/www.archives.nat.tn\/fr\/textes-juridiques-et-reglementaires-relatifs-aux-archives\/#breadcrumb\",\"itemListElement\":[{\"@type\":\"ListItem\",\"position\":1,\"name\":\"Accueil\",\"item\":\"https:\/\/www.archives.nat.tn\/fr\/\"},{\"@type\":\"ListItem\",\"position\":2,\"name\":\"Textes juridiques et r\u00e9glementaires relatifs aux archives\"}]},{\"@type\":\"WebSite\",\"@id\":\"https:\/\/www.archives.nat.tn\/fr\/#website\",\"url\":\"https:\/\/www.archives.nat.tn\/fr\/\",\"name\":\"Archives Nationales de Tunisie\",\"description\":\"\",\"publisher\":{\"@id\":\"https:\/\/www.archives.nat.tn\/fr\/#organization\"},\"potentialAction\":[{\"@type\":\"SearchAction\",\"target\":{\"@type\":\"EntryPoint\",\"urlTemplate\":\"https:\/\/www.archives.nat.tn\/fr\/?s={search_term_string}\"},\"query-input\":{\"@type\":\"PropertyValueSpecification\",\"valueRequired\":true,\"valueName\":\"search_term_string\"}}],\"inLanguage\":\"fr-FR\"},{\"@type\":\"Organization\",\"@id\":\"https:\/\/www.archives.nat.tn\/fr\/#organization\",\"name\":\"Les Archives Nationales de Tunisie\",\"url\":\"https:\/\/www.archives.nat.tn\/fr\/\",\"logo\":{\"@type\":\"ImageObject\",\"inLanguage\":\"fr-FR\",\"@id\":\"https:\/\/www.archives.nat.tn\/fr\/#\/schema\/logo\/image\/\",\"url\":\"http:\/\/www.archives.nat.tn\/wp-content\/uploads\/2022\/07\/logo-ant.png\",\"contentUrl\":\"http:\/\/www.archives.nat.tn\/wp-content\/uploads\/2022\/07\/logo-ant.png\",\"width\":1719,\"height\":1239,\"caption\":\"Les Archives Nationales de Tunisie\"},\"image\":{\"@id\":\"https:\/\/www.archives.nat.tn\/fr\/#\/schema\/logo\/image\/\"}}]}<\/script>\n<!-- \/ Yoast SEO plugin. -->","yoast_head_json":{"title":"Textes juridiques et r\u00e9glementaires relatifs aux archives - Archives Nationales de Tunisie","robots":{"index":"index","follow":"follow","max-snippet":"max-snippet:-1","max-image-preview":"max-image-preview:large","max-video-preview":"max-video-preview:-1"},"canonical":"https:\/\/www.archives.nat.tn\/fr\/textes-juridiques-et-reglementaires-relatifs-aux-archives\/","og_locale":"fr_FR","og_type":"article","og_title":"Textes juridiques et r\u00e9glementaires relatifs aux archives - Archives Nationales de Tunisie","og_description":"Pour mettre en place un programme de gestion des documents et des archives r\u00e9pondant aux exigences des textes l\u00e9gislatifs et r\u00e9glementaires, les minist\u00e8res et les organismes publics doivent se conformer aux textes suivants&nbsp;: En outre, il existe plusieurs textes juridiques et r\u00e9glementaires en relation avec le domaine des archives&nbsp;:&nbsp;","og_url":"https:\/\/www.archives.nat.tn\/fr\/textes-juridiques-et-reglementaires-relatifs-aux-archives\/","og_site_name":"Archives Nationales de Tunisie","article_modified_time":"2024-10-23T10:54:23+00:00","twitter_card":"summary_large_image","twitter_misc":{"Dur\u00e9e de lecture estim\u00e9e":"5 minutes"},"schema":{"@context":"https:\/\/schema.org","@graph":[{"@type":"WebPage","@id":"https:\/\/www.archives.nat.tn\/fr\/textes-juridiques-et-reglementaires-relatifs-aux-archives\/","url":"https:\/\/www.archives.nat.tn\/fr\/textes-juridiques-et-reglementaires-relatifs-aux-archives\/","name":"Textes juridiques et r\u00e9glementaires relatifs aux archives - Archives Nationales de Tunisie","isPartOf":{"@id":"https:\/\/www.archives.nat.tn\/fr\/#website"},"datePublished":"2022-02-28T09:37:38+00:00","dateModified":"2024-10-23T10:54:23+00:00","breadcrumb":{"@id":"https:\/\/www.archives.nat.tn\/fr\/textes-juridiques-et-reglementaires-relatifs-aux-archives\/#breadcrumb"},"inLanguage":"fr-FR","potentialAction":[{"@type":"ReadAction","target":["https:\/\/www.archives.nat.tn\/fr\/textes-juridiques-et-reglementaires-relatifs-aux-archives\/"]}]},{"@type":"BreadcrumbList","@id":"https:\/\/www.archives.nat.tn\/fr\/textes-juridiques-et-reglementaires-relatifs-aux-archives\/#breadcrumb","itemListElement":[{"@type":"ListItem","position":1,"name":"Accueil","item":"https:\/\/www.archives.nat.tn\/fr\/"},{"@type":"ListItem","position":2,"name":"Textes juridiques et r\u00e9glementaires relatifs aux archives"}]},{"@type":"WebSite","@id":"https:\/\/www.archives.nat.tn\/fr\/#website","url":"https:\/\/www.archives.nat.tn\/fr\/","name":"Archives Nationales de Tunisie","description":"","publisher":{"@id":"https:\/\/www.archives.nat.tn\/fr\/#organization"},"potentialAction":[{"@type":"SearchAction","target":{"@type":"EntryPoint","urlTemplate":"https:\/\/www.archives.nat.tn\/fr\/?s={search_term_string}"},"query-input":{"@type":"PropertyValueSpecification","valueRequired":true,"valueName":"search_term_string"}}],"inLanguage":"fr-FR"},{"@type":"Organization","@id":"https:\/\/www.archives.nat.tn\/fr\/#organization","name":"Les Archives Nationales de Tunisie","url":"https:\/\/www.archives.nat.tn\/fr\/","logo":{"@type":"ImageObject","inLanguage":"fr-FR","@id":"https:\/\/www.archives.nat.tn\/fr\/#\/schema\/logo\/image\/","url":"http:\/\/www.archives.nat.tn\/wp-content\/uploads\/2022\/07\/logo-ant.png","contentUrl":"http:\/\/www.archives.nat.tn\/wp-content\/uploads\/2022\/07\/logo-ant.png","width":1719,"height":1239,"caption":"Les Archives Nationales de Tunisie"},"image":{"@id":"https:\/\/www.archives.nat.tn\/fr\/#\/schema\/logo\/image\/"}}]}},"_links":{"self":[{"href":"https:\/\/www.archives.nat.tn\/fr\/wp-json\/wp\/v2\/pages\/978","targetHints":{"allow":["GET"]}}],"collection":[{"href":"https:\/\/www.archives.nat.tn\/fr\/wp-json\/wp\/v2\/pages"}],"about":[{"href":"https:\/\/www.archives.nat.tn\/fr\/wp-json\/wp\/v2\/types\/page"}],"author":[{"embeddable":true,"href":"https:\/\/www.archives.nat.tn\/fr\/wp-json\/wp\/v2\/users\/1"}],"replies":[{"embeddable":true,"href":"https:\/\/www.archives.nat.tn\/fr\/wp-json\/wp\/v2\/comments?post=978"}],"version-history":[{"count":4,"href":"https:\/\/www.archives.nat.tn\/fr\/wp-json\/wp\/v2\/pages\/978\/revisions"}],"predecessor-version":[{"id":3538,"href":"https:\/\/www.archives.nat.tn\/fr\/wp-json\/wp\/v2\/pages\/978\/revisions\/3538"}],"wp:attachment":[{"href":"https:\/\/www.archives.nat.tn\/fr\/wp-json\/wp\/v2\/media?parent=978"}],"curies":[{"name":"wp","href":"https:\/\/api.w.org\/{rel}","templated":true}]}}