{"id":980,"date":"2022-02-28T11:12:14","date_gmt":"2022-02-28T10:12:14","guid":{"rendered":"http:\/\/www.archives.nat.tn\/?page_id=980"},"modified":"2022-09-16T14:30:15","modified_gmt":"2022-09-16T13:30:15","slug":"formation-et-perfectionnement","status":"publish","type":"page","link":"https:\/\/www.archives.nat.tn\/fr\/formation-et-perfectionnement\/","title":{"rendered":"Formation et perfectionnement"},"content":{"rendered":"<div class=\"wp-block-image is-style-default\">\n<figure class=\"alignleft size-full is-resized\"><img loading=\"lazy\" decoding=\"async\" src=\"http:\/\/www.archives.nat.tn\/wp-content\/uploads\/2022\/02\/training.jpg\" alt=\"\" class=\"wp-image-981\" width=\"357\" height=\"158\" srcset=\"https:\/\/www.archives.nat.tn\/wp-content\/uploads\/2022\/02\/training.jpg 544w, https:\/\/www.archives.nat.tn\/wp-content\/uploads\/2022\/02\/training-300x132.jpg 300w\" sizes=\"auto, (max-width: 357px) 100vw, 357px\" \/><\/figure><\/div>\n\n\n<p>En application des exigences du syst\u00e8me national de gestion des documents et d\u2019archives, les Archives Nationales \u00e9laborent annuellement un programme de formation de six sessions en moyenne, au profit des sp\u00e9cialistes du m\u00e9tier dans les minist\u00e8res et les structures publiques.<br>Ce programme vise \u00e0 r\u00e9pondre \u00e0 leurs besoins, et \u00e0 leur permettre de d\u00e9velopper leurs performances, notamment en se familiarisant avec les technologies et les applications modernes dans ce domaine.<\/p>\n\n\n<div class=\"wp-block-image is-style-default\">\n<figure class=\"alignright size-full is-resized\"><img loading=\"lazy\" decoding=\"async\" src=\"http:\/\/www.archives.nat.tn\/wp-content\/uploads\/2022\/02\/training2.jpg\" alt=\"\" class=\"wp-image-984\" width=\"331\" height=\"213\" srcset=\"https:\/\/www.archives.nat.tn\/wp-content\/uploads\/2022\/02\/training2.jpg 373w, https:\/\/www.archives.nat.tn\/wp-content\/uploads\/2022\/02\/training2-300x193.jpg 300w\" sizes=\"auto, (max-width: 331px) 100vw, 331px\" \/><\/figure><\/div>\n\n\n<p>Pour l\u2019ann\u00e9e en cours, ces sessions portent sur les th\u00e8mes suivants :<br>&#8211; La gestion \u00e9lectronique des documents.<br>&#8211; l&#8217;archivage \u00e9lectronique.<br>&#8211; les normes internationales relatives aux locaux de conservation des archives.<br>&#8211; la mani\u00e8re d&#8217;agir en cas d&#8217;urgence, en se basant sur les exp\u00e9riences de certains minist\u00e8res et structures publiques.<\/p>\n\n\n\n<p>Les Archives Nationales, organisent aussi dans le cadre de la coop\u00e9ration internationale, des sessions de formation pour les sp\u00e9cialistes de la gestion des documents et d\u2019archives des pays fr\u00e8res et amis.<\/p>\n\n\n\n<p><\/p>\n\n\n\n<p><\/p>\n","protected":false},"excerpt":{"rendered":"<p>En application des exigences du syst\u00e8me national de gestion des documents et d\u2019archives, les Archives Nationales \u00e9laborent annuellement un programme de formation de six sessions en moyenne, au profit des sp\u00e9cialistes du m\u00e9tier dans les minist\u00e8res et les structures publiques.Ce programme vise \u00e0 r\u00e9pondre \u00e0 leurs besoins, et \u00e0 leur permettre de d\u00e9velopper leurs performances, [&hellip;]<\/p>\n","protected":false},"author":1,"featured_media":0,"parent":0,"menu_order":0,"comment_status":"closed","ping_status":"closed","template":"","meta":{"_monsterinsights_skip_tracking":false,"_monsterinsights_sitenote_active":false,"_monsterinsights_sitenote_note":"","_monsterinsights_sitenote_category":0,"footnotes":""},"class_list":["post-980","page","type-page","status-publish","hentry"],"yoast_head":"<!-- This site is optimized with the Yoast SEO plugin v26.0 - https:\/\/yoast.com\/wordpress\/plugins\/seo\/ -->\n<title>Formation et perfectionnement - Archives Nationales de Tunisie<\/title>\n<meta name=\"robots\" content=\"index, follow, max-snippet:-1, max-image-preview:large, max-video-preview:-1\" \/>\n<link rel=\"canonical\" href=\"https:\/\/www.archives.nat.tn\/fr\/formation-et-perfectionnement\/\" \/>\n<meta property=\"og:locale\" content=\"fr_FR\" \/>\n<meta property=\"og:type\" content=\"article\" \/>\n<meta property=\"og:title\" content=\"Formation et perfectionnement - Archives Nationales de Tunisie\" \/>\n<meta property=\"og:description\" content=\"En application des exigences du syst\u00e8me national de gestion des documents et d\u2019archives, les Archives Nationales \u00e9laborent annuellement un programme de formation de six sessions en moyenne, au profit des sp\u00e9cialistes du m\u00e9tier dans les minist\u00e8res et les structures publiques.Ce programme vise \u00e0 r\u00e9pondre \u00e0 leurs besoins, et \u00e0 leur permettre de d\u00e9velopper leurs performances, [&hellip;]\" \/>\n<meta property=\"og:url\" content=\"https:\/\/www.archives.nat.tn\/fr\/formation-et-perfectionnement\/\" \/>\n<meta property=\"og:site_name\" content=\"Archives Nationales de Tunisie\" \/>\n<meta property=\"article:modified_time\" content=\"2022-09-16T13:30:15+00:00\" \/>\n<meta property=\"og:image\" content=\"http:\/\/www.archives.nat.tn\/wp-content\/uploads\/2022\/02\/training.jpg\" \/>\n<meta name=\"twitter:card\" content=\"summary_large_image\" \/>\n<meta name=\"twitter:label1\" content=\"Dur\u00e9e de lecture estim\u00e9e\" \/>\n\t<meta name=\"twitter:data1\" content=\"2 minutes\" \/>\n<script type=\"application\/ld+json\" class=\"yoast-schema-graph\">{\"@context\":\"https:\/\/schema.org\",\"@graph\":[{\"@type\":\"WebPage\",\"@id\":\"https:\/\/www.archives.nat.tn\/fr\/formation-et-perfectionnement\/\",\"url\":\"https:\/\/www.archives.nat.tn\/fr\/formation-et-perfectionnement\/\",\"name\":\"Formation et perfectionnement - Archives Nationales de Tunisie\",\"isPartOf\":{\"@id\":\"https:\/\/www.archives.nat.tn\/fr\/#website\"},\"primaryImageOfPage\":{\"@id\":\"https:\/\/www.archives.nat.tn\/fr\/formation-et-perfectionnement\/#primaryimage\"},\"image\":{\"@id\":\"https:\/\/www.archives.nat.tn\/fr\/formation-et-perfectionnement\/#primaryimage\"},\"thumbnailUrl\":\"http:\/\/www.archives.nat.tn\/wp-content\/uploads\/2022\/02\/training.jpg\",\"datePublished\":\"2022-02-28T10:12:14+00:00\",\"dateModified\":\"2022-09-16T13:30:15+00:00\",\"breadcrumb\":{\"@id\":\"https:\/\/www.archives.nat.tn\/fr\/formation-et-perfectionnement\/#breadcrumb\"},\"inLanguage\":\"fr-FR\",\"potentialAction\":[{\"@type\":\"ReadAction\",\"target\":[\"https:\/\/www.archives.nat.tn\/fr\/formation-et-perfectionnement\/\"]}]},{\"@type\":\"ImageObject\",\"inLanguage\":\"fr-FR\",\"@id\":\"https:\/\/www.archives.nat.tn\/fr\/formation-et-perfectionnement\/#primaryimage\",\"url\":\"http:\/\/www.archives.nat.tn\/wp-content\/uploads\/2022\/02\/training.jpg\",\"contentUrl\":\"http:\/\/www.archives.nat.tn\/wp-content\/uploads\/2022\/02\/training.jpg\"},{\"@type\":\"BreadcrumbList\",\"@id\":\"https:\/\/www.archives.nat.tn\/fr\/formation-et-perfectionnement\/#breadcrumb\",\"itemListElement\":[{\"@type\":\"ListItem\",\"position\":1,\"name\":\"Accueil\",\"item\":\"https:\/\/www.archives.nat.tn\/fr\/\"},{\"@type\":\"ListItem\",\"position\":2,\"name\":\"Formation et perfectionnement\"}]},{\"@type\":\"WebSite\",\"@id\":\"https:\/\/www.archives.nat.tn\/fr\/#website\",\"url\":\"https:\/\/www.archives.nat.tn\/fr\/\",\"name\":\"Archives Nationales de Tunisie\",\"description\":\"\",\"publisher\":{\"@id\":\"https:\/\/www.archives.nat.tn\/fr\/#organization\"},\"potentialAction\":[{\"@type\":\"SearchAction\",\"target\":{\"@type\":\"EntryPoint\",\"urlTemplate\":\"https:\/\/www.archives.nat.tn\/fr\/?s={search_term_string}\"},\"query-input\":{\"@type\":\"PropertyValueSpecification\",\"valueRequired\":true,\"valueName\":\"search_term_string\"}}],\"inLanguage\":\"fr-FR\"},{\"@type\":\"Organization\",\"@id\":\"https:\/\/www.archives.nat.tn\/fr\/#organization\",\"name\":\"Les Archives Nationales de Tunisie\",\"url\":\"https:\/\/www.archives.nat.tn\/fr\/\",\"logo\":{\"@type\":\"ImageObject\",\"inLanguage\":\"fr-FR\",\"@id\":\"https:\/\/www.archives.nat.tn\/fr\/#\/schema\/logo\/image\/\",\"url\":\"http:\/\/www.archives.nat.tn\/wp-content\/uploads\/2022\/07\/logo-ant.png\",\"contentUrl\":\"http:\/\/www.archives.nat.tn\/wp-content\/uploads\/2022\/07\/logo-ant.png\",\"width\":1719,\"height\":1239,\"caption\":\"Les Archives Nationales de Tunisie\"},\"image\":{\"@id\":\"https:\/\/www.archives.nat.tn\/fr\/#\/schema\/logo\/image\/\"}}]}<\/script>\n<!-- \/ Yoast SEO plugin. -->","yoast_head_json":{"title":"Formation et perfectionnement - Archives Nationales de Tunisie","robots":{"index":"index","follow":"follow","max-snippet":"max-snippet:-1","max-image-preview":"max-image-preview:large","max-video-preview":"max-video-preview:-1"},"canonical":"https:\/\/www.archives.nat.tn\/fr\/formation-et-perfectionnement\/","og_locale":"fr_FR","og_type":"article","og_title":"Formation et perfectionnement - Archives Nationales de Tunisie","og_description":"En application des exigences du syst\u00e8me national de gestion des documents et d\u2019archives, les Archives Nationales \u00e9laborent annuellement un programme de formation de six sessions en moyenne, au profit des sp\u00e9cialistes du m\u00e9tier dans les minist\u00e8res et les structures publiques.Ce programme vise \u00e0 r\u00e9pondre \u00e0 leurs besoins, et \u00e0 leur permettre de d\u00e9velopper leurs performances, [&hellip;]","og_url":"https:\/\/www.archives.nat.tn\/fr\/formation-et-perfectionnement\/","og_site_name":"Archives Nationales de Tunisie","article_modified_time":"2022-09-16T13:30:15+00:00","og_image":[{"url":"http:\/\/www.archives.nat.tn\/wp-content\/uploads\/2022\/02\/training.jpg","type":"","width":"","height":""}],"twitter_card":"summary_large_image","twitter_misc":{"Dur\u00e9e de lecture estim\u00e9e":"2 minutes"},"schema":{"@context":"https:\/\/schema.org","@graph":[{"@type":"WebPage","@id":"https:\/\/www.archives.nat.tn\/fr\/formation-et-perfectionnement\/","url":"https:\/\/www.archives.nat.tn\/fr\/formation-et-perfectionnement\/","name":"Formation et perfectionnement - Archives Nationales de Tunisie","isPartOf":{"@id":"https:\/\/www.archives.nat.tn\/fr\/#website"},"primaryImageOfPage":{"@id":"https:\/\/www.archives.nat.tn\/fr\/formation-et-perfectionnement\/#primaryimage"},"image":{"@id":"https:\/\/www.archives.nat.tn\/fr\/formation-et-perfectionnement\/#primaryimage"},"thumbnailUrl":"http:\/\/www.archives.nat.tn\/wp-content\/uploads\/2022\/02\/training.jpg","datePublished":"2022-02-28T10:12:14+00:00","dateModified":"2022-09-16T13:30:15+00:00","breadcrumb":{"@id":"https:\/\/www.archives.nat.tn\/fr\/formation-et-perfectionnement\/#breadcrumb"},"inLanguage":"fr-FR","potentialAction":[{"@type":"ReadAction","target":["https:\/\/www.archives.nat.tn\/fr\/formation-et-perfectionnement\/"]}]},{"@type":"ImageObject","inLanguage":"fr-FR","@id":"https:\/\/www.archives.nat.tn\/fr\/formation-et-perfectionnement\/#primaryimage","url":"http:\/\/www.archives.nat.tn\/wp-content\/uploads\/2022\/02\/training.jpg","contentUrl":"http:\/\/www.archives.nat.tn\/wp-content\/uploads\/2022\/02\/training.jpg"},{"@type":"BreadcrumbList","@id":"https:\/\/www.archives.nat.tn\/fr\/formation-et-perfectionnement\/#breadcrumb","itemListElement":[{"@type":"ListItem","position":1,"name":"Accueil","item":"https:\/\/www.archives.nat.tn\/fr\/"},{"@type":"ListItem","position":2,"name":"Formation et perfectionnement"}]},{"@type":"WebSite","@id":"https:\/\/www.archives.nat.tn\/fr\/#website","url":"https:\/\/www.archives.nat.tn\/fr\/","name":"Archives Nationales de Tunisie","description":"","publisher":{"@id":"https:\/\/www.archives.nat.tn\/fr\/#organization"},"potentialAction":[{"@type":"SearchAction","target":{"@type":"EntryPoint","urlTemplate":"https:\/\/www.archives.nat.tn\/fr\/?s={search_term_string}"},"query-input":{"@type":"PropertyValueSpecification","valueRequired":true,"valueName":"search_term_string"}}],"inLanguage":"fr-FR"},{"@type":"Organization","@id":"https:\/\/www.archives.nat.tn\/fr\/#organization","name":"Les Archives Nationales de Tunisie","url":"https:\/\/www.archives.nat.tn\/fr\/","logo":{"@type":"ImageObject","inLanguage":"fr-FR","@id":"https:\/\/www.archives.nat.tn\/fr\/#\/schema\/logo\/image\/","url":"http:\/\/www.archives.nat.tn\/wp-content\/uploads\/2022\/07\/logo-ant.png","contentUrl":"http:\/\/www.archives.nat.tn\/wp-content\/uploads\/2022\/07\/logo-ant.png","width":1719,"height":1239,"caption":"Les Archives Nationales de Tunisie"},"image":{"@id":"https:\/\/www.archives.nat.tn\/fr\/#\/schema\/logo\/image\/"}}]}},"_links":{"self":[{"href":"https:\/\/www.archives.nat.tn\/fr\/wp-json\/wp\/v2\/pages\/980","targetHints":{"allow":["GET"]}}],"collection":[{"href":"https:\/\/www.archives.nat.tn\/fr\/wp-json\/wp\/v2\/pages"}],"about":[{"href":"https:\/\/www.archives.nat.tn\/fr\/wp-json\/wp\/v2\/types\/page"}],"author":[{"embeddable":true,"href":"https:\/\/www.archives.nat.tn\/fr\/wp-json\/wp\/v2\/users\/1"}],"replies":[{"embeddable":true,"href":"https:\/\/www.archives.nat.tn\/fr\/wp-json\/wp\/v2\/comments?post=980"}],"version-history":[{"count":9,"href":"https:\/\/www.archives.nat.tn\/fr\/wp-json\/wp\/v2\/pages\/980\/revisions"}],"predecessor-version":[{"id":2247,"href":"https:\/\/www.archives.nat.tn\/fr\/wp-json\/wp\/v2\/pages\/980\/revisions\/2247"}],"wp:attachment":[{"href":"https:\/\/www.archives.nat.tn\/fr\/wp-json\/wp\/v2\/media?parent=980"}],"curies":[{"name":"wp","href":"https:\/\/api.w.org\/{rel}","templated":true}]}}