{"id":993,"date":"2022-02-28T12:02:06","date_gmt":"2022-02-28T11:02:06","guid":{"rendered":"http:\/\/www.archives.nat.tn\/?page_id=993"},"modified":"2026-04-13T20:13:29","modified_gmt":"2026-04-13T19:13:29","slug":"normes-et-standards","status":"publish","type":"page","link":"https:\/\/www.archives.nat.tn\/fr\/normes-et-standards\/","title":{"rendered":"Normes et standards"},"content":{"rendered":"<p>Normes appliqu\u00e9es dans la gestion des documents et des archives<\/p>\n<p>I-Les normes internationales de description archivistique :<br \/>\nISAD(G) (1994, r\u00e9vis\u00e9e en 2011) : Norme g\u00e9n\u00e9rale et internationale de description archivistique.<br \/>\nISAAR (CPF) (2004, r\u00e9vis\u00e9e en 2011) : Norme Internationale sur les notices d\u2019autorit\u00e9 utilis\u00e9es pour les Archives relatives aux collectivit\u00e9s, aux personnes ou aux familles.<br \/>\nISDF: (2007, r\u00e9vis\u00e9e en 2011) : Norme internationale pour la description des fonctions.<br \/>\nISDIAH (2008 , r\u00e9vis\u00e9e en 2011) : Norme internationale pour la description des institutions de conservation des archives.<br \/>\nII- Les normes du records management :<br \/>\nIso 15 489 (2001, r\u00e9vis\u00e9e en 2021) : records management : Gestion des documents d\u2019activit\u00e9.<br \/>\nISO 30300(2011, r\u00e9vis\u00e9e en2020) : Syst\u00e8mes de gestion des documents d\u2019activit\u00e9 \u2013 Principes essentiels et vocabulaire.<br \/>\nISO30301(2011,r\u00e9vis\u00e9e en2019)Syst\u00e8mes de gestion des documents d&#8217;activit\u00e9 \u2013 Exigences.<br \/>\nISO 30302(2015 r\u00e9vis\u00e9e en2022) Syst\u00e8mes de gestion des documents d&#8217;activit\u00e9 &#8211; Lignes directrices de mise en \u0153uvre.<br \/>\nISO30303 (2011 r\u00e9vis\u00e9e en 2022) Syst\u00e8mes de gestion des documents d&#8217;activit\u00e9- les exigences relatives aux organismes d\u2019audit et de certification.<br \/>\nISO 30304(2011 r\u00e9vis\u00e9e en2022) Syst\u00e8mes de gestion des documents d&#8217;activit\u00e9-guide d\u2019\u00e9valuation<br \/>\nIII- Les Normes de gestion de s\u00e9curit\u00e9 de l\u2019information<br \/>\nISO\/ IEC 27001 (2013 r\u00e9vis\u00e9e en2022) : Syst\u00e8mes de gestion de la s\u00e9curit\u00e9 de l&#8217;information &#8211; Exigences.<br \/>\nISO\/IEC 27002 (2013 r\u00e9vis\u00e9e en2022) : Techniques de s\u00e9curit\u00e9 -Code de bonnes pratiques pour la gestion de la s\u00e9curit\u00e9 de l&#8217;information.<br \/>\nISO\/IEC 27005 (2018 r\u00e9vis\u00e9e en2022) : Techniques de s\u00e9curit\u00e9 -Gestion du risque en s\u00e9curit\u00e9 de l&#8217;information.<\/p>\n<p>IV- Les Normes relatives aux m\u00e9tadonn\u00e9es :<br \/>\nISO 23081-1(2006 r\u00e9vis\u00e9e en2023) : Processus de gestion des documents d&#8217;activit\u00e9 &#8211; M\u00e9tadonn\u00e9es pour les documents d&#8217;activit\u00e9: Principes.<br \/>\nISO 23081-2(2009 r\u00e9vis\u00e9e en2021) : Processus de gestion des documents d&#8217;activit\u00e9 &#8211; M\u00e9tadonn\u00e9es pour les documents d&#8217;activit\u00e9: concepts et mise en \u0153uvre.<br \/>\nISO 23081-3( 2011):Processus de gestion des documents d&#8217;activit\u00e9 &#8211; M\u00e9tadonn\u00e9es pour les documents d&#8217;activit\u00e9 : M\u00e9thode d&#8217;auto-\u00e9valuation.<br \/>\nISO TR 26 122(2008) : Analyse des processus pour la gestion des informations et documents d&#8217;activit\u00e9.<br \/>\nISO 16175-1 (2010 r\u00e9vis\u00e9e en 2020):Processus et exigences fonctionnelles applicables aux logiciels de gestion des documents d&#8217;activit\u00e9: Exigences fonctionnelles et recommandations associ\u00e9es pour toute application de gestion de documents d\u2019activit\u00e9 num\u00e9riques<br \/>\nISO 16175-2 (2010 r\u00e9vis\u00e9e en 2020):Processus et exigences fonctionnelles applicables aux logiciels de gestion des documents d&#8217;activit\u00e9: Recommandations pour le choix, la conception, la mise en \u0153uvre et la maintenance des logiciels g\u00e9rant des documents d\u2019activit\u00e9.<br \/>\nISO 16175-3(2010) : Processus et exigences fonctionnelles applicables aux logiciels de gestion des documents d&#8217;activit\u00e9 : Lignes directrices et exigences fonctionnelles pour les enregistrements dans les syst\u00e8mes d&#8217;entreprise.<br \/>\nISO 18 128 (2014 r\u00e9vis\u00e9e en 2024) : Evaluation du risque pour les processus et syst\u00e8mes d&#8217;enregistrement.<br \/>\nISO 10006: (2003 , r\u00e9vis\u00e9e en 2017 ) :Lignes directrices pour le management de la qualit\u00e9 dans les projets.<br \/>\nISO\/IEC 27007:(2011 r\u00e9vis\u00e9e en 2020) : Lignes directrices pour l&#8217;audit des syst\u00e8mes de management de la s\u00e9curit\u00e9 de l&#8217;information.<br \/>\nV-Les normes de l&#8217;archivage \u00e9lectronique<br \/>\nOAIS (ISO 14721:2012) (2002, r\u00e9vis\u00e9e en 2012) : Syst\u00e8mes de transfert des informations et donn\u00e9es spatiales &#8211; Syst\u00e8me ouvert d&#8217;archivage d&#8217;information (SOAI) &#8211; Mod\u00e8le de r\u00e9f\u00e9rence<br \/>\nISO 19005-1 (2005, r\u00e9vis\u00e9e en 2011 et 2012) : Gestion de documents &#8211; Format de fichier des documents \u00e9lectroniques pour une conservation \u00e0 long terme &#8211; Partie 1: Utilisation du PDF 1.4 (PDF\/A-1)<br \/>\nISO 19005-2(2011, r\u00e9vis\u00e9e en 2022) : Gestion de documents &#8211; Format de fichier des documents \u00e9lectroniques pour une conservation \u00e0 long terme partie 2: Utilisation de l&#8217;ISO 32000-1 (PDF\/A-2).<br \/>\nISO 19005-3(2012, r\u00e9vis\u00e9e en 2023) : Gestion de documents &#8211; Format de fichier des documents \u00e9lectroniques pour une conservation \u00e0 long terme partie 3:Utilisation de l&#8217;ISO 32000-1 avec support de fichiers incorpor\u00e9s (PDF\/A-3).<br \/>\nISO 19005-4(2020) : Gestion de documents &#8211; Format de fichier des documents \u00e9lectroniques pour une conservation \u00e0 long terme partie 3:Utilisation de l&#8217;ISO 32000-2 avec support de fichiers incorpor\u00e9s (PDF\/A-4).<br \/>\nISO 14641(2018 r\u00e9vis\u00e9e en2024 ) : Archivage \u00e9lectronique &#8211; Conception et exploitation d&#8217;un syst\u00e8me informatique pour la conservation int\u00e8gre de documents \u00e9lectroniques -Sp\u00e9cifications<br \/>\nVI-Norme et le label des coffres-forts num\u00e9riques<br \/>\nNF Z 42 020 (2012 r\u00e9vis\u00e9e en 2025) : Sp\u00e9cifications fonctionnelles d&#8217;un composant Coffre-fort Num\u00e9rique destin\u00e9 \u00e0 la conservation d&#8217;informations num\u00e9riques dans des conditions de nature \u00e0 en garantir leur int\u00e9grit\u00e9 dans le temps.<br \/>\nVII- Norme des exigences pour le stockage des documents d&#8217;archives et de biblioth\u00e8ques<br \/>\nL&#8217;ISO 11799 (2003, r\u00e9vis\u00e9e en 2024) Exigences pour le stockage du mat\u00e9riel de biblioth\u00e8que et d\u2019archives.<\/p>\n","protected":false},"excerpt":{"rendered":"<p>Normes appliqu\u00e9es dans la gestion des documents et des archives I-Les normes internationales de description archivistique : ISAD(G) (1994, r\u00e9vis\u00e9e en 2011) : Norme g\u00e9n\u00e9rale et internationale de description archivistique. ISAAR (CPF) (2004, r\u00e9vis\u00e9e en 2011) : Norme Internationale sur les notices d\u2019autorit\u00e9 utilis\u00e9es pour les Archives relatives aux collectivit\u00e9s, aux personnes ou aux familles. [&hellip;]<\/p>\n","protected":false},"author":1,"featured_media":0,"parent":0,"menu_order":0,"comment_status":"closed","ping_status":"closed","template":"","meta":{"_monsterinsights_skip_tracking":false,"_monsterinsights_sitenote_active":false,"_monsterinsights_sitenote_note":"","_monsterinsights_sitenote_category":0,"footnotes":""},"class_list":["post-993","page","type-page","status-publish","hentry"],"yoast_head":"<!-- This site is optimized with the Yoast SEO plugin v26.0 - https:\/\/yoast.com\/wordpress\/plugins\/seo\/ -->\n<title>Normes et standards - Archives Nationales de Tunisie<\/title>\n<meta name=\"robots\" content=\"index, follow, max-snippet:-1, max-image-preview:large, max-video-preview:-1\" \/>\n<link rel=\"canonical\" href=\"https:\/\/www.archives.nat.tn\/fr\/normes-et-standards\/\" \/>\n<meta property=\"og:locale\" content=\"fr_FR\" \/>\n<meta property=\"og:type\" content=\"article\" \/>\n<meta property=\"og:title\" content=\"Normes et standards - Archives Nationales de Tunisie\" \/>\n<meta property=\"og:description\" content=\"Normes appliqu\u00e9es dans la gestion des documents et des archives I-Les normes internationales de description archivistique : ISAD(G) (1994, r\u00e9vis\u00e9e en 2011) : Norme g\u00e9n\u00e9rale et internationale de description archivistique. ISAAR (CPF) (2004, r\u00e9vis\u00e9e en 2011) : Norme Internationale sur les notices d\u2019autorit\u00e9 utilis\u00e9es pour les Archives relatives aux collectivit\u00e9s, aux personnes ou aux familles. [&hellip;]\" \/>\n<meta property=\"og:url\" content=\"https:\/\/www.archives.nat.tn\/fr\/normes-et-standards\/\" \/>\n<meta property=\"og:site_name\" content=\"Archives Nationales de Tunisie\" \/>\n<meta property=\"article:modified_time\" content=\"2026-04-13T19:13:29+00:00\" \/>\n<meta name=\"twitter:card\" content=\"summary_large_image\" \/>\n<meta name=\"twitter:label1\" content=\"Dur\u00e9e de lecture estim\u00e9e\" \/>\n\t<meta name=\"twitter:data1\" content=\"4 minutes\" \/>\n<script type=\"application\/ld+json\" class=\"yoast-schema-graph\">{\"@context\":\"https:\/\/schema.org\",\"@graph\":[{\"@type\":\"WebPage\",\"@id\":\"https:\/\/www.archives.nat.tn\/fr\/normes-et-standards\/\",\"url\":\"https:\/\/www.archives.nat.tn\/fr\/normes-et-standards\/\",\"name\":\"Normes et standards - Archives Nationales de Tunisie\",\"isPartOf\":{\"@id\":\"https:\/\/www.archives.nat.tn\/fr\/#website\"},\"datePublished\":\"2022-02-28T11:02:06+00:00\",\"dateModified\":\"2026-04-13T19:13:29+00:00\",\"breadcrumb\":{\"@id\":\"https:\/\/www.archives.nat.tn\/fr\/normes-et-standards\/#breadcrumb\"},\"inLanguage\":\"fr-FR\",\"potentialAction\":[{\"@type\":\"ReadAction\",\"target\":[\"https:\/\/www.archives.nat.tn\/fr\/normes-et-standards\/\"]}]},{\"@type\":\"BreadcrumbList\",\"@id\":\"https:\/\/www.archives.nat.tn\/fr\/normes-et-standards\/#breadcrumb\",\"itemListElement\":[{\"@type\":\"ListItem\",\"position\":1,\"name\":\"Accueil\",\"item\":\"https:\/\/www.archives.nat.tn\/fr\/\"},{\"@type\":\"ListItem\",\"position\":2,\"name\":\"Normes et standards\"}]},{\"@type\":\"WebSite\",\"@id\":\"https:\/\/www.archives.nat.tn\/fr\/#website\",\"url\":\"https:\/\/www.archives.nat.tn\/fr\/\",\"name\":\"Archives Nationales de Tunisie\",\"description\":\"\",\"publisher\":{\"@id\":\"https:\/\/www.archives.nat.tn\/fr\/#organization\"},\"potentialAction\":[{\"@type\":\"SearchAction\",\"target\":{\"@type\":\"EntryPoint\",\"urlTemplate\":\"https:\/\/www.archives.nat.tn\/fr\/?s={search_term_string}\"},\"query-input\":{\"@type\":\"PropertyValueSpecification\",\"valueRequired\":true,\"valueName\":\"search_term_string\"}}],\"inLanguage\":\"fr-FR\"},{\"@type\":\"Organization\",\"@id\":\"https:\/\/www.archives.nat.tn\/fr\/#organization\",\"name\":\"Les Archives Nationales de Tunisie\",\"url\":\"https:\/\/www.archives.nat.tn\/fr\/\",\"logo\":{\"@type\":\"ImageObject\",\"inLanguage\":\"fr-FR\",\"@id\":\"https:\/\/www.archives.nat.tn\/fr\/#\/schema\/logo\/image\/\",\"url\":\"http:\/\/www.archives.nat.tn\/wp-content\/uploads\/2022\/07\/logo-ant.png\",\"contentUrl\":\"http:\/\/www.archives.nat.tn\/wp-content\/uploads\/2022\/07\/logo-ant.png\",\"width\":1719,\"height\":1239,\"caption\":\"Les Archives Nationales de Tunisie\"},\"image\":{\"@id\":\"https:\/\/www.archives.nat.tn\/fr\/#\/schema\/logo\/image\/\"}}]}<\/script>\n<!-- \/ Yoast SEO plugin. -->","yoast_head_json":{"title":"Normes et standards - Archives Nationales de Tunisie","robots":{"index":"index","follow":"follow","max-snippet":"max-snippet:-1","max-image-preview":"max-image-preview:large","max-video-preview":"max-video-preview:-1"},"canonical":"https:\/\/www.archives.nat.tn\/fr\/normes-et-standards\/","og_locale":"fr_FR","og_type":"article","og_title":"Normes et standards - Archives Nationales de Tunisie","og_description":"Normes appliqu\u00e9es dans la gestion des documents et des archives I-Les normes internationales de description archivistique : ISAD(G) (1994, r\u00e9vis\u00e9e en 2011) : Norme g\u00e9n\u00e9rale et internationale de description archivistique. ISAAR (CPF) (2004, r\u00e9vis\u00e9e en 2011) : Norme Internationale sur les notices d\u2019autorit\u00e9 utilis\u00e9es pour les Archives relatives aux collectivit\u00e9s, aux personnes ou aux familles. [&hellip;]","og_url":"https:\/\/www.archives.nat.tn\/fr\/normes-et-standards\/","og_site_name":"Archives Nationales de Tunisie","article_modified_time":"2026-04-13T19:13:29+00:00","twitter_card":"summary_large_image","twitter_misc":{"Dur\u00e9e de lecture estim\u00e9e":"4 minutes"},"schema":{"@context":"https:\/\/schema.org","@graph":[{"@type":"WebPage","@id":"https:\/\/www.archives.nat.tn\/fr\/normes-et-standards\/","url":"https:\/\/www.archives.nat.tn\/fr\/normes-et-standards\/","name":"Normes et standards - Archives Nationales de Tunisie","isPartOf":{"@id":"https:\/\/www.archives.nat.tn\/fr\/#website"},"datePublished":"2022-02-28T11:02:06+00:00","dateModified":"2026-04-13T19:13:29+00:00","breadcrumb":{"@id":"https:\/\/www.archives.nat.tn\/fr\/normes-et-standards\/#breadcrumb"},"inLanguage":"fr-FR","potentialAction":[{"@type":"ReadAction","target":["https:\/\/www.archives.nat.tn\/fr\/normes-et-standards\/"]}]},{"@type":"BreadcrumbList","@id":"https:\/\/www.archives.nat.tn\/fr\/normes-et-standards\/#breadcrumb","itemListElement":[{"@type":"ListItem","position":1,"name":"Accueil","item":"https:\/\/www.archives.nat.tn\/fr\/"},{"@type":"ListItem","position":2,"name":"Normes et standards"}]},{"@type":"WebSite","@id":"https:\/\/www.archives.nat.tn\/fr\/#website","url":"https:\/\/www.archives.nat.tn\/fr\/","name":"Archives Nationales de Tunisie","description":"","publisher":{"@id":"https:\/\/www.archives.nat.tn\/fr\/#organization"},"potentialAction":[{"@type":"SearchAction","target":{"@type":"EntryPoint","urlTemplate":"https:\/\/www.archives.nat.tn\/fr\/?s={search_term_string}"},"query-input":{"@type":"PropertyValueSpecification","valueRequired":true,"valueName":"search_term_string"}}],"inLanguage":"fr-FR"},{"@type":"Organization","@id":"https:\/\/www.archives.nat.tn\/fr\/#organization","name":"Les Archives Nationales de Tunisie","url":"https:\/\/www.archives.nat.tn\/fr\/","logo":{"@type":"ImageObject","inLanguage":"fr-FR","@id":"https:\/\/www.archives.nat.tn\/fr\/#\/schema\/logo\/image\/","url":"http:\/\/www.archives.nat.tn\/wp-content\/uploads\/2022\/07\/logo-ant.png","contentUrl":"http:\/\/www.archives.nat.tn\/wp-content\/uploads\/2022\/07\/logo-ant.png","width":1719,"height":1239,"caption":"Les Archives Nationales de Tunisie"},"image":{"@id":"https:\/\/www.archives.nat.tn\/fr\/#\/schema\/logo\/image\/"}}]}},"_links":{"self":[{"href":"https:\/\/www.archives.nat.tn\/fr\/wp-json\/wp\/v2\/pages\/993","targetHints":{"allow":["GET"]}}],"collection":[{"href":"https:\/\/www.archives.nat.tn\/fr\/wp-json\/wp\/v2\/pages"}],"about":[{"href":"https:\/\/www.archives.nat.tn\/fr\/wp-json\/wp\/v2\/types\/page"}],"author":[{"embeddable":true,"href":"https:\/\/www.archives.nat.tn\/fr\/wp-json\/wp\/v2\/users\/1"}],"replies":[{"embeddable":true,"href":"https:\/\/www.archives.nat.tn\/fr\/wp-json\/wp\/v2\/comments?post=993"}],"version-history":[{"count":24,"href":"https:\/\/www.archives.nat.tn\/fr\/wp-json\/wp\/v2\/pages\/993\/revisions"}],"predecessor-version":[{"id":4155,"href":"https:\/\/www.archives.nat.tn\/fr\/wp-json\/wp\/v2\/pages\/993\/revisions\/4155"}],"wp:attachment":[{"href":"https:\/\/www.archives.nat.tn\/fr\/wp-json\/wp\/v2\/media?parent=993"}],"curies":[{"name":"wp","href":"https:\/\/api.w.org\/{rel}","templated":true}]}}